{"id":8980,"date":"2025-06-12T12:59:52","date_gmt":"2025-06-12T10:59:52","guid":{"rendered":"https:\/\/www.sondermuenze.ch\/?page_id=8980"},"modified":"2025-06-12T13:11:18","modified_gmt":"2025-06-12T11:11:18","slug":"moneta-argento-la-svizzera","status":"publish","type":"page","link":"https:\/\/www.sondermuenze.ch\/it\/moneta-argento-la-svizzera\/","title":{"rendered":"Moneta d\u2019argento La Svizzera"},"content":{"rendered":"<div class=\"wpb-content-wrapper\">[vc_row][vc_column]<div class=\"section__text section__text--lead section__text--center intro-animation intro-animation--bottom\"><h1>Moneta d\u2019argento La Svizzera<\/h1>\n<p>La moneta d&#8217;argento \u00abLa Svizzera\u00bb offre un&#8217;affascinante rappresentazione del nostro Paese in tutte le sue sfaccettature. Il design \u00e8 caratterizzato da un&#8217;attenzione ai dettagli, con numerosi simboli che rappresentano la diversit\u00e0 e l&#8217;unit\u00e0 della Svizzera.<\/p>\n<p>Il 12 settembre 1848, con la Costituzione federale, nacque la Svizzera moderna, uno Stato federale creato dalla fusione dei cantoni. Questa data \u00e8 onorata dall&#8217;emissione di questa moneta, che rende omaggio alla nostra struttura federale. Questa struttura \u00e8 fondamentale per la forza innovativa, il dialogo e la coesione nazionale della Svizzera.<\/p>\n<p>Questa moneta speciale simboleggia la Svizzera e tutti i suoi cantoni. Il dritto della moneta raffigura montagne che evocano le Alpi svizzere, una ferrovia in riferimento alla fitta rete ferroviaria, la stella alpina come fiore emblematico delle Alpi, un cristallo di quarzo che richiama la ricchezza mineraria delle Alpi e un ponte che simboleggia le infrastrutture tecniche. Le ruote dentate si riferiscono all&#8217;orologeria e il formaggio simboleggia la famosa tradizione casearia svizzera. Sul rovescio sono raffigurate le bandiere dei 26 cantoni.<\/p>\n<\/div>[vc_row_inner][vc_column_inner width=&#8221;2\/3&#8243;]<div class=\"section__text section__text--center intro-animation intro-animation--bottom\"><p>Valore nominale: 20 franchi svizzeri<br \/>\nLega: argento 999<br \/>\nDiametro: 33 mm<br \/>\nPeso: 20 g<br \/>\nData di emissione: 12.09.2024<\/p>\n<p><strong>Tiratura<\/strong><br \/>\nFondo specchio in astuccio: 4&#8217;800 pezzi<br \/>\nFondo specchio con certificato dell\u2019artista: 200 pezzi<br \/>\nNon messa in circolazione: 7&#8217;500 pezzi<\/p>\n<p><strong>Prezzo<\/strong><br \/>\nFondo specchio in astuccio: CHF 75.-<br \/>\nFondo specchio con certificato dell\u2019artista: CHF 90.-<br \/>\nNon messa in circolazione: CHF 25.-<\/p>\n<\/div>[\/vc_column_inner][vc_column_inner width=&#8221;1\/3&#8243;]<div class=\"section__image section__image--center intro-animation intro-animation--bottom\"><div class=\"picture_container\" style=\"width: 160px\"><picture><source media=\"(min-width: 768px)\" srcset=\"https:\/\/www.sondermuenze.ch\/wp-content\/uploads\/swissmint-soldat-schweiz-20fr-bs-620x620px-1.png\"><source media=\"(max-width: 767.98px)\" srcset=\"https:\/\/www.sondermuenze.ch\/wp-content\/uploads\/swissmint-soldat-schweiz-20fr-bs-620x620px-1.png\"><img decoding=\"async\" src=\"https:\/\/www.sondermuenze.ch\/wp-content\/uploads\/swissmint-soldat-schweiz-20fr-bs-620x620px-1.png\" alt=\"Moneta d\u2019argento Svizzera\" width=\"620\" height=\"620\" \/><\/picture><\/div><\/div><div class=\"section__image section__image--center intro-animation intro-animation--bottom\"><div class=\"picture_container\" style=\"width: 160px\"><picture><source media=\"(min-width: 768px)\" srcset=\"https:\/\/www.sondermuenze.ch\/wp-content\/uploads\/swissmint-soldat-schweiz-20fr-ws-620x620px.png\"><source media=\"(max-width: 767.98px)\" srcset=\"https:\/\/www.sondermuenze.ch\/wp-content\/uploads\/swissmint-soldat-schweiz-20fr-ws-620x620px.png\"><img decoding=\"async\" src=\"https:\/\/www.sondermuenze.ch\/wp-content\/uploads\/swissmint-soldat-schweiz-20fr-ws-620x620px.png\" alt=\"Moneta d\u2019argento Svizzera\" width=\"620\" height=\"620\" \/><\/picture><\/div><\/div>[\/vc_column_inner][\/vc_row_inner][\/vc_column][\/vc_row]<\/div>","protected":false},"excerpt":{"rendered":"[vc_row][vc_column][vc_row_inner][vc_column_inner width=&#8221;2\/3&#8243;][\/vc_column_inner][vc_column_inner width=&#8221;1\/3&#8243;][\/vc_column_inner][\/vc_row_inner][\/vc_column][\/vc_row]","protected":false},"author":3,"featured_media":0,"parent":0,"menu_order":79,"comment_status":"closed","ping_status":"closed","template":"","meta":{"_acf_changed":false,"footnotes":""},"class_list":["post-8980","page","type-page","status-publish","hentry"],"acf":[],"_links":{"self":[{"href":"https:\/\/www.sondermuenze.ch\/it\/wp-json\/wp\/v2\/pages\/8980","targetHints":{"allow":["GET"]}}],"collection":[{"href":"https:\/\/www.sondermuenze.ch\/it\/wp-json\/wp\/v2\/pages"}],"about":[{"href":"https:\/\/www.sondermuenze.ch\/it\/wp-json\/wp\/v2\/types\/page"}],"author":[{"embeddable":true,"href":"https:\/\/www.sondermuenze.ch\/it\/wp-json\/wp\/v2\/users\/3"}],"replies":[{"embeddable":true,"href":"https:\/\/www.sondermuenze.ch\/it\/wp-json\/wp\/v2\/comments?post=8980"}],"version-history":[{"count":1,"href":"https:\/\/www.sondermuenze.ch\/it\/wp-json\/wp\/v2\/pages\/8980\/revisions"}],"predecessor-version":[{"id":8993,"href":"https:\/\/www.sondermuenze.ch\/it\/wp-json\/wp\/v2\/pages\/8980\/revisions\/8993"}],"wp:attachment":[{"href":"https:\/\/www.sondermuenze.ch\/it\/wp-json\/wp\/v2\/media?parent=8980"}],"curies":[{"name":"wp","href":"https:\/\/api.w.org\/{rel}","templated":true}]}}