{"id":7695,"date":"2024-11-11T12:57:21","date_gmt":"2024-11-11T11:57:21","guid":{"rendered":"https:\/\/www.sondermuenze.ch\/?page_id=7695"},"modified":"2024-11-11T13:19:38","modified_gmt":"2024-11-11T12:19:38","slug":"moneta-dargento-mani-matter","status":"publish","type":"page","link":"https:\/\/www.sondermuenze.ch\/it\/moneta-dargento-mani-matter\/","title":{"rendered":"Moneta d\u2019argento \u00abMani Matter\u00bb"},"content":{"rendered":"<div class=\"wpb-content-wrapper\">[vc_row][vc_column]<div class=\"section__text section__text--lead section__text--center intro-animation intro-animation--bottom\"><h1>Moneta d\u2019argento \u00abMani Matter\u00bb<\/h1>\n<p>La moneta d\u2019argento \u00abMani Matter\u00bb \u00e8 a prima moneta di Swissmint realizzata in argento con un titolo di 999 millesimi e lanciata sotto il nuovo marchio \u00abEidgen\u00f6ssische Sonderm\u00fcnzen\u00bb. Hans Peter \u00abMani\u00bb Matter (* 4 agosto 1936, Herzogenbuchsee; \u2020 24 novembre 1972, Kilchberg ZH) fu un cantautore e giurista svizzero. Ispirato da Georges Brassens, all\u2019et\u00e0 di 13 anni inizi\u00f2 a scrivere, comporre e interpretare canzoni in dialetto bernese. La popolarit\u00e0 di Mani Matter e delle sue canzoni rimane intatta anche a distanza di 50 anni dalla sua morte.<\/p>\n<\/div>[vc_row_inner][vc_column_inner width=&#8221;2\/3&#8243;]<div class=\"section__text section__text--center intro-animation intro-animation--bottom\"><p>Valore nominale: 20 franchi svizzeri<br \/>\nLega: argento 999<br \/>\nDiametro: 33 mm<br \/>\nPeso: 20 g<br \/>\nData di emissione: 24.11.2022<\/p>\n<p><strong>Tiratura<\/strong><br \/>\nFondo specchio in astuccio: 3&#8217;050 pezzi<br \/>\nFondo specchio in astuccio con certificato dell\u2019artista: 250 pezzi<br \/>\nNon messa in circolazione: 11&#8217;000 pezzi<\/p>\n<p><strong>Prezzo<\/strong><br \/>\nFondo specchio in astuccio: CHF 79.-<br \/>\nFondo specchio in astuccio con certificato dell\u2019artista: CHF 90.-<br \/>\nNon messa in circolazione: CHF 30.-<\/p>\n<\/div>[\/vc_column_inner][vc_column_inner width=&#8221;1\/3&#8243;]<div class=\"section__image section__image--center intro-animation intro-animation--bottom\"><div class=\"picture_container\" style=\"width: 160px\"><picture><source media=\"(min-width: 768px)\" srcset=\"https:\/\/www.sondermuenze.ch\/wp-content\/uploads\/20er-mani-matter-silbermuenze-frontal-digital-bs-620x620px.png\"><source media=\"(max-width: 767.98px)\" srcset=\"https:\/\/www.sondermuenze.ch\/wp-content\/uploads\/20er-mani-matter-silbermuenze-frontal-digital-bs-620x620px.png\"><img decoding=\"async\" src=\"https:\/\/www.sondermuenze.ch\/wp-content\/uploads\/20er-mani-matter-silbermuenze-frontal-digital-bs-620x620px.png\" alt=\"Moneta d\u2019argento \u00abMani Matter\u00bb\" width=\"620\" height=\"620\" \/><\/picture><\/div><\/div><div class=\"section__image section__image--center intro-animation intro-animation--bottom\"><div class=\"picture_container\" style=\"width: 160px\"><picture><source media=\"(min-width: 768px)\" srcset=\"https:\/\/www.sondermuenze.ch\/wp-content\/uploads\/20er-mani-matter-silbermuenze-frontal-digital-ws-620x620px.png\"><source media=\"(max-width: 767.98px)\" srcset=\"https:\/\/www.sondermuenze.ch\/wp-content\/uploads\/20er-mani-matter-silbermuenze-frontal-digital-ws-620x620px.png\"><img decoding=\"async\" src=\"https:\/\/www.sondermuenze.ch\/wp-content\/uploads\/20er-mani-matter-silbermuenze-frontal-digital-ws-620x620px.png\" alt=\"Moneta d\u2019argento \u00abMani Matter\u00bb\" width=\"620\" height=\"620\" \/><\/picture><\/div><\/div>[\/vc_column_inner][\/vc_row_inner][\/vc_column][\/vc_row]<\/div>","protected":false},"excerpt":{"rendered":"[vc_row][vc_column][vc_row_inner][vc_column_inner width=&#8221;2\/3&#8243;][\/vc_column_inner][vc_column_inner width=&#8221;1\/3&#8243;][\/vc_column_inner][\/vc_row_inner][\/vc_column][\/vc_row]","protected":false},"author":3,"featured_media":0,"parent":0,"menu_order":97,"comment_status":"closed","ping_status":"closed","template":"","meta":{"_acf_changed":false,"footnotes":""},"class_list":["post-7695","page","type-page","status-publish","hentry"],"acf":[],"_links":{"self":[{"href":"https:\/\/www.sondermuenze.ch\/it\/wp-json\/wp\/v2\/pages\/7695","targetHints":{"allow":["GET"]}}],"collection":[{"href":"https:\/\/www.sondermuenze.ch\/it\/wp-json\/wp\/v2\/pages"}],"about":[{"href":"https:\/\/www.sondermuenze.ch\/it\/wp-json\/wp\/v2\/types\/page"}],"author":[{"embeddable":true,"href":"https:\/\/www.sondermuenze.ch\/it\/wp-json\/wp\/v2\/users\/3"}],"replies":[{"embeddable":true,"href":"https:\/\/www.sondermuenze.ch\/it\/wp-json\/wp\/v2\/comments?post=7695"}],"version-history":[{"count":1,"href":"https:\/\/www.sondermuenze.ch\/it\/wp-json\/wp\/v2\/pages\/7695\/revisions"}],"predecessor-version":[{"id":7699,"href":"https:\/\/www.sondermuenze.ch\/it\/wp-json\/wp\/v2\/pages\/7695\/revisions\/7699"}],"wp:attachment":[{"href":"https:\/\/www.sondermuenze.ch\/it\/wp-json\/wp\/v2\/media?parent=7695"}],"curies":[{"name":"wp","href":"https:\/\/api.w.org\/{rel}","templated":true}]}}