{"id":7651,"date":"2024-11-08T14:59:39","date_gmt":"2024-11-08T13:59:39","guid":{"rendered":"https:\/\/www.sondermuenze.ch\/?page_id=7651"},"modified":"2024-11-08T14:55:57","modified_gmt":"2024-11-08T13:55:57","slug":"moneta-oro-25-franchi-2024","status":"publish","type":"page","link":"https:\/\/www.sondermuenze.ch\/it\/moneta-oro-25-franchi-2024\/","title":{"rendered":"Moneta d\u2019oro da 25 franchi 2024"},"content":{"rendered":"<div class=\"wpb-content-wrapper\">[vc_row][vc_column]<div class=\"section__text section__text--lead section__text--center intro-animation intro-animation--bottom\"><h1>Moneta d\u2019oro da 25 franchi 2024<\/h1>\n<p>La moneta d&#8217;oro da 25 franchi del 2024 segna un momento importante nella storia di Swissmint. Questa moneta, con il suo design raffinato, \u00e8 realizzata in qualit\u00e0 fondo specchio. Il dritto presenta la croce svizzera e il valore FR 25, accompagnato dalla legenda \u00abCONFOEDERATIO HELVETICA\u00bb &#8211; un omaggio alle classiche monete d&#8217;oro da 25 franchi del 1955, 1958 e 1959. Il rovescio presenta lo scudo svizzero con una croce formata da cinque quadrati uguali su rami di rododendro in fiore. L&#8217;iscrizione \u00abSWITZERLAND\u00bb compare in alto e l&#8217;anno 2024 in basso. Il disegno si ispira alla storica moneta d\u2019oro da 20 franchi del 1871 e porta un tocco di tradizione ai tempi moderni.<\/p>\n<p>Particolarmente degna di nota \u00e8 l&#8217;iscrizione \u00abDOMINUS PROVIDEBIT\u00bb e 13 stelle sul bordo, che la rende la prima delle moderne monete d&#8217;oro da 25 franchi. Questa iscrizione conferisce alla moneta un grande valore simbolico.<\/p>\n<p>Con questa moneta, Swissmint ha creato un prodotto esclusivo, una combinazione di passato e presente che non solo fa battere il cuore dei collezionisti. A partire dal 2026, la moneta d&#8217;oro da 25 franchi sar\u00e0 emessa ogni anno in qualit\u00e0 fior di conio e con lo stesso disegno, diventando cos\u00ec un oggetto duraturo per ogni collezionista di monete.<\/p>\n<p>Questo pezzo \u00e8 una testimonianza della storia svizzera da collezione che non pu\u00f2 essere ignorato. Un must per chi apprezza la tradizione e l&#8217;artigianalit\u00e0 di Swissmint.<\/p>\n<\/div>[vc_row_inner][vc_column_inner width=&#8221;2\/3&#8243;]<div class=\"section__text section__text--center intro-animation intro-animation--bottom\"><p>Valore nominale: 25 franchi svizzeri<br \/>\nLega: Oro 900<br \/>\nDiametro: 20 mm<br \/>\nPeso: 5,64 g<br \/>\nData di emissione: 01.11.2024<\/p>\n<p><strong>Tiratura<\/strong><br \/>\nFondo specchio in astuccio: 5&#8217;000 pezzi<\/p>\n<p><strong>Prezzo<\/strong><br \/>\nFondo specchio in astuccio: CHF 450.-<\/p>\n<\/div>[\/vc_column_inner][vc_column_inner width=&#8221;1\/3&#8243;]<div class=\"section__image section__image--center intro-animation intro-animation--bottom\"><div class=\"picture_container\" style=\"width: 160px\"><picture><source media=\"(min-width: 768px)\" srcset=\"https:\/\/www.sondermuenze.ch\/wp-content\/uploads\/swissmint-soldat-2024-25fr-bs-620x620px.png\"><source media=\"(max-width: 767.98px)\" srcset=\"https:\/\/www.sondermuenze.ch\/wp-content\/uploads\/swissmint-soldat-2024-25fr-bs-620x620px.png\"><img decoding=\"async\" src=\"https:\/\/www.sondermuenze.ch\/wp-content\/uploads\/swissmint-soldat-2024-25fr-bs-620x620px.png\" alt=\"Moneta d\u2019oro da 25 franchi 2024\" width=\"620\" height=\"620\" \/><\/picture><\/div><\/div><div class=\"section__image section__image--center intro-animation intro-animation--bottom\"><div class=\"picture_container\" style=\"width: 160px\"><picture><source media=\"(min-width: 768px)\" srcset=\"https:\/\/www.sondermuenze.ch\/wp-content\/uploads\/swissmint-soldat-2024-25fr-ws-620x620px.png\"><source media=\"(max-width: 767.98px)\" srcset=\"https:\/\/www.sondermuenze.ch\/wp-content\/uploads\/swissmint-soldat-2024-25fr-ws-620x620px.png\"><img decoding=\"async\" src=\"https:\/\/www.sondermuenze.ch\/wp-content\/uploads\/swissmint-soldat-2024-25fr-ws-620x620px.png\" alt=\"Moneta d\u2019oro da 25 franchi 2024\" width=\"620\" height=\"620\" \/><\/picture><\/div><\/div>[\/vc_column_inner][\/vc_row_inner][\/vc_column][\/vc_row]<\/div>","protected":false},"excerpt":{"rendered":"[vc_row][vc_column][vc_row_inner][vc_column_inner width=&#8221;2\/3&#8243;][\/vc_column_inner][vc_column_inner width=&#8221;1\/3&#8243;][\/vc_column_inner][\/vc_row_inner][\/vc_column][\/vc_row]","protected":false},"author":3,"featured_media":0,"parent":0,"menu_order":50,"comment_status":"closed","ping_status":"closed","template":"","meta":{"_acf_changed":false,"footnotes":""},"class_list":["post-7651","page","type-page","status-publish","hentry"],"acf":[],"_links":{"self":[{"href":"https:\/\/www.sondermuenze.ch\/it\/wp-json\/wp\/v2\/pages\/7651","targetHints":{"allow":["GET"]}}],"collection":[{"href":"https:\/\/www.sondermuenze.ch\/it\/wp-json\/wp\/v2\/pages"}],"about":[{"href":"https:\/\/www.sondermuenze.ch\/it\/wp-json\/wp\/v2\/types\/page"}],"author":[{"embeddable":true,"href":"https:\/\/www.sondermuenze.ch\/it\/wp-json\/wp\/v2\/users\/3"}],"replies":[{"embeddable":true,"href":"https:\/\/www.sondermuenze.ch\/it\/wp-json\/wp\/v2\/comments?post=7651"}],"version-history":[{"count":1,"href":"https:\/\/www.sondermuenze.ch\/it\/wp-json\/wp\/v2\/pages\/7651\/revisions"}],"predecessor-version":[{"id":7661,"href":"https:\/\/www.sondermuenze.ch\/it\/wp-json\/wp\/v2\/pages\/7651\/revisions\/7661"}],"wp:attachment":[{"href":"https:\/\/www.sondermuenze.ch\/it\/wp-json\/wp\/v2\/media?parent=7651"}],"curies":[{"name":"wp","href":"https:\/\/api.w.org\/{rel}","templated":true}]}}