{"id":6060,"date":"2024-05-06T10:54:04","date_gmt":"2024-05-06T08:54:04","guid":{"rendered":"https:\/\/www.sondermuenze.ch\/?page_id=6060"},"modified":"2024-05-29T08:46:04","modified_gmt":"2024-05-29T06:46:04","slug":"boutique","status":"publish","type":"page","link":"https:\/\/www.sondermuenze.ch\/it\/l-impresa\/boutique\/","title":{"rendered":"Boutique Swissmint"},"content":{"rendered":"<div class=\"wpb-content-wrapper\">[vc_row][vc_column]<div class=\"section__text section__text--lead section__text--center intro-animation intro-animation--bottom\"><h1>Boutique Swissmint<\/h1>\n<\/div><div class=\"section__text section__text--lead section__text--center intro-animation intro-animation--bottom\"><p>Un luogo unico dove la storia, l&#8217;arte numismatica e la\u00a0Zecca federale Swissmint prendono vita.<\/p>\n<\/div><div class=\"section__teaser_special\"><div class=\"teaser_special row_simple middle-xs \"><div class=\"teaser_special__media col-l-6 col-xs-12 intro-animation-mobile\"><div class=\"picture_container\"><picture><source srcset=\"https:\/\/www.sondermuenze.ch\/wp-content\/uploads\/boutique.jpg\"><img decoding=\"async\" src=\"https:\/\/www.sondermuenze.ch\/wp-content\/uploads\/boutique.jpg\" alt=\"Swissmint\" width=\"800\" height=\"800\"\/><\/picture><\/div><\/div><div class=\"teaser_special__content col-l-6 col-xs-12 intro-animation intro-animation--left\"><div class=\"teaser_special__content__inside\"><h2>Nel cuore di Berna<\/h2>\n<p>&nbsp;<\/p>\n<p>&nbsp;<\/p>\n<p>&nbsp;<\/p>\n<p>La boutique si trova nel cuore di Swissmint a Berna ed \u00e8 stata inaugurata nel marzo 2024. Qui vengono presentate e vendute le ultime monete speciali. Nel negozio \u00e8 esposta anche una collezione di vecchie monete speciali.<\/p>\n<p>Appena varcata la soglia, i visitatori si immergono nella storia della numismatica e delle monete svizzere. Le monete speciali esposte sono state disegnate dai nostri designer e raccontano una storia affascinante, legata alla cultura del nostro Paese, a personaggi famosi o a eventi importanti.<\/p>\n<\/div><\/div><\/div><\/div><div class=\"section__text section__text--center intro-animation intro-animation--bottom\"><h2>Un&#8217;entusiasmante esperienza interattiva<\/h2>\n<\/div><div class=\"section__text section__text--center intro-animation intro-animation--bottom\"><p>La particolarit\u00e0 della boutique Swissmint \u00e8 l&#8217;opportunit\u00e0 unica per i clienti di interagire con gli articoli esposti. Gli innovativi schermi tattili offrono un&#8217; eccitante esperienza interattiva. Su questi schermi i visitatori possono consultare informazioni su ogni moneta e scoprire ogni dettaglio delle monete speciali in modo divertente.<\/p>\n<\/div><div class=\"section__gallery\"><div class=\"gallery intro-animation intro-animation--bottom\"><div class=\"swiper swiper--gallery swiper--gallery1\"><div class=\"swiper-container\"><div class=\"swiper-wrapper\"><div class=\"swiper-slide gallery__img\"><div class=\"gallery__img__container\"><div class=\"picture_container\"><picture><source media=\"(min-width: 768px)\" srcset=\"https:\/\/www.sondermuenze.ch\/wp-content\/uploads\/swissmint-1104248333-1280x730.jpg\"><source media=\"(max-width: 767.98px)\" srcset=\"https:\/\/www.sondermuenze.ch\/wp-content\/uploads\/swissmint-1104248333-768x438.jpg\"><img decoding=\"async\" src=\"https:\/\/www.sondermuenze.ch\/wp-content\/uploads\/swissmint-1104248333-1280x730.jpg\" alt=\"Boutique Swissmint\" width=\"1280\" height=\"730\" \/><\/picture><\/div><\/div><span class=\"gallery__desc\"><\/span><\/div><div class=\"swiper-slide gallery__img\"><div class=\"gallery__img__container\"><div class=\"picture_container\"><picture><source media=\"(min-width: 768px)\" srcset=\"https:\/\/www.sondermuenze.ch\/wp-content\/uploads\/swissmint-1104248375-1280x730.jpg\"><source media=\"(max-width: 767.98px)\" srcset=\"https:\/\/www.sondermuenze.ch\/wp-content\/uploads\/swissmint-1104248375-768x438.jpg\"><img decoding=\"async\" src=\"https:\/\/www.sondermuenze.ch\/wp-content\/uploads\/swissmint-1104248375-1280x730.jpg\" alt=\"Boutique Swissmint\" width=\"1280\" height=\"730\" \/><\/picture><\/div><\/div><span class=\"gallery__desc\"><\/span><\/div><div class=\"swiper-slide gallery__img\"><div class=\"gallery__img__container\"><div class=\"picture_container\"><picture><source media=\"(min-width: 768px)\" srcset=\"https:\/\/www.sondermuenze.ch\/wp-content\/uploads\/swissmint-1104248443-1280x730.jpg\"><source media=\"(max-width: 767.98px)\" srcset=\"https:\/\/www.sondermuenze.ch\/wp-content\/uploads\/swissmint-1104248443-768x438.jpg\"><img decoding=\"async\" src=\"https:\/\/www.sondermuenze.ch\/wp-content\/uploads\/swissmint-1104248443-1280x730.jpg\" alt=\"Boutique Swissmint\" width=\"1280\" height=\"730\" \/><\/picture><\/div><\/div><span class=\"gallery__desc\"><\/span><\/div><div class=\"swiper-slide gallery__img\"><div class=\"gallery__img__container\"><div class=\"picture_container\"><picture><source media=\"(min-width: 768px)\" srcset=\"https:\/\/www.sondermuenze.ch\/wp-content\/uploads\/swissmint-1104248412-1280x730.jpg\"><source media=\"(max-width: 767.98px)\" srcset=\"https:\/\/www.sondermuenze.ch\/wp-content\/uploads\/swissmint-1104248412-768x438.jpg\"><img decoding=\"async\" src=\"https:\/\/www.sondermuenze.ch\/wp-content\/uploads\/swissmint-1104248412-1280x730.jpg\" alt=\"Boutique Swissmint\" width=\"1280\" height=\"730\" \/><\/picture><\/div><\/div><span class=\"gallery__desc\"><\/span><\/div><div class=\"swiper-slide gallery__img\"><div class=\"gallery__img__container\"><div class=\"picture_container\"><picture><source media=\"(min-width: 768px)\" srcset=\"https:\/\/www.sondermuenze.ch\/wp-content\/uploads\/swissmint-1104248418-1280x730.jpg\"><source media=\"(max-width: 767.98px)\" srcset=\"https:\/\/www.sondermuenze.ch\/wp-content\/uploads\/swissmint-1104248418-768x438.jpg\"><img decoding=\"async\" src=\"https:\/\/www.sondermuenze.ch\/wp-content\/uploads\/swissmint-1104248418-1280x730.jpg\" alt=\"Boutique Swissmint\" width=\"1280\" height=\"730\" \/><\/picture><\/div><\/div><span class=\"gallery__desc\"><\/span><\/div><div class=\"swiper-slide gallery__img\"><div class=\"gallery__img__container\"><div class=\"picture_container\"><picture><source media=\"(min-width: 768px)\" srcset=\"https:\/\/www.sondermuenze.ch\/wp-content\/uploads\/swissmint-1104248325-1280x730.jpg\"><source media=\"(max-width: 767.98px)\" srcset=\"https:\/\/www.sondermuenze.ch\/wp-content\/uploads\/swissmint-1104248325-768x438.jpg\"><img decoding=\"async\" src=\"https:\/\/www.sondermuenze.ch\/wp-content\/uploads\/swissmint-1104248325-1280x730.jpg\" alt=\"Boutique Swissmint\" width=\"1280\" height=\"730\" \/><\/picture><\/div><\/div><span class=\"gallery__desc\"><\/span><\/div><\/div><div class=\"swiper-pagination\"><\/div><\/div><div class=\"swiper-button swiper-button-prev\"><div class=\"swiper-button__container\"><div class=\"swiper-button__inside\"><svg class=\"icon icon--gallery-left icon--gallery-left--first icon--black\"><use href=\"#icon_gallery_left\"><\/use><\/svg><svg class=\"icon icon--gallery-left icon--gallery-left--second icon--black\"><use href=\"#icon_gallery_left\"><\/use><\/svg><\/div><\/div><\/div><div class=\"swiper-button swiper-button-next\"><div class=\"swiper-button__container\"><div class=\"swiper-button__inside\"><svg class=\"icon icon--gallery-right icon--gallery-right--second icon--black\"><use href=\"#icon_gallery_right\"><\/use><\/svg><svg class=\"icon icon--gallery-right icon--gallery-right--first icon--black\"><use href=\"#icon_gallery_right\"><\/use><\/svg><\/div><\/div><\/div><\/div><\/div><\/div><div class=\"section__text section__text--center intro-animation intro-animation--bottom\"><h2>Orari di apertura della boutique<\/h2>\n<\/div><div class=\"section__text section__text--center intro-animation intro-animation--bottom\"><p>La boutique \u00e8 attualmente aperta solo durante le visite guidate. Le visite guidate di Swissmint sono gratuite e aperte al pubblico. \u00c8 possibile registrarsi per una data proposta cliccando sul seguente link.<\/p>\n<\/div><div class=\"section__button section__button--center intro-animation intro-animation--bottom\"><div class=\"button button--arrow button--transparent\"><a href=\"https:\/\/www.sondermuenze.ch\/it\/l-impresa\/visita-guidata\/\" class=\"full\">Visita guidata<\/a><span><svg class=\"icon icon--arrow icon--arrow-left\"><use href=\"#icon_arrow\"><\/use><\/svg><span>Visita guidata<\/span><svg class=\"icon icon--arrow icon--arrow-right\"><use href=\"#icon_arrow\"><\/use><\/svg><\/span><\/div><\/div>[\/vc_column][\/vc_row]<\/div>","protected":false},"excerpt":{"rendered":"[vc_row][vc_column][\/vc_column][\/vc_row]","protected":false},"author":4,"featured_media":0,"parent":2540,"menu_order":134,"comment_status":"closed","ping_status":"closed","template":"","meta":{"_acf_changed":false,"footnotes":""},"class_list":["post-6060","page","type-page","status-publish","hentry"],"acf":[],"_links":{"self":[{"href":"https:\/\/www.sondermuenze.ch\/it\/wp-json\/wp\/v2\/pages\/6060","targetHints":{"allow":["GET"]}}],"collection":[{"href":"https:\/\/www.sondermuenze.ch\/it\/wp-json\/wp\/v2\/pages"}],"about":[{"href":"https:\/\/www.sondermuenze.ch\/it\/wp-json\/wp\/v2\/types\/page"}],"author":[{"embeddable":true,"href":"https:\/\/www.sondermuenze.ch\/it\/wp-json\/wp\/v2\/users\/4"}],"replies":[{"embeddable":true,"href":"https:\/\/www.sondermuenze.ch\/it\/wp-json\/wp\/v2\/comments?post=6060"}],"version-history":[{"count":6,"href":"https:\/\/www.sondermuenze.ch\/it\/wp-json\/wp\/v2\/pages\/6060\/revisions"}],"predecessor-version":[{"id":6188,"href":"https:\/\/www.sondermuenze.ch\/it\/wp-json\/wp\/v2\/pages\/6060\/revisions\/6188"}],"up":[{"embeddable":true,"href":"https:\/\/www.sondermuenze.ch\/it\/wp-json\/wp\/v2\/pages\/2540"}],"wp:attachment":[{"href":"https:\/\/www.sondermuenze.ch\/it\/wp-json\/wp\/v2\/media?parent=6060"}],"curies":[{"name":"wp","href":"https:\/\/api.w.org\/{rel}","templated":true}]}}