{"id":5662,"date":"2024-01-11T08:56:58","date_gmt":"2024-01-11T07:56:58","guid":{"rendered":"https:\/\/www.sondermuenze.ch\/swissmint-tour\/"},"modified":"2026-01-07T08:16:49","modified_gmt":"2026-01-07T07:16:49","slug":"visita-guidata","status":"publish","type":"page","link":"https:\/\/www.sondermuenze.ch\/it\/l-impresa\/visita-guidata\/","title":{"rendered":"Visita guidata"},"content":{"rendered":"<div class=\"wpb-content-wrapper\">[vc_row][vc_column]<div class=\"section__text section__text--lead section__text--center intro-animation intro-animation--bottom\"><h2>Visita guidata della Zecca Federale<\/h2>\n<p>Benvenuti da Swissmint &#8211; Dove storia e artigianato si incontrano per creare la straordinaria moneta svizzera! Siete pronti ad immergervi nel mondo affascinante della produzione della moneta svizzera? Unitevi a noi per un&#8217;esperienza coinvolgente nel cuore di Swissmint, la fabbrica che d\u00e0 vita alla moneta che circola nel nostro paese.<\/p>\n<\/div><div class=\"section__title section__title--center intro-animation intro-animation--bottom\"><h2 class=\"typography--h3\">Prenota una visita guidata a Swissmint<\/h2><\/div><div class=\"section__tours intro-animation intro-animation--bottom\"><script>\n  if (typeof hasAmeliaEvent === 'undefined') {\n    var hasAmeliaEvent = true;\n  }\n  if (typeof hasEventApiCall === 'undefined' && '' === '') {\n    var hasEventApiCall = true;\n  }\n  var hasEventShortcode = (typeof hasEventShortcode === 'undefined') ? false : true;\n  var bookingEntitiesIds = (typeof bookingEntitiesIds === 'undefined') ? [] : bookingEntitiesIds;\n  bookingEntitiesIds.push(\n    {\n      'hasApiCall': (typeof hasEventApiCall !== 'undefined') && hasEventApiCall,\n      'trigger': '',\n      'counter': '0',\n      'employee': '',\n      'eventId': '',\n      'eventRecurring': 0,\n      'eventTag': \"\"\n    }\n  );\n  var lazyBookingEntitiesIds = (typeof lazyBookingEntitiesIds === 'undefined') ? [] : lazyBookingEntitiesIds;\n  if (bookingEntitiesIds[bookingEntitiesIds.length - 1].trigger !== '') {\n    lazyBookingEntitiesIds.push(bookingEntitiesIds.pop());\n  }\n  if (typeof hasEventApiCall !== 'undefined' && hasEventApiCall) {\n    hasEventApiCall = false;\n  }\n<\/script>\n\n<div id=\"amelia-app-booking0\" class=\"amelia-service amelia-frontend amelia-app-booking\">\n    <events-calendar><\/events-calendar><\/div>\n<\/div><div class=\"section__teaser_special\"><div class=\"teaser_special row_simple reverse middle-xs \"><div class=\"teaser_special__media col-l-6 col-xs-12 intro-animation-mobile\"><div class=\"picture_container\"><picture><source srcset=\"https:\/\/www.sondermuenze.ch\/wp-content\/uploads\/swissmint-vorschaubild-960x850px-1.jpg\"><img decoding=\"async\" src=\"https:\/\/www.sondermuenze.ch\/wp-content\/uploads\/swissmint-vorschaubild-960x850px-1.jpg\" alt=\"Swissmint\" width=\"960\" height=\"850\"\/><\/picture><\/div><\/div><div class=\"teaser_special__content col-l-6 col-xs-12 intro-animation intro-animation--right\"><div class=\"teaser_special__content__inside\"><p><strong>Scoprite il segreto della moneta svizzera<\/strong><br \/>\nIl nostro tour guidato vi porter\u00e0 in un viaggio avvincente, dove avrete l&#8217;opportunit\u00e0 esclusiva di scoprire i segreti ben custoditi della produzione della moneta svizzera. Dalla progettazione artistica alla coniazione precisa, ogni fase del processo vi sar\u00e0 rivelata, svelando la storia e l&#8217;abilit\u00e0 straordinarie che fanno della moneta svizzera un simbolo di qualit\u00e0 e fiducia in tutto il mondo.<br \/>\n<strong>Prenotate ora il vostro posto<\/strong><br \/>\nI posti per le nostre visite guidate sono limitati, quindi assicuratevi subito il vostro posto. Che siate appassionati di storia, amanti dell&#8217;arte o semplicemente curiosi di scoprire i retroscena della moneta svizzera, questa esperienza \u00e8 pensata per voi.<\/p>\n<\/div><\/div><\/div><\/div>[vc_row_inner][vc_column_inner width=&#8221;1\/2&#8243;]<div class=\"section__image section__image--center intro-animation intro-animation--bottom\"><div class=\"picture_container\" style=\"width: 500px\"><picture><source media=\"(min-width: 768px)\" srcset=\"https:\/\/www.sondermuenze.ch\/wp-content\/uploads\/agenda-abo-fuer-sondermuentzen-960x850px.jpg\"><source media=\"(max-width: 767.98px)\" srcset=\"https:\/\/www.sondermuenze.ch\/wp-content\/uploads\/agenda-abo-fuer-sondermuentzen-960x850px-768x680.jpg\"><img decoding=\"async\" src=\"https:\/\/www.sondermuenze.ch\/wp-content\/uploads\/agenda-abo-fuer-sondermuentzen-960x850px.jpg\" alt=\"Swissmint\" width=\"960\" height=\"850\" \/><\/picture><\/div><\/div>[\/vc_column_inner][vc_column_inner width=&#8221;1\/2&#8243;]<div class=\"section__text section__text--center intro-animation intro-animation--bottom\"><p><strong>Accesso con i mezzi pubblici<\/strong>: prendere l&#8217;autobus 19 fino alla fermata di Berna, Aegertenstrasse.<br \/>\n<strong>Accesso in auto<\/strong>: nelle vicinanze sono disponibili parcheggi in zona blu.<br \/>\n<strong>Informazioni importanti per tutti i partecipanti<\/strong>: non dimenticate di portare un documento d&#8217;identit\u00e0 valido. I documenti saranno controllati all&#8217;ingresso della visita.<br \/>\nPurtroppo la visita a Swissmint non \u00e8 adatta alle persone con mobilit\u00e0 ridotta.<\/p>\n<\/div><div class=\"section__button intro-animation intro-animation--bottom\"><div class=\"button button--pdf\"><a href=\"https:\/\/www.sondermuenze.ch\/wp-content\/uploads\/Regole-di-accesso_IT.pdf\" target=\"_blank\"><svg class=\"icon icon--download icon--download--top icon--black\"><use href=\"#icon_download\"><\/use><\/svg><span>Regole di accesso<\/span><svg class=\"icon icon--download icon--download--bottom icon--black\"><use href=\"#icon_download\"><\/use><\/svg><\/a><\/div><\/div>[\/vc_column_inner][\/vc_row_inner][\/vc_column][\/vc_row]<\/div>","protected":false},"excerpt":{"rendered":"[vc_row][vc_column][vc_row_inner][vc_column_inner width=&#8221;1\/2&#8243;][\/vc_column_inner][vc_column_inner width=&#8221;1\/2&#8243;][\/vc_column_inner][\/vc_row_inner][\/vc_column][\/vc_row]","protected":false},"author":1,"featured_media":0,"parent":2540,"menu_order":129,"comment_status":"closed","ping_status":"closed","template":"","meta":{"_acf_changed":false,"footnotes":""},"class_list":["post-5662","page","type-page","status-publish","hentry"],"acf":[],"_links":{"self":[{"href":"https:\/\/www.sondermuenze.ch\/it\/wp-json\/wp\/v2\/pages\/5662","targetHints":{"allow":["GET"]}}],"collection":[{"href":"https:\/\/www.sondermuenze.ch\/it\/wp-json\/wp\/v2\/pages"}],"about":[{"href":"https:\/\/www.sondermuenze.ch\/it\/wp-json\/wp\/v2\/types\/page"}],"author":[{"embeddable":true,"href":"https:\/\/www.sondermuenze.ch\/it\/wp-json\/wp\/v2\/users\/1"}],"replies":[{"embeddable":true,"href":"https:\/\/www.sondermuenze.ch\/it\/wp-json\/wp\/v2\/comments?post=5662"}],"version-history":[{"count":23,"href":"https:\/\/www.sondermuenze.ch\/it\/wp-json\/wp\/v2\/pages\/5662\/revisions"}],"predecessor-version":[{"id":10511,"href":"https:\/\/www.sondermuenze.ch\/it\/wp-json\/wp\/v2\/pages\/5662\/revisions\/10511"}],"up":[{"embeddable":true,"href":"https:\/\/www.sondermuenze.ch\/it\/wp-json\/wp\/v2\/pages\/2540"}],"wp:attachment":[{"href":"https:\/\/www.sondermuenze.ch\/it\/wp-json\/wp\/v2\/media?parent=5662"}],"curies":[{"name":"wp","href":"https:\/\/api.w.org\/{rel}","templated":true}]}}