{"id":2339,"date":"2022-10-24T09:08:04","date_gmt":"2022-10-24T07:08:04","guid":{"rendered":"https:\/\/www.sondermuenze.ch\/impressum\/"},"modified":"2023-09-19T15:20:20","modified_gmt":"2023-09-19T13:20:20","slug":"impronta","status":"publish","type":"page","link":"https:\/\/www.sondermuenze.ch\/it\/impronta\/","title":{"rendered":"Impronta"},"content":{"rendered":"<div class=\"wpb-content-wrapper\">[vc_row][vc_column]<div class=\"section__text intro-animation intro-animation--bottom\"><h1>Impronta<\/h1>\n<p><strong>Contatto<\/strong><br \/>\nZecca federale Swissmint<br \/>\nBernastrasse 28<br>3003 Berne<br><br>Tel. <a href=\"tel:+41584800800\">+41 (0)58 4 800 800<\/a><br>Fax <span>+41 (0)58 462 60 07<\/span><br>E-mail <a href=\"mailto:info@swissmint.ch\" target=\"_blank\" rel=\"noopener\">info@swissmint.ch<\/a><\/p>\n<p><strong>Responsabilit\u00e0<\/strong><br \/>\nNonostante si presti grande attenzione all\u2019esattezza delle informazioni pubblicate su questo sito, le autorit\u00e0 federali declinano ogni responsabilit\u00e0 per la fedelt\u00e0, l\u2019esattezza, l\u2019attualit\u00e0, l\u2019affidabilit\u00e0 e la completezza di tali informazioni. Le autorit\u00e0 federali si riservano esplicitamente il diritto in qualsiasi momento di modificare parzialmente o completamente il contenuto del sito, di cancellarlo o di sospenderne temporaneamente la pubblicazione, senza alcun preavviso. Le autorit\u00e0 federali declinano ogni responsabilit\u00e0 per danni materiali o immateriali derivanti dall\u2019accesso alle informazioni diffuse, dall\u2019uso o dal mancato uso del sito, oppure che sono riconducibili a un malfunzionamento del collegamento o a disturbi tecnici del sito.<\/p>\n<p><strong>Rimandi e collegamenti<\/strong><br \/>\nRimandi e collegamenti a siti web di terzi non rientrano nella sfera di responsabilit\u00e0 delle autorit\u00e0 federali.L\u2019utente consulta e utilizza queste pagine web a proprio rischio. Le autorit\u00e0 federali dichiarano esplicitamente di non avere nessuna influenza sulla forma, il contenuto e le offerte delle pagine collegate. Le informazioni e i servizi offerti da queste pagine web sono interamente di responsabilit\u00e0 dei loro autori. Le autorit\u00e0 federali declinano ogni responsabilit\u00e0 per queste pagine web.<\/p>\n<p><strong>Diritti d&#8217;autore<\/strong><br \/>\nDiritti d\u2019autore: autorit\u00e0 della Confederazione Svizzera. Le informazioni contenute nei siti Web delle autorit\u00e0 federali sono messe a disposizione del pubblico. Lo scaricamento o la copia di testi, immagini, fotografie e altri dati non implicano il trasferimento dei diritti sui contenuti. I diritti d\u2019autore vincolati ai testi, alle immagini, alle fotografie e agli altri dati pubblicati sui siti Web delle autorit\u00e0 federali sono di loro propriet\u00e0 esclusiva o dei loro detentori espressamente menzionati. Ogni riproduzione \u00e8 subordinata all\u2019autorizzazione previa scritta del detentore dei diritti.<\/p>\n<p><strong>Website<\/strong><br \/>\nAugenweide Werbeagentur GmbH<br \/>\nAllmendweg 8<br \/>\nEingang 302a West<br \/>\n4528 Zuchwil<\/p>\n<p><a href=\"https:\/\/www.augenweide.swiss\" target=\"_blank\" rel=\"noopener\">www.augenweide.swiss<\/a><\/p>\n<\/div>[\/vc_column][\/vc_row]<\/div>","protected":false},"excerpt":{"rendered":"[vc_row][vc_column][\/vc_column][\/vc_row]","protected":false},"author":1,"featured_media":0,"parent":0,"menu_order":148,"comment_status":"closed","ping_status":"closed","template":"","meta":{"_acf_changed":false,"footnotes":""},"class_list":["post-2339","page","type-page","status-publish","hentry"],"acf":[],"_links":{"self":[{"href":"https:\/\/www.sondermuenze.ch\/it\/wp-json\/wp\/v2\/pages\/2339","targetHints":{"allow":["GET"]}}],"collection":[{"href":"https:\/\/www.sondermuenze.ch\/it\/wp-json\/wp\/v2\/pages"}],"about":[{"href":"https:\/\/www.sondermuenze.ch\/it\/wp-json\/wp\/v2\/types\/page"}],"author":[{"embeddable":true,"href":"https:\/\/www.sondermuenze.ch\/it\/wp-json\/wp\/v2\/users\/1"}],"replies":[{"embeddable":true,"href":"https:\/\/www.sondermuenze.ch\/it\/wp-json\/wp\/v2\/comments?post=2339"}],"version-history":[{"count":3,"href":"https:\/\/www.sondermuenze.ch\/it\/wp-json\/wp\/v2\/pages\/2339\/revisions"}],"predecessor-version":[{"id":3926,"href":"https:\/\/www.sondermuenze.ch\/it\/wp-json\/wp\/v2\/pages\/2339\/revisions\/3926"}],"wp:attachment":[{"href":"https:\/\/www.sondermuenze.ch\/it\/wp-json\/wp\/v2\/media?parent=2339"}],"curies":[{"name":"wp","href":"https:\/\/api.w.org\/{rel}","templated":true}]}}