{"id":10639,"date":"2026-03-27T09:24:01","date_gmt":"2026-03-27T08:24:01","guid":{"rendered":"https:\/\/www.sondermuenze.ch\/?page_id=10639"},"modified":"2026-03-27T10:30:29","modified_gmt":"2026-03-27T09:30:29","slug":"moneta-dargento-cabinovia-schilthorn","status":"publish","type":"page","link":"https:\/\/www.sondermuenze.ch\/it\/moneta-dargento-cabinovia-schilthorn\/","title":{"rendered":"Moneta d\u2019argento \u00abCabinovia Schilthorn\u00bb"},"content":{"rendered":"<div class=\"wpb-content-wrapper\">[vc_row][vc_column]<div class=\"section__text section__text--lead section__text--center intro-animation intro-animation--bottom\"><h1>Moneta d\u2019argento \u00abCabinovia Schilthorn\u00bb<\/h1>\n<p>La nuova moneta d&#8217;argento \u00abCabinovia Schilthorn\u00bb \u00e8 l\u2019ultima moneta della trilogia sul tema dedicata alle funivie svizzere.<\/p>\n<p><strong>In memoria della vecchia cabinovia dello Schilthorn<\/strong><br \/>\nIl progetto della funivia dello Schilthorn 20XX prevede una funivia a va e vieni tradizionale tra Stechelberg e M\u00fcrren. Una volta completata, la nuova funivia sar\u00e0 la pi\u00f9 ripida del mondo. Inoltre, il collegamento con lo Schilthorn sar\u00e0 la prima cabinovia funifor al mondo. Il sistema Funifor colpisce per l\u2019elevata stabilit\u00e0 in presenza di vento e consente una costruzione compatta per la stazione. Con la nuova moneta speciale cabinovia Schilthorn, vogliamo mantenere la vecchia cabinovia nella nostra memoria.<\/p>\n<p>Sul dritto sono raffigurati la vecchia cabinovia e il ristorante girevole dopo l&#8217;ultima trasformazione del 2017. Sul rovescio \u00e8 visibile lo Schilthorn. Un must per ogni collezionista e amante delle monete svizzere, dei film di James Bond e delle montagne svizzere. Viene mostrato anche il valore nominale di 20 franchi svizzeri.<\/p>\n<\/div>[vc_row_inner][vc_column_inner width=&#8221;2\/3&#8243;]<div class=\"section__text section__text--center intro-animation intro-animation--bottom\"><p>Valore nominale: 20 franchi svizzeri<br \/>\nLega: argento 999<br \/>\nDiametro: 33 mm<br \/>\nPeso: 20 g<br \/>\nData di emissione: 22.04.2024<\/p>\n<p><strong>Tiratura<\/strong><br \/>\nFondo specchio in astuccio: 3&#8217;300 pezzi<br \/>\nFondo specchio in astuccio con certificato dell\u2019artista: 200 pezzi<br \/>\nCofanetto Cabinovie, qualit\u00e0 normale: 500 pezzi<br \/>\nCofanetto Schilthorn 007, fondo specchio: 500 pezzi<br \/>\nNon messa in circolazione: 5&#8217;000 pezzi<\/p>\n<p><strong>Prezzo<\/strong><br \/>\nFondo specchio in astuccio: CHF 75.-<br \/>\nFondo specchio in astuccio con certificato dell\u2019artista: CHF 90.-<br \/>\nCofanetto Cabinovie, qualit\u00e0 normale: CHF 90.-<br \/>\nCofanetto Schilthorn 007, fondo specchio: CHF 150.-<br \/>\nNon messa in circolazione: CHF 25.-<\/p>\n<\/div>[\/vc_column_inner][vc_column_inner width=&#8221;1\/3&#8243;]<div class=\"section__image section__image--center intro-animation intro-animation--bottom\"><div class=\"picture_container\" style=\"width: 160px\"><picture><source media=\"(min-width: 768px)\" srcset=\"https:\/\/www.sondermuenze.ch\/wp-content\/uploads\/swissmint-sondermuenze-schilthorn-vs-960x960px.jpg\"><source media=\"(max-width: 767.98px)\" srcset=\"https:\/\/www.sondermuenze.ch\/wp-content\/uploads\/swissmint-sondermuenze-schilthorn-vs-960x960px-768x768.jpg\"><img decoding=\"async\" src=\"https:\/\/www.sondermuenze.ch\/wp-content\/uploads\/swissmint-sondermuenze-schilthorn-vs-960x960px.jpg\" alt=\"Moneta d\u2019argento \u00abCabinovia Schilthorn\u00bb\" width=\"960\" height=\"960\" \/><\/picture><\/div><\/div><div class=\"section__image section__image--center intro-animation intro-animation--bottom\"><div class=\"picture_container\" style=\"width: 160px\"><picture><source media=\"(min-width: 768px)\" srcset=\"https:\/\/www.sondermuenze.ch\/wp-content\/uploads\/swissmint-sondermuenze-schilthorn-rs-960x960px.jpg\"><source media=\"(max-width: 767.98px)\" srcset=\"https:\/\/www.sondermuenze.ch\/wp-content\/uploads\/swissmint-sondermuenze-schilthorn-rs-960x960px-768x768.jpg\"><img decoding=\"async\" src=\"https:\/\/www.sondermuenze.ch\/wp-content\/uploads\/swissmint-sondermuenze-schilthorn-rs-960x960px.jpg\" alt=\"Moneta d\u2019argento \u00abCabinovia Schilthorn\u00bb\" width=\"960\" height=\"960\" \/><\/picture><\/div><\/div>[\/vc_column_inner][\/vc_row_inner][\/vc_column][\/vc_row]<\/div>","protected":false},"excerpt":{"rendered":"[vc_row][vc_column][vc_row_inner][vc_column_inner width=&#8221;2\/3&#8243;][\/vc_column_inner][vc_column_inner width=&#8221;1\/3&#8243;][\/vc_column_inner][\/vc_row_inner][\/vc_column][\/vc_row]","protected":false},"author":4,"featured_media":0,"parent":0,"menu_order":4,"comment_status":"closed","ping_status":"closed","template":"","meta":{"_acf_changed":false,"footnotes":""},"class_list":["post-10639","page","type-page","status-publish","hentry"],"acf":[],"_links":{"self":[{"href":"https:\/\/www.sondermuenze.ch\/it\/wp-json\/wp\/v2\/pages\/10639","targetHints":{"allow":["GET"]}}],"collection":[{"href":"https:\/\/www.sondermuenze.ch\/it\/wp-json\/wp\/v2\/pages"}],"about":[{"href":"https:\/\/www.sondermuenze.ch\/it\/wp-json\/wp\/v2\/types\/page"}],"author":[{"embeddable":true,"href":"https:\/\/www.sondermuenze.ch\/it\/wp-json\/wp\/v2\/users\/4"}],"replies":[{"embeddable":true,"href":"https:\/\/www.sondermuenze.ch\/it\/wp-json\/wp\/v2\/comments?post=10639"}],"version-history":[{"count":2,"href":"https:\/\/www.sondermuenze.ch\/it\/wp-json\/wp\/v2\/pages\/10639\/revisions"}],"predecessor-version":[{"id":10662,"href":"https:\/\/www.sondermuenze.ch\/it\/wp-json\/wp\/v2\/pages\/10639\/revisions\/10662"}],"wp:attachment":[{"href":"https:\/\/www.sondermuenze.ch\/it\/wp-json\/wp\/v2\/media?parent=10639"}],"curies":[{"name":"wp","href":"https:\/\/api.w.org\/{rel}","templated":true}]}}