{"id":9771,"date":"2025-10-08T08:38:03","date_gmt":"2025-10-08T06:38:03","guid":{"rendered":"https:\/\/www.sondermuenze.ch\/?page_id=9771"},"modified":"2025-10-08T08:43:41","modified_gmt":"2025-10-08T06:43:41","slug":"piece-dargent-pionniers-aviation","status":"publish","type":"page","link":"https:\/\/www.sondermuenze.ch\/fr\/piece-dargent-pionniers-aviation\/","title":{"rendered":"Pi\u00e8ce d\u2019argent Pionniers de l\u2019aviation suisse"},"content":{"rendered":"<div class=\"wpb-content-wrapper\">[vc_row][vc_column]<div class=\"section__text section__text--lead section__text--center intro-animation intro-animation--bottom\"><h1>Pi\u00e8ce d\u2019argent Pionniers de l\u2019aviation suisse<\/h1>\n<p>L\u2019aviation appara\u00eet en Suisse \u00e0 la fin du 19e\u00a0si\u00e8cle, \u00e0 la faveur des vols en ballons. En 1897, dix ans apr\u00e8s l\u2019essor de l\u2019a\u00e9ronautique militaire en Europe, le Conseil f\u00e9d\u00e9ral d\u00e9cide de cr\u00e9er une compagnie suisse d\u2019a\u00e9rostiers. Auparavant, des pionniers tels qu\u2019Eduard Spelterini et les fr\u00e8res Piccard avaient d\u00e9j\u00e0 effectu\u00e9 de premiers essais de vols en ballons pour le compte de l\u2019arm\u00e9e. La Premi\u00e8re Guerre mondiale et le d\u00e9veloppement des forces a\u00e9riennes modernes rel\u00e8guent toutefois les ballons \u00e0 l\u2019arri\u00e8re-plan ; la compagnie d\u2019a\u00e9rostiers est finalement dissoute en 1937.<\/p>\n<p>La nouvelle s\u00e9rie de monnaies sp\u00e9ciales met en lumi\u00e8re un chapitre important de l\u2019histoire suisse et l\u2019immortalise dans l\u2019argent. La pi\u00e8ce de 20 francs \u00ab Pionniers de l\u2019aviation suisse \u00bb, qui retrace les d\u00e9buts de la conqu\u00eate du ciel en ballon \u00e0 air chaud, inaugure cette s\u00e9rie.<\/p>\n<p>Sur son avers figurent plusieurs ballons, dont les formes et les nacelles renvoient aux avanc\u00e9es techniques de chaque \u00e9poque. Cette repr\u00e9sentation symbolise non seulement le progr\u00e8s technologique, mais aussi la passion des pionniers suisses de l\u2019aviation. Les ballons s\u2019\u00e9l\u00e8vent dans le ciel au-dessus de la r\u00e9gion de Saanen, accompagn\u00e9s de l\u2019inscription en allemand \u00ab Pioniere der Schweizer Luftfahrt \u00bb ; les sommets de la Gummfluh, de la Videmanette et du Rubli se distinguent en arri\u00e8re-plan. Le revers de la pi\u00e8ce est orn\u00e9 d\u2019une pale d\u2019h\u00e9lice qui symbolise les progr\u00e8s techniques r\u00e9alis\u00e9s jusqu\u2019\u00e0 nos jours. Son pourtour est form\u00e9 par l\u2019inscription \u00ab CONFOEDERATIO HELVETICA 2025 \u00bb. La valeur nominale de 20 francs et la lettre \u00ab B \u00bb signifiant \u00ab Berne \u00bb compl\u00e8tent la composition.<\/p>\n<p>La monnaie sp\u00e9ciale \u00ab Pionniers de l\u2019aviation suisse \u00bb est en argent et p\u00e8se 20 g. Le tirage est de 3\u2019500 exemplaires en qualit\u00e9 \u00ab flan bruni \u00bb dans un \u00e9tui, ainsi que 7\u2019500 pi\u00e8ces en qualit\u00e9 \u00ab non mise en circulation \u00bb dans un blister.<\/p>\n<\/div>[vc_row_inner][vc_column_inner width=\u00a0\u00bb2\/3&Prime;]<div class=\"section__text section__text--center intro-animation intro-animation--bottom\"><p>Valeur nominale: 20 francs suisses<br \/>\nAlliage: argent 999<br \/>\nDiam\u00e8tre: 33 mm<br \/>\nPoids: 20 g<br \/>\nDate d&rsquo;\u00e9mission: 18.09.2025<\/p>\n<p><strong>Tirage<\/strong><br \/>\nFlan bruni: 3&rsquo;500 pi\u00e8ces<br \/>\nNon mises en circulation : 7&rsquo;500 pi\u00e8ces<\/p>\n<p><strong>Prix de vente<\/strong><br \/>\nFlan bruni: CHF 79.-<br \/>\nNon mises en circulation : CHF 25.-<\/p>\n<\/div>[\/vc_column_inner][vc_column_inner width=\u00a0\u00bb1\/3&Prime;]<div class=\"section__image section__image--center intro-animation intro-animation--bottom\"><div class=\"picture_container\" style=\"width: 160px\"><picture><source media=\"(min-width: 768px)\" srcset=\"https:\/\/www.sondermuenze.ch\/wp-content\/uploads\/swissmint-luftfahrt-20fr-bs-620x620px.png\"><source media=\"(max-width: 767.98px)\" srcset=\"https:\/\/www.sondermuenze.ch\/wp-content\/uploads\/swissmint-luftfahrt-20fr-bs-620x620px.png\"><img decoding=\"async\" src=\"https:\/\/www.sondermuenze.ch\/wp-content\/uploads\/swissmint-luftfahrt-20fr-bs-620x620px.png\" alt=\"Pi\u00e8ce d\u2019argent Pionniers de l\u2019aviation suisse\" width=\"620\" height=\"620\" \/><\/picture><\/div><\/div><div class=\"section__image section__image--center intro-animation intro-animation--bottom\"><div class=\"picture_container\" style=\"width: 160px\"><picture><source media=\"(min-width: 768px)\" srcset=\"https:\/\/www.sondermuenze.ch\/wp-content\/uploads\/swissmint-luftfahrt-20fr-ws-620x620px.png\"><source media=\"(max-width: 767.98px)\" srcset=\"https:\/\/www.sondermuenze.ch\/wp-content\/uploads\/swissmint-luftfahrt-20fr-ws-620x620px.png\"><img decoding=\"async\" src=\"https:\/\/www.sondermuenze.ch\/wp-content\/uploads\/swissmint-luftfahrt-20fr-ws-620x620px.png\" alt=\"Pi\u00e8ce d\u2019argent Pionniers de l\u2019aviation suisse\" width=\"620\" height=\"620\" \/><\/picture><\/div><\/div>[\/vc_column_inner][\/vc_row_inner][\/vc_column][\/vc_row]<\/div>","protected":false},"excerpt":{"rendered":"[vc_row][vc_column][vc_row_inner][vc_column_inner width=\u00a0\u00bb2\/3&Prime;][\/vc_column_inner][vc_column_inner width=\u00a0\u00bb1\/3&Prime;][\/vc_column_inner][\/vc_row_inner][\/vc_column][\/vc_row]","protected":false},"author":3,"featured_media":0,"parent":0,"menu_order":85,"comment_status":"closed","ping_status":"closed","template":"","meta":{"_acf_changed":false,"footnotes":""},"class_list":["post-9771","page","type-page","status-publish","hentry"],"acf":[],"_links":{"self":[{"href":"https:\/\/www.sondermuenze.ch\/fr\/wp-json\/wp\/v2\/pages\/9771","targetHints":{"allow":["GET"]}}],"collection":[{"href":"https:\/\/www.sondermuenze.ch\/fr\/wp-json\/wp\/v2\/pages"}],"about":[{"href":"https:\/\/www.sondermuenze.ch\/fr\/wp-json\/wp\/v2\/types\/page"}],"author":[{"embeddable":true,"href":"https:\/\/www.sondermuenze.ch\/fr\/wp-json\/wp\/v2\/users\/3"}],"replies":[{"embeddable":true,"href":"https:\/\/www.sondermuenze.ch\/fr\/wp-json\/wp\/v2\/comments?post=9771"}],"version-history":[{"count":1,"href":"https:\/\/www.sondermuenze.ch\/fr\/wp-json\/wp\/v2\/pages\/9771\/revisions"}],"predecessor-version":[{"id":9776,"href":"https:\/\/www.sondermuenze.ch\/fr\/wp-json\/wp\/v2\/pages\/9771\/revisions\/9776"}],"wp:attachment":[{"href":"https:\/\/www.sondermuenze.ch\/fr\/wp-json\/wp\/v2\/media?parent=9771"}],"curies":[{"name":"wp","href":"https:\/\/api.w.org\/{rel}","templated":true}]}}