{"id":9001,"date":"2025-06-12T13:23:43","date_gmt":"2025-06-12T11:23:43","guid":{"rendered":"https:\/\/www.sondermuenze.ch\/?page_id=9001"},"modified":"2025-06-12T13:23:43","modified_gmt":"2025-06-12T11:23:43","slug":"piece-argent-klein-matterhorn","status":"publish","type":"page","link":"https:\/\/www.sondermuenze.ch\/fr\/piece-argent-klein-matterhorn\/","title":{"rendered":"Pi\u00e8ce d\u2019argent T\u00e9l\u00e9cabine Klein Matterhorn"},"content":{"rendered":"<div class=\"wpb-content-wrapper\">[vc_row][vc_column]<div class=\"section__text section__text--lead section__text--center intro-animation intro-animation--bottom\"><h1>Pi\u00e8ce d\u2019argent T\u00e9l\u00e9cabine Klein Matterhorn<\/h1>\n<p>La pi\u00e8ce d&rsquo;argent \u00abT\u00e9l\u00e9cabine Klein Matterhorn\u00bb est la premi\u00e8re pi\u00e8ce de la trilogie consacr\u00e9e aux t\u00e9l\u00e9ph\u00e9riques suisses. Elle rend hommage \u00e0 un grand projet de Zermatt qui sera achev\u00e9 d\u2019ici l&rsquo;\u00e9t\u00e9 2023: avec la liaison continue toute l&rsquo;ann\u00e9e entre Zermatt et Cervinia (Italie) par le Matterhorn Alpine Crossing, une vision de longue date devient r\u00e9alit\u00e9 apr\u00e8s plus de 80 ans.<\/p>\n<\/div>[vc_row_inner][vc_column_inner width=\u00a0\u00bb2\/3&Prime;]<div class=\"section__text section__text--center intro-animation intro-animation--bottom\"><p>Valeur nominale: 20 francs suisses<br \/>\nAlliage: argent 999<br \/>\nDiam\u00e8tre: 33 mm<br \/>\nPoids: 20 g<br \/>\nDate d&rsquo;\u00e9mission: 21.03.2023<\/p>\n<p><strong>Tirage<\/strong><br \/>\nFlan bruni: 3&rsquo;050 pi\u00e8ces<br \/>\nFlan bruni avec certificat de l&rsquo;artiste: 200 pi\u00e8ces<br \/>\nNon mises en circulation : 11&rsquo;000 pi\u00e8ces<\/p>\n<p><strong>Prix de vente<\/strong><br \/>\nFlan bruni: CHF 75.-<br \/>\nFlan bruni avec certificat de l&rsquo;artiste: CHF 90.-<br \/>\nNon mises en circulation : CHF 25.-<\/p>\n<\/div>[\/vc_column_inner][vc_column_inner width=\u00a0\u00bb1\/3&Prime;]<div class=\"section__image section__image--center intro-animation intro-animation--bottom\"><div class=\"picture_container\" style=\"width: 160px\"><picture><source media=\"(min-width: 768px)\" srcset=\"https:\/\/www.sondermuenze.ch\/wp-content\/uploads\/swissmint-soldat-seilbahn-kl-matterhorn-bs.png\"><source media=\"(max-width: 767.98px)\" srcset=\"https:\/\/www.sondermuenze.ch\/wp-content\/uploads\/swissmint-soldat-seilbahn-kl-matterhorn-bs.png\"><img decoding=\"async\" src=\"https:\/\/www.sondermuenze.ch\/wp-content\/uploads\/swissmint-soldat-seilbahn-kl-matterhorn-bs.png\" alt=\"Pi\u00e8ce d\u2019argent Klein Matterhorn\" width=\"620\" height=\"620\" \/><\/picture><\/div><\/div><div class=\"section__image section__image--center intro-animation intro-animation--bottom\"><div class=\"picture_container\" style=\"width: 160px\"><picture><source media=\"(min-width: 768px)\" srcset=\"https:\/\/www.sondermuenze.ch\/wp-content\/uploads\/swissmint-soldat-seilbahn-kl-matterhorn-ws-1-1.png\"><source media=\"(max-width: 767.98px)\" srcset=\"https:\/\/www.sondermuenze.ch\/wp-content\/uploads\/swissmint-soldat-seilbahn-kl-matterhorn-ws-1-1.png\"><img decoding=\"async\" src=\"https:\/\/www.sondermuenze.ch\/wp-content\/uploads\/swissmint-soldat-seilbahn-kl-matterhorn-ws-1-1.png\" alt=\"Pi\u00e8ce d\u2019argent Klein Matterhorn\" width=\"620\" height=\"620\" \/><\/picture><\/div><\/div>[\/vc_column_inner][\/vc_row_inner][\/vc_column][\/vc_row]<\/div>","protected":false},"excerpt":{"rendered":"[vc_row][vc_column][vc_row_inner][vc_column_inner width=\u00a0\u00bb2\/3&Prime;][\/vc_column_inner][vc_column_inner width=\u00a0\u00bb1\/3&Prime;][\/vc_column_inner][\/vc_row_inner][\/vc_column][\/vc_row]","protected":false},"author":3,"featured_media":0,"parent":0,"menu_order":76,"comment_status":"closed","ping_status":"closed","template":"","meta":{"_acf_changed":false,"footnotes":""},"class_list":["post-9001","page","type-page","status-publish","hentry"],"acf":[],"_links":{"self":[{"href":"https:\/\/www.sondermuenze.ch\/fr\/wp-json\/wp\/v2\/pages\/9001","targetHints":{"allow":["GET"]}}],"collection":[{"href":"https:\/\/www.sondermuenze.ch\/fr\/wp-json\/wp\/v2\/pages"}],"about":[{"href":"https:\/\/www.sondermuenze.ch\/fr\/wp-json\/wp\/v2\/types\/page"}],"author":[{"embeddable":true,"href":"https:\/\/www.sondermuenze.ch\/fr\/wp-json\/wp\/v2\/users\/3"}],"replies":[{"embeddable":true,"href":"https:\/\/www.sondermuenze.ch\/fr\/wp-json\/wp\/v2\/comments?post=9001"}],"version-history":[{"count":1,"href":"https:\/\/www.sondermuenze.ch\/fr\/wp-json\/wp\/v2\/pages\/9001\/revisions"}],"predecessor-version":[{"id":9013,"href":"https:\/\/www.sondermuenze.ch\/fr\/wp-json\/wp\/v2\/pages\/9001\/revisions\/9013"}],"wp:attachment":[{"href":"https:\/\/www.sondermuenze.ch\/fr\/wp-json\/wp\/v2\/media?parent=9001"}],"curies":[{"name":"wp","href":"https:\/\/api.w.org\/{rel}","templated":true}]}}