{"id":8762,"date":"2025-02-13T09:33:22","date_gmt":"2025-02-13T08:33:22","guid":{"rendered":"https:\/\/www.sondermuenze.ch\/?page_id=8762"},"modified":"2025-05-27T08:24:57","modified_gmt":"2025-05-27T06:24:57","slug":"monnaie-speciale-glacier-rhone","status":"publish","type":"page","link":"https:\/\/www.sondermuenze.ch\/fr\/monnaie-speciale-glacier-rhone\/","title":{"rendered":"Monnaie sp\u00e9ciale Glacier du Rh\u00f4ne"},"content":{"rendered":"<div class=\"wpb-content-wrapper\">[vc_row][vc_column]<div class=\"section__text section__text--lead section__text--center intro-animation intro-animation--bottom\"><h1>Monnaie sp\u00e9ciale Glacier du Rh\u00f4ne<\/h1>\n<p>Le glacier du Rh\u00f4ne, long de 8 km et large de 2 km en moyenne au moment de la frappe de cette pi\u00e8ce, se situe \u00e0 l&rsquo;extr\u00e9mit\u00e9 nord-est du canton du Valais, dans la vall\u00e9e de Conches. Ce glacier de vall\u00e9e prend naissance sur le versant sud-ouest du massif du Dammastock, \u00e0 une altitude d&rsquo;environ 3\u2019600 m\u00e8tres. Les 2,5 premiers kilom\u00e8tres du glacier sont constitu\u00e9s d&rsquo;un n\u00e9v\u00e9, l&rsquo;Eggfirn, qui franchit un d\u00e9nivel\u00e9 de plus de 600 m\u00e8tres. Le glacier du Rh\u00f4ne est reli\u00e9 au glacier de Trift par un petit col \u00e0 une altitude de 3\u2019081 m\u00e8tres. La source du Rh\u00f4ne, fleuve qui se jette dans la M\u00e9diterran\u00e9e, se trouve \u00e9galement au glacier du Rh\u00f4ne. Le glacier est facilement accessible depuis le col de la Furka. La grotte de glace creus\u00e9e dans le glacier depuis 1870, qui permet de visiter l&rsquo;int\u00e9rieur du glacier, se trouve un peu en dessous du sommet du col de la Furka. Comme la plupart des glaciers alpins, le glacier du Rh\u00f4ne s&rsquo;est passablement retir\u00e9 au cours des derniers si\u00e8cles.<\/p>\n<p>Le glacier du Rh\u00f4ne est repr\u00e9sent\u00e9 sur l\u2019avers et la valeur nominale de 10 CHF figure sur le revers de la monnaie sp\u00e9ciale.<\/p>\n<\/div>[vc_row_inner][vc_column_inner width=\u00a0\u00bb2\/3&Prime;]<div class=\"section__text section__text--center intro-animation intro-animation--bottom\"><p>Valeur nominale: 10 francs suisses<br \/>\nAlliage: Cupronickel + Bronze d\u2018aluminium<br \/>\nDiam\u00e8tre: 33 mm<br \/>\nPoids: 15 g<br \/>\nDate d&rsquo;\u00e9mission: 11.01.2024<\/p>\n<p><strong>Tirage<\/strong><br \/>\nFlan bruni: 2&rsquo;250 pi\u00e8ces<br \/>\nFlan bruni avec certificat de l&rsquo;artiste: 250 pi\u00e8ces<br \/>\nNon mise en circulation: 5&rsquo;000 pi\u00e8ces<\/p>\n<p><strong>Prix de vente<\/strong><br \/>\nFlan bruni: CHF 55.-<br \/>\nFlan bruni en \u00e9tui avec certificat de l\u2019artiste : CHF 70.-<br \/>\nNon mises en circulation : CHF 20.-<\/p>\n<\/div>[\/vc_column_inner][vc_column_inner width=\u00a0\u00bb1\/3&Prime;]<div class=\"section__image section__image--center intro-animation intro-animation--bottom\"><div class=\"picture_container\" style=\"width: 160px\"><picture><source media=\"(min-width: 768px)\" srcset=\"https:\/\/www.sondermuenze.ch\/wp-content\/uploads\/510000604-rohnegletscher-bimetal-bs-620-x-620-px.png\"><source media=\"(max-width: 767.98px)\" srcset=\"https:\/\/www.sondermuenze.ch\/wp-content\/uploads\/510000604-rohnegletscher-bimetal-bs-620-x-620-px.png\"><img decoding=\"async\" src=\"https:\/\/www.sondermuenze.ch\/wp-content\/uploads\/510000604-rohnegletscher-bimetal-bs-620-x-620-px.png\" alt=\"Monnaie sp\u00e9ciale Glacier du Rh\u00f4ne\" width=\"620\" height=\"620\" \/><\/picture><\/div><\/div><div class=\"section__image section__image--center intro-animation intro-animation--bottom\"><div class=\"picture_container\" style=\"width: 160px\"><picture><source media=\"(min-width: 768px)\" srcset=\"https:\/\/www.sondermuenze.ch\/wp-content\/uploads\/510000604-rohnegletscher-bimetal-ws-620-x-620-px.png\"><source media=\"(max-width: 767.98px)\" srcset=\"https:\/\/www.sondermuenze.ch\/wp-content\/uploads\/510000604-rohnegletscher-bimetal-ws-620-x-620-px.png\"><img decoding=\"async\" src=\"https:\/\/www.sondermuenze.ch\/wp-content\/uploads\/510000604-rohnegletscher-bimetal-ws-620-x-620-px.png\" alt=\"Monnaie sp\u00e9ciale Glacier du Rh\u00f4ne\" width=\"620\" height=\"620\" \/><\/picture><\/div><\/div>[\/vc_column_inner][\/vc_row_inner][\/vc_column][\/vc_row]<\/div>","protected":false},"excerpt":{"rendered":"[vc_row][vc_column][vc_row_inner][vc_column_inner width=\u00a0\u00bb2\/3&Prime;][\/vc_column_inner][vc_column_inner width=\u00a0\u00bb1\/3&Prime;][\/vc_column_inner][\/vc_row_inner][\/vc_column][\/vc_row]","protected":false},"author":3,"featured_media":0,"parent":0,"menu_order":37,"comment_status":"closed","ping_status":"closed","template":"","meta":{"_acf_changed":false,"footnotes":""},"class_list":["post-8762","page","type-page","status-publish","hentry"],"acf":[],"_links":{"self":[{"href":"https:\/\/www.sondermuenze.ch\/fr\/wp-json\/wp\/v2\/pages\/8762","targetHints":{"allow":["GET"]}}],"collection":[{"href":"https:\/\/www.sondermuenze.ch\/fr\/wp-json\/wp\/v2\/pages"}],"about":[{"href":"https:\/\/www.sondermuenze.ch\/fr\/wp-json\/wp\/v2\/types\/page"}],"author":[{"embeddable":true,"href":"https:\/\/www.sondermuenze.ch\/fr\/wp-json\/wp\/v2\/users\/3"}],"replies":[{"embeddable":true,"href":"https:\/\/www.sondermuenze.ch\/fr\/wp-json\/wp\/v2\/comments?post=8762"}],"version-history":[{"count":2,"href":"https:\/\/www.sondermuenze.ch\/fr\/wp-json\/wp\/v2\/pages\/8762\/revisions"}],"predecessor-version":[{"id":8951,"href":"https:\/\/www.sondermuenze.ch\/fr\/wp-json\/wp\/v2\/pages\/8762\/revisions\/8951"}],"wp:attachment":[{"href":"https:\/\/www.sondermuenze.ch\/fr\/wp-json\/wp\/v2\/media?parent=8762"}],"curies":[{"name":"wp","href":"https:\/\/api.w.org\/{rel}","templated":true}]}}