{"id":7724,"date":"2024-11-11T14:07:07","date_gmt":"2024-11-11T13:07:07","guid":{"rendered":"https:\/\/www.sondermuenze.ch\/?page_id=7724"},"modified":"2025-05-27T08:25:19","modified_gmt":"2025-05-27T06:25:19","slug":"monnaie-speciale-glacier-rosenlaui","status":"publish","type":"page","link":"https:\/\/www.sondermuenze.ch\/fr\/monnaie-speciale-glacier-rosenlaui\/","title":{"rendered":"Monnaie sp\u00e9ciale Glacier de Rosenlaui"},"content":{"rendered":"<div class=\"wpb-content-wrapper\">[vc_row][vc_column]<div class=\"section__text section__text--lead section__text--center intro-animation intro-animation--bottom\"><h1>Monnaie sp\u00e9ciale Glacier de Rosenlaui<\/h1>\n<p>Le glacier de Rosenlaui, long de 4,5 km et large de 1 km en moyenne au moment o\u00f9 cette pi\u00e8ce a \u00e9t\u00e9 frapp\u00e9e, se situe \u00e0 l&rsquo;extr\u00e9mit\u00e9 nord-est des Alpes bernoises, au sud de Meiringen. Ce glacier de vall\u00e9e, plut\u00f4t modeste, recouvre une surface d&rsquo;environ 6 km2. Il prend naissance dans le Wetterkessel, sur le versant nord-est du massif du Wetterhorn. Vers le sud, des cr\u00eates recouvertes de n\u00e9v\u00e9s le relient au glacier du Gauli et au haut du glacier de Grindelwald. Il est bord\u00e9 \u00e0 l&rsquo;ouest par l&rsquo;arr\u00eate rocheuse du Wellhorn et du Klein Wellhorn et \u00e0 l&rsquo;est, par le Dossen. La langue du glacier se situe \u00e0 environ 2000 m d&rsquo;altitude. C&rsquo;est l\u00e0 que le Weissenbach prend sa source, avant de descendre vers la vall\u00e9e en cascades abruptes et de se jeter dans le Reichenbach. De l\u00e0, la rivi\u00e8re poursuit son cours jusqu&rsquo;aux chutes de Reichenbach, serpente dans la vall\u00e9e du m\u00eame nom et termine sa course dans l&rsquo;Aar.<\/p>\n<p>Aujourd&rsquo;hui, les glaciers du Rosenlaui et d&rsquo;Aletsch, ainsi que les r\u00e9gions alentour font partie des sites naturels des Alpes suisses Jungfrau-Aletsch, inscrits au patrimoine mondial de l&rsquo;UNESCO.<\/p>\n<\/div>[vc_row_inner][vc_column_inner width=\u00a0\u00bb2\/3&Prime;]<div class=\"section__text section__text--center intro-animation intro-animation--bottom\"><p>Valeur nominale: 10 francs suisses<br \/>\nAlliage: Cupronickel + Bronze d\u2018aluminium<br \/>\nDiam\u00e8tre: 33 mm<br \/>\nPoids: 15 g<br \/>\nDate d&rsquo;\u00e9mission: 31.01.2023<\/p>\n<p><strong>Tirage<\/strong><br \/>\nFlan bruni: 2&rsquo;500 pi\u00e8ces<br \/>\nFlan bruni avec certificat de l&rsquo;artiste: 250 pi\u00e8ces<br \/>\nNon mise en circulation: 9&rsquo;000 pi\u00e8ces<br \/>\nNon mise en circulation, dans la bo\u00eete \u00e0 monnaies: 1&rsquo;000 pi\u00e8ces<\/p>\n<p><strong>Prix de vente<\/strong><br \/>\nFlan bruni: CHF 55.-<br \/>\nFlan bruni en \u00e9tui avec certificat de l\u2019artiste : CHF 70.-<br \/>\nNon mises en circulation : CHF 20.-<br \/>\nNon mise en circulation, dans la bo\u00eete \u00e0 monnaies: CHF 65.-<\/p>\n<\/div>[\/vc_column_inner][vc_column_inner width=\u00a0\u00bb1\/3&Prime;]<div class=\"section__image section__image--center intro-animation intro-animation--bottom\"><div class=\"picture_container\" style=\"width: 160px\"><picture><source media=\"(min-width: 768px)\" srcset=\"https:\/\/www.sondermuenze.ch\/wp-content\/uploads\/sondermuenze-rosenlauigletscher-front-swissmint.png\"><source media=\"(max-width: 767.98px)\" srcset=\"https:\/\/www.sondermuenze.ch\/wp-content\/uploads\/sondermuenze-rosenlauigletscher-front-swissmint.png\"><img decoding=\"async\" src=\"https:\/\/www.sondermuenze.ch\/wp-content\/uploads\/sondermuenze-rosenlauigletscher-front-swissmint.png\" alt=\"Monnaie sp\u00e9ciale Glacier de Rosenlaui\" width=\"620\" height=\"620\" \/><\/picture><\/div><\/div><div class=\"section__image section__image--center intro-animation intro-animation--bottom\"><div class=\"picture_container\" style=\"width: 160px\"><picture><source media=\"(min-width: 768px)\" srcset=\"https:\/\/www.sondermuenze.ch\/wp-content\/uploads\/sondermuenze-rosenlauigletscher-back-swissmint.png\"><source media=\"(max-width: 767.98px)\" srcset=\"https:\/\/www.sondermuenze.ch\/wp-content\/uploads\/sondermuenze-rosenlauigletscher-back-swissmint.png\"><img decoding=\"async\" src=\"https:\/\/www.sondermuenze.ch\/wp-content\/uploads\/sondermuenze-rosenlauigletscher-back-swissmint.png\" alt=\"Monnaie sp\u00e9ciale Glacier de Rosenlaui\" width=\"620\" height=\"620\" \/><\/picture><\/div><\/div>[\/vc_column_inner][\/vc_row_inner][\/vc_column][\/vc_row]<\/div>","protected":false},"excerpt":{"rendered":"[vc_row][vc_column][vc_row_inner][vc_column_inner width=\u00a0\u00bb2\/3&Prime;][\/vc_column_inner][vc_column_inner width=\u00a0\u00bb1\/3&Prime;][\/vc_column_inner][\/vc_row_inner][\/vc_column][\/vc_row]","protected":false},"author":3,"featured_media":0,"parent":0,"menu_order":42,"comment_status":"closed","ping_status":"closed","template":"","meta":{"_acf_changed":false,"footnotes":""},"class_list":["post-7724","page","type-page","status-publish","hentry"],"acf":[],"_links":{"self":[{"href":"https:\/\/www.sondermuenze.ch\/fr\/wp-json\/wp\/v2\/pages\/7724","targetHints":{"allow":["GET"]}}],"collection":[{"href":"https:\/\/www.sondermuenze.ch\/fr\/wp-json\/wp\/v2\/pages"}],"about":[{"href":"https:\/\/www.sondermuenze.ch\/fr\/wp-json\/wp\/v2\/types\/page"}],"author":[{"embeddable":true,"href":"https:\/\/www.sondermuenze.ch\/fr\/wp-json\/wp\/v2\/users\/3"}],"replies":[{"embeddable":true,"href":"https:\/\/www.sondermuenze.ch\/fr\/wp-json\/wp\/v2\/comments?post=7724"}],"version-history":[{"count":3,"href":"https:\/\/www.sondermuenze.ch\/fr\/wp-json\/wp\/v2\/pages\/7724\/revisions"}],"predecessor-version":[{"id":8952,"href":"https:\/\/www.sondermuenze.ch\/fr\/wp-json\/wp\/v2\/pages\/7724\/revisions\/8952"}],"wp:attachment":[{"href":"https:\/\/www.sondermuenze.ch\/fr\/wp-json\/wp\/v2\/media?parent=7724"}],"curies":[{"name":"wp","href":"https:\/\/api.w.org\/{rel}","templated":true}]}}