{"id":6059,"date":"2024-05-06T10:54:04","date_gmt":"2024-05-06T08:54:04","guid":{"rendered":"https:\/\/www.sondermuenze.ch\/?page_id=6059"},"modified":"2024-05-29T07:57:04","modified_gmt":"2024-05-29T05:57:04","slug":"boutique","status":"publish","type":"page","link":"https:\/\/www.sondermuenze.ch\/fr\/entreprise\/boutique\/","title":{"rendered":"Boutique Swissmint"},"content":{"rendered":"<div class=\"wpb-content-wrapper\">[vc_row][vc_column]<div class=\"section__text section__text--lead section__text--center intro-animation intro-animation--bottom\"><h1>Boutique Swissmint<\/h1>\n<\/div><div class=\"section__text section__text--lead section__text--center intro-animation intro-animation--bottom\"><p>Un lieu unique o\u00f9 l&rsquo;histoire, l&rsquo;art de la numismatique et la Monnaie f\u00e9d\u00e9rale Swissmint prennent vie.<\/p>\n<\/div><div class=\"section__teaser_special\"><div class=\"teaser_special row_simple \"><div class=\"teaser_special__media col-l-6 col-xs-12 intro-animation-mobile\"><div class=\"picture_container\"><picture><source srcset=\"https:\/\/www.sondermuenze.ch\/wp-content\/uploads\/boutique.jpg\"><img decoding=\"async\" src=\"https:\/\/www.sondermuenze.ch\/wp-content\/uploads\/boutique.jpg\" alt=\"Boutique Swissmint\" width=\"800\" height=\"800\"\/><\/picture><\/div><\/div><div class=\"teaser_special__content col-l-6 col-xs-12 intro-animation intro-animation--left\"><div class=\"teaser_special__content__inside\"><h2>Au c\u0153ur de Berne<\/h2>\n<p>&nbsp;<\/p>\n<p>&nbsp;<\/p>\n<p>&nbsp;<\/p>\n<p>La boutique se trouve au c\u0153ur de la Monnaie f\u00e9d\u00e9rale Swissmint \u00e0 Berne et a \u00e9t\u00e9 ouverte en mars 2024. Les derni\u00e8res pi\u00e8ces comm\u00e9moratives y sont pr\u00e9sent\u00e9es et propos\u00e9es \u00e0 la vente. Une collection d&rsquo;anciennes monnaies comm\u00e9moratives est \u00e9galement expos\u00e9e dans la boutique.<\/p>\n<p>D\u00e8s que les visiteurs ont franchi le seuil de la porte, ils sont plong\u00e9s dans l&rsquo;histoire de la numismatique et des pi\u00e8ces suisses. Les pi\u00e8ces sp\u00e9ciales expos\u00e9es ont \u00e9t\u00e9 con\u00e7ues par nos designers et racontent une histoire fascinante, li\u00e9e \u00e0 la culture de notre pays, \u00e0 des personnages c\u00e9l\u00e8bres ou \u00e0 des \u00e9v\u00e9nements importants.<\/p>\n<\/div><\/div><\/div><\/div><div class=\"section__text section__text--center intro-animation intro-animation--bottom\"><h2>Une exp\u00e9rience interactive passionnante<\/h2>\n<\/div><div class=\"section__text section__text--center intro-animation intro-animation--bottom\"><p>La particularit\u00e9 de la boutique Swissmint est la possibilit\u00e9 unique pour les clients d&rsquo;interagir avec les pi\u00e8ces expos\u00e9es. Pour ce faire, des \u00e9crans tactiles innovants sont \u00e0 disposition et offrent une exp\u00e9rience interactive passionnante. Sur ces \u00e9crans, les visiteurs peuvent consulter des informations sur chaque pi\u00e8ce et d\u00e9couvrir de mani\u00e8re ludique chaque d\u00e9tail des monnaies sp\u00e9ciales.<\/p>\n<\/div><div class=\"section__gallery\"><div class=\"gallery intro-animation intro-animation--bottom\"><div class=\"swiper swiper--gallery swiper--gallery1\"><div class=\"swiper-container\"><div class=\"swiper-wrapper\"><div class=\"swiper-slide gallery__img\"><div class=\"gallery__img__container\"><div class=\"picture_container\"><picture><source media=\"(min-width: 768px)\" srcset=\"https:\/\/www.sondermuenze.ch\/wp-content\/uploads\/swissmint-1104248333-1280x730.jpg\"><source media=\"(max-width: 767.98px)\" srcset=\"https:\/\/www.sondermuenze.ch\/wp-content\/uploads\/swissmint-1104248333-768x438.jpg\"><img decoding=\"async\" src=\"https:\/\/www.sondermuenze.ch\/wp-content\/uploads\/swissmint-1104248333-1280x730.jpg\" alt=\"Boutique Swissmint\" width=\"1280\" height=\"730\" \/><\/picture><\/div><\/div><span class=\"gallery__desc\"><\/span><\/div><div class=\"swiper-slide gallery__img\"><div class=\"gallery__img__container\"><div class=\"picture_container\"><picture><source media=\"(min-width: 768px)\" srcset=\"https:\/\/www.sondermuenze.ch\/wp-content\/uploads\/swissmint-1104248375-1280x730.jpg\"><source media=\"(max-width: 767.98px)\" srcset=\"https:\/\/www.sondermuenze.ch\/wp-content\/uploads\/swissmint-1104248375-768x438.jpg\"><img decoding=\"async\" src=\"https:\/\/www.sondermuenze.ch\/wp-content\/uploads\/swissmint-1104248375-1280x730.jpg\" alt=\"Boutique Swissmint\" width=\"1280\" height=\"730\" \/><\/picture><\/div><\/div><span class=\"gallery__desc\"><\/span><\/div><div class=\"swiper-slide gallery__img\"><div class=\"gallery__img__container\"><div class=\"picture_container\"><picture><source media=\"(min-width: 768px)\" srcset=\"https:\/\/www.sondermuenze.ch\/wp-content\/uploads\/swissmint-1104248443-1280x730.jpg\"><source media=\"(max-width: 767.98px)\" srcset=\"https:\/\/www.sondermuenze.ch\/wp-content\/uploads\/swissmint-1104248443-768x438.jpg\"><img decoding=\"async\" src=\"https:\/\/www.sondermuenze.ch\/wp-content\/uploads\/swissmint-1104248443-1280x730.jpg\" alt=\"Boutique Swissmint\" width=\"1280\" height=\"730\" \/><\/picture><\/div><\/div><span class=\"gallery__desc\"><\/span><\/div><div class=\"swiper-slide gallery__img\"><div class=\"gallery__img__container\"><div class=\"picture_container\"><picture><source media=\"(min-width: 768px)\" srcset=\"https:\/\/www.sondermuenze.ch\/wp-content\/uploads\/swissmint-1104248412-1280x730.jpg\"><source media=\"(max-width: 767.98px)\" srcset=\"https:\/\/www.sondermuenze.ch\/wp-content\/uploads\/swissmint-1104248412-768x438.jpg\"><img decoding=\"async\" src=\"https:\/\/www.sondermuenze.ch\/wp-content\/uploads\/swissmint-1104248412-1280x730.jpg\" alt=\"Boutique Swissmint\" width=\"1280\" height=\"730\" \/><\/picture><\/div><\/div><span class=\"gallery__desc\"><\/span><\/div><div class=\"swiper-slide gallery__img\"><div class=\"gallery__img__container\"><div class=\"picture_container\"><picture><source media=\"(min-width: 768px)\" srcset=\"https:\/\/www.sondermuenze.ch\/wp-content\/uploads\/swissmint-1104248418-1280x730.jpg\"><source media=\"(max-width: 767.98px)\" srcset=\"https:\/\/www.sondermuenze.ch\/wp-content\/uploads\/swissmint-1104248418-768x438.jpg\"><img decoding=\"async\" src=\"https:\/\/www.sondermuenze.ch\/wp-content\/uploads\/swissmint-1104248418-1280x730.jpg\" alt=\"Boutique Swissmint\" width=\"1280\" height=\"730\" \/><\/picture><\/div><\/div><span class=\"gallery__desc\"><\/span><\/div><div class=\"swiper-slide gallery__img\"><div class=\"gallery__img__container\"><div class=\"picture_container\"><picture><source media=\"(min-width: 768px)\" srcset=\"https:\/\/www.sondermuenze.ch\/wp-content\/uploads\/swissmint-1104248325-1280x730.jpg\"><source media=\"(max-width: 767.98px)\" srcset=\"https:\/\/www.sondermuenze.ch\/wp-content\/uploads\/swissmint-1104248325-768x438.jpg\"><img decoding=\"async\" src=\"https:\/\/www.sondermuenze.ch\/wp-content\/uploads\/swissmint-1104248325-1280x730.jpg\" alt=\"Boutique Swissmint\" width=\"1280\" height=\"730\" \/><\/picture><\/div><\/div><span class=\"gallery__desc\"><\/span><\/div><\/div><div class=\"swiper-pagination\"><\/div><\/div><div class=\"swiper-button swiper-button-prev\"><div class=\"swiper-button__container\"><div class=\"swiper-button__inside\"><svg class=\"icon icon--gallery-left icon--gallery-left--first icon--black\"><use href=\"#icon_gallery_left\"><\/use><\/svg><svg class=\"icon icon--gallery-left icon--gallery-left--second icon--black\"><use href=\"#icon_gallery_left\"><\/use><\/svg><\/div><\/div><\/div><div class=\"swiper-button swiper-button-next\"><div class=\"swiper-button__container\"><div class=\"swiper-button__inside\"><svg class=\"icon icon--gallery-right icon--gallery-right--second icon--black\"><use href=\"#icon_gallery_right\"><\/use><\/svg><svg class=\"icon icon--gallery-right icon--gallery-right--first icon--black\"><use href=\"#icon_gallery_right\"><\/use><\/svg><\/div><\/div><\/div><\/div><\/div><\/div><div class=\"section__text section__text--center intro-animation intro-animation--bottom\"><h2>Ouverture de la boutique<\/h2>\n<p>La boutique n&rsquo;est actuellement ouverte que lors des visites guid\u00e9es. Les visites guid\u00e9es de Swissmint sont gratuites et ouvertes au public. Vous pouvez vous inscrire pour une date propos\u00e9e en cliquant sur le lien suivant.<\/p>\n<\/div><div class=\"section__button section__button--center intro-animation intro-animation--bottom\"><div class=\"button button--arrow button--transparent\"><a href=\"https:\/\/www.sondermuenze.ch\/fr\/entreprise\/boutique\/\" class=\"full\">Visite guid\u00e9e<\/a><span><svg class=\"icon icon--arrow icon--arrow-left\"><use href=\"#icon_arrow\"><\/use><\/svg><span>Visite guid\u00e9e<\/span><svg class=\"icon icon--arrow icon--arrow-right\"><use href=\"#icon_arrow\"><\/use><\/svg><\/span><\/div><\/div>[\/vc_column][\/vc_row]<\/div>","protected":false},"excerpt":{"rendered":"[vc_row][vc_column][\/vc_column][\/vc_row]","protected":false},"author":4,"featured_media":0,"parent":2539,"menu_order":131,"comment_status":"closed","ping_status":"closed","template":"","meta":{"_acf_changed":false,"footnotes":""},"class_list":["post-6059","page","type-page","status-publish","hentry"],"acf":[],"_links":{"self":[{"href":"https:\/\/www.sondermuenze.ch\/fr\/wp-json\/wp\/v2\/pages\/6059","targetHints":{"allow":["GET"]}}],"collection":[{"href":"https:\/\/www.sondermuenze.ch\/fr\/wp-json\/wp\/v2\/pages"}],"about":[{"href":"https:\/\/www.sondermuenze.ch\/fr\/wp-json\/wp\/v2\/types\/page"}],"author":[{"embeddable":true,"href":"https:\/\/www.sondermuenze.ch\/fr\/wp-json\/wp\/v2\/users\/4"}],"replies":[{"embeddable":true,"href":"https:\/\/www.sondermuenze.ch\/fr\/wp-json\/wp\/v2\/comments?post=6059"}],"version-history":[{"count":11,"href":"https:\/\/www.sondermuenze.ch\/fr\/wp-json\/wp\/v2\/pages\/6059\/revisions"}],"predecessor-version":[{"id":6177,"href":"https:\/\/www.sondermuenze.ch\/fr\/wp-json\/wp\/v2\/pages\/6059\/revisions\/6177"}],"up":[{"embeddable":true,"href":"https:\/\/www.sondermuenze.ch\/fr\/wp-json\/wp\/v2\/pages\/2539"}],"wp:attachment":[{"href":"https:\/\/www.sondermuenze.ch\/fr\/wp-json\/wp\/v2\/media?parent=6059"}],"curies":[{"name":"wp","href":"https:\/\/api.w.org\/{rel}","templated":true}]}}