{"id":2532,"date":"2022-12-23T16:43:58","date_gmt":"2022-12-23T15:43:58","guid":{"rendered":"https:\/\/www.sondermuenze.ch\/sondermuenzen\/videos\/"},"modified":"2024-01-10T11:31:21","modified_gmt":"2024-01-10T10:31:21","slug":"videos","status":"publish","type":"page","link":"https:\/\/www.sondermuenze.ch\/fr\/monnaies-speciales\/videos\/","title":{"rendered":"Videos"},"content":{"rendered":"<div class=\"wpb-content-wrapper\">[vc_row][vc_column]<div class=\"section__title section__title--center intro-animation intro-animation--bottom\"><h3>Entretien avec<br>l'illusionniste Sandro Del-Prete<\/h3><\/div><div class=\"section__youtube intro-animation intro-animation--bottom\"><div class=\"video_container video_container--embed\"><iframe src=\"https:\/\/www.youtube-nocookie.com\/embed\/SC7ZEDm7k7w?modestbranding=1&rel=0&showinfo=0\" title=\"Entretien avec l'illusionniste Sandro Del-Prete\" frameborder=\"0\" allow=\"accelerometer; autoplay; encrypted-media; gyroscope; picture-in-picture\" allowfullscreen><\/iframe><\/div><\/div><div class=\"section__youtube_videos\"><div class=\"youtube_videos row center-xs intro-animation-container\"><div class=\"youtube_video col-s-6 col-xs-12 intro-animation intro-animation--bottom\"><div class=\"video_container video_container--embed\"><iframe src=\"https:\/\/www.youtube-nocookie.com\/embed\/jTwnwVJkPAo?modestbranding=1&rel=0&showinfo=0\" title=\"Monnaies sp\u00e9ciales suisses Roger Federer, de l\u2019id\u00e9e \u00e0 la pi\u00e8ce\" frameborder=\"0\" allow=\"accelerometer; autoplay; encrypted-media; gyroscope; picture-in-picture\" allowfullscreen><\/iframe><\/div><h3>Monnaies sp\u00e9ciales suisses Roger Federer, de l\u2019id\u00e9e \u00e0 la pi\u00e8ce<\/h3><\/div><div class=\"youtube_video col-s-6 col-xs-12 intro-animation intro-animation--bottom\"><div class=\"video_container video_container--embed\"><iframe src=\"https:\/\/www.youtube-nocookie.com\/embed\/yVFPCKmGfaY?modestbranding=1&rel=0&showinfo=0\" title=\"La plus petite pi\u00e8ce d\u2019or du monde\" frameborder=\"0\" allow=\"accelerometer; autoplay; encrypted-media; gyroscope; picture-in-picture\" allowfullscreen><\/iframe><\/div><h3>La plus petite pi\u00e8ce d\u2019or du monde<\/h3><\/div><div class=\"youtube_video col-s-6 col-xs-12 intro-animation intro-animation--bottom\"><div class=\"video_container video_container--embed\"><iframe src=\"https:\/\/www.youtube-nocookie.com\/embed\/NDOc8p5Xkws?modestbranding=1&rel=0&showinfo=0\" title=\"Monnaies sp\u00e9ciales suisses Roger Federer\" frameborder=\"0\" allow=\"accelerometer; autoplay; encrypted-media; gyroscope; picture-in-picture\" allowfullscreen><\/iframe><\/div><h3>Monnaies sp\u00e9ciales suisses Roger Federer<\/h3><\/div><\/div><\/div>[\/vc_column][\/vc_row]<\/div>","protected":false},"excerpt":{"rendered":"[vc_row][vc_column][\/vc_column][\/vc_row]","protected":false},"author":1,"featured_media":0,"parent":2472,"menu_order":26,"comment_status":"closed","ping_status":"closed","template":"","meta":{"_acf_changed":false,"footnotes":""},"class_list":["post-2532","page","type-page","status-publish","hentry"],"acf":[],"_links":{"self":[{"href":"https:\/\/www.sondermuenze.ch\/fr\/wp-json\/wp\/v2\/pages\/2532","targetHints":{"allow":["GET"]}}],"collection":[{"href":"https:\/\/www.sondermuenze.ch\/fr\/wp-json\/wp\/v2\/pages"}],"about":[{"href":"https:\/\/www.sondermuenze.ch\/fr\/wp-json\/wp\/v2\/types\/page"}],"author":[{"embeddable":true,"href":"https:\/\/www.sondermuenze.ch\/fr\/wp-json\/wp\/v2\/users\/1"}],"replies":[{"embeddable":true,"href":"https:\/\/www.sondermuenze.ch\/fr\/wp-json\/wp\/v2\/comments?post=2532"}],"version-history":[{"count":3,"href":"https:\/\/www.sondermuenze.ch\/fr\/wp-json\/wp\/v2\/pages\/2532\/revisions"}],"predecessor-version":[{"id":5637,"href":"https:\/\/www.sondermuenze.ch\/fr\/wp-json\/wp\/v2\/pages\/2532\/revisions\/5637"}],"up":[{"embeddable":true,"href":"https:\/\/www.sondermuenze.ch\/fr\/wp-json\/wp\/v2\/pages\/2472"}],"wp:attachment":[{"href":"https:\/\/www.sondermuenze.ch\/fr\/wp-json\/wp\/v2\/media?parent=2532"}],"curies":[{"name":"wp","href":"https:\/\/api.w.org\/{rel}","templated":true}]}}