{"id":2338,"date":"2022-10-24T09:08:04","date_gmt":"2022-10-24T07:08:04","guid":{"rendered":"https:\/\/www.sondermuenze.ch\/impressum\/"},"modified":"2023-09-19T15:20:08","modified_gmt":"2023-09-19T13:20:08","slug":"empriente","status":"publish","type":"page","link":"https:\/\/www.sondermuenze.ch\/fr\/empriente\/","title":{"rendered":"Empriente"},"content":{"rendered":"<div class=\"wpb-content-wrapper\">[vc_row][vc_column]<div class=\"section__text intro-animation intro-animation--bottom\"><h1>Empreinte<\/h1>\n<p><strong>Contact<\/strong><br \/>\nMonnaie f\u00e9d\u00e9rale Swissmint<br \/>\nBernastrasse 28<br>3003 Berne<br><br>T\u00e9l. <a href=\"tel:+41584800800\">+41 (0)58 4 800 800<\/a><br>Fax <span>+41 (0)58 462 60 07<\/span><br>E-Mail <a href=\"mailto:info@swissmint.ch\" target=\"_blank\" rel=\"noopener\">info@swissmint.ch<\/a><\/p>\n<p><strong>Responsabilit\u00e9<br \/>\n<\/strong>Malgr\u00e9 la grande attention qu\u2019elles portent \u00e0 la justesse des informations diffus\u00e9es sur ce site, les autorit\u00e9s f\u00e9d\u00e9rales ne peuvent endosser aucune responsabilit\u00e9 quant \u00e0 la fid\u00e9lit\u00e9, \u00e0 l\u2019exactitude, \u00e0 l\u2019actualit\u00e9, \u00e0 la fiabilit\u00e9 et \u00e0 l\u2019int\u00e9gralit\u00e9 de ces informations. Les autorit\u00e9s f\u00e9d\u00e9rales se r\u00e9servent express\u00e9ment le droit de modifier en partie ou en totalit\u00e9 le contenu de ce site, de le supprimer ou d\u2019en suspendre temporairement la diffusion, et ce \u00e0 tout moment et sans avertissement pr\u00e9alable.<\/p>\n<p>Les autorit\u00e9s f\u00e9d\u00e9rales ne sauraient \u00eatre tenues pour responsables des dommages mat\u00e9riels ou immat\u00e9riels qui pourraient \u00eatre caus\u00e9s par l\u2019acc\u00e8s aux informations diffus\u00e9es ou par leur utilisation ou non-utilisation, par le mauvais usage de la connexion ou par des probl\u00e8mes techniques.<\/p>\n<p><strong>Renvois et liens<\/strong><br \/>\nLes renvois et liens vers d\u2019autres sites Internet ne sont pas de la responsabilit\u00e9 des autorit\u00e9s f\u00e9d\u00e9rales. L\u2019acc\u00e8s \u00e0 ces sites et leur utilisation se font aux risques des utilisateurs. Les autorit\u00e9s f\u00e9d\u00e9rales d\u00e9clarent express\u00e9ment qu\u2019elles n\u2019ont aucune influence sur la forme, le contenu et les offres des sites auxquels elles renvoient. Les informations et services offerts par ces sites sont enti\u00e8rement de la responsabilit\u00e9 de leurs auteurs. Les autorit\u00e9s f\u00e9d\u00e9rales rejettent toute responsabilit\u00e9 pour de tels sites Internet.<\/p>\n<p><strong>Droits d&rsquo;auteur<\/strong><br \/>\nDroits d&rsquo;auteur: autorit\u00e9s de la Conf\u00e9d\u00e9ration suisse.<br \/>\nLes informations que rec\u00e8lent les sites Web des autorit\u00e9s f\u00e9d\u00e9rales sont mises \u00e0 la disposition du public. Le t\u00e9l\u00e9chargement ou la copie de textes, d&rsquo;illustrations, de photographies ou d&rsquo;autres donn\u00e9es n&rsquo;entra\u00eene aucun transfert de droits sur les contenus.<br \/>\nLes droits d&rsquo;auteur et tous les autres droits li\u00e9s aux textes, illustrations, photographies et autres donn\u00e9es plac\u00e9s sur les sites Web des autorit\u00e9s f\u00e9d\u00e9rales sont leur propri\u00e9t\u00e9 exclusive ou celle des d\u00e9tenteurs express\u00e9ment cit\u00e9s. Toute reproduction est subordonn\u00e9e \u00e0 l&rsquo;autorisation \u00e9crite pr\u00e9alable du d\u00e9tenteur des droits.<\/p>\n<p><strong>Website<\/strong><br \/>\nAugenweide Werbeagentur GmbH<br \/>\nAllmendweg 8<br \/>\nEingang 302a West<br \/>\n4528 Zuchwil<\/p>\n<p><a href=\"https:\/\/www.augenweide.swiss\" target=\"_blank\" rel=\"noopener\">www.augenweide.swiss<\/a><\/p>\n<\/div>[\/vc_column][\/vc_row]<\/div>","protected":false},"excerpt":{"rendered":"[vc_row][vc_column][\/vc_column][\/vc_row]","protected":false},"author":1,"featured_media":0,"parent":0,"menu_order":149,"comment_status":"closed","ping_status":"closed","template":"","meta":{"_acf_changed":false,"footnotes":""},"class_list":["post-2338","page","type-page","status-publish","hentry"],"acf":[],"_links":{"self":[{"href":"https:\/\/www.sondermuenze.ch\/fr\/wp-json\/wp\/v2\/pages\/2338","targetHints":{"allow":["GET"]}}],"collection":[{"href":"https:\/\/www.sondermuenze.ch\/fr\/wp-json\/wp\/v2\/pages"}],"about":[{"href":"https:\/\/www.sondermuenze.ch\/fr\/wp-json\/wp\/v2\/types\/page"}],"author":[{"embeddable":true,"href":"https:\/\/www.sondermuenze.ch\/fr\/wp-json\/wp\/v2\/users\/1"}],"replies":[{"embeddable":true,"href":"https:\/\/www.sondermuenze.ch\/fr\/wp-json\/wp\/v2\/comments?post=2338"}],"version-history":[{"count":3,"href":"https:\/\/www.sondermuenze.ch\/fr\/wp-json\/wp\/v2\/pages\/2338\/revisions"}],"predecessor-version":[{"id":3925,"href":"https:\/\/www.sondermuenze.ch\/fr\/wp-json\/wp\/v2\/pages\/2338\/revisions\/3925"}],"wp:attachment":[{"href":"https:\/\/www.sondermuenze.ch\/fr\/wp-json\/wp\/v2\/media?parent=2338"}],"curies":[{"name":"wp","href":"https:\/\/api.w.org\/{rel}","templated":true}]}}