{"id":10637,"date":"2026-03-27T09:24:01","date_gmt":"2026-03-27T08:24:01","guid":{"rendered":"https:\/\/www.sondermuenze.ch\/?page_id=10637"},"modified":"2026-03-27T10:25:42","modified_gmt":"2026-03-27T09:25:42","slug":"piece-dargent-telecabine-schilthorn","status":"publish","type":"page","link":"https:\/\/www.sondermuenze.ch\/fr\/piece-dargent-telecabine-schilthorn\/","title":{"rendered":"Pi\u00e8ce d\u2019argent \u00abT\u00e9l\u00e9cabine Schilthorn\u00bb"},"content":{"rendered":"<div class=\"wpb-content-wrapper\">[vc_row][vc_column]<div class=\"section__text section__text--lead section__text--center intro-animation intro-animation--bottom\"><h1>Pi\u00e8ce d\u2019argent \u00abT\u00e9l\u00e9cabine Schilthorn\u00bb<\/h1>\n<p>La nouvelle pi\u00e8ce d&rsquo;argent \u00abT\u00e9l\u00e9cabine Schilthorn\u00bb est la derni\u00e8re pi\u00e8ce de la trilogie consacr\u00e9e aux t\u00e9l\u00e9ph\u00e9riques suisses.<\/p>\n<p><strong>En souvenir de l\u2019ancienne t\u00e9l\u00e9cabine du Schilthorn<\/strong><br \/>\nLe projet Schilthornbahn 20XX pr\u00e9voit l\u2019installation d\u2019un t\u00e9l\u00e9ph\u00e9rique classique entre Stechelberg et M\u00fcrren. Une fois achev\u00e9, le nouveau t\u00e9l\u00e9ph\u00e9rique sera le plus raide du monde. De plus, la liaison vers le Schilthorn sera la premi\u00e8re t\u00e9l\u00e9cabine Funifor au monde. Le syst\u00e8me Funifor poss\u00e8de une grande stabilit\u00e9 au vent et permet la construction de stations compactes. Avec la nouvelle monnaie sp\u00e9ciale t\u00e9l\u00e9cabine du Schilthorn, nous souhaitons garder en m\u00e9moire l&rsquo;ancien t\u00e9l\u00e9cabine.<\/p>\n<p>Sur l\u2019avers, l&rsquo;ancienne t\u00e9l\u00e9cabine et le restaurant tournant sont repr\u00e9sent\u00e9s apr\u00e8s la derni\u00e8re transformation en 2017. Sur le revers, le Schilthorn est visible. C\u2019est une pi\u00e8ce indispensable pour tous les collectionneurs et amateurs de monnaies suisses, des films de James Bond et des montagnes helv\u00e9tiques. La valeur nominale de 20 CHF est \u00e9galement repr\u00e9sent\u00e9e.<\/p>\n<\/div>[vc_row_inner][vc_column_inner width=\u00a0\u00bb2\/3&Prime;]<div class=\"section__text section__text--center intro-animation intro-animation--bottom\"><p>Valeur nominale: 20 francs suisses<br \/>\nAlliage: argent 999<br \/>\nDiam\u00e8tre: 33 mm<br \/>\nPoids: 20 g<br \/>\nDate d&rsquo;\u00e9mission: 22.04.2024<\/p>\n<p><strong>Tirage<\/strong><br \/>\nFlan bruni: 3&rsquo;300 pi\u00e8ces<br \/>\nFlan bruni en \u00e9tui avec certificat de l&rsquo;artiste : 200 pi\u00e8ces<br \/>\nCoffret T\u00e9l\u00e9cabines, qualit\u00e9 normale : 500 pi\u00e8ces<br \/>\nCoffret Schilthorn 007, flan bruni : 500 pi\u00e8ces<br \/>\nNon mises en circulation : 5&rsquo;000 pi\u00e8ces<\/p>\n<p><strong>Prix de vente<\/strong><br \/>\nFlan bruni: CHF 75.-<br \/>\nPlan bruni en \u00e9tui avec certificat de l&rsquo;artiste : CHF 90.-<br \/>\nCoffret Schilthorn 007, flan bruni : CHF 90.-<br \/>\nNon mises en circulation : CHF 150.-<br \/>\nNon mises en circulation : CHF 25.-<\/p>\n<\/div>[\/vc_column_inner][vc_column_inner width=\u00a0\u00bb1\/3&Prime;]<div class=\"section__image section__image--center intro-animation intro-animation--bottom\"><div class=\"picture_container\" style=\"width: 160px\"><picture><source media=\"(min-width: 768px)\" srcset=\"https:\/\/www.sondermuenze.ch\/wp-content\/uploads\/swissmint-sondermuenze-schilthorn-vs-960x960px.jpg\"><source media=\"(max-width: 767.98px)\" srcset=\"https:\/\/www.sondermuenze.ch\/wp-content\/uploads\/swissmint-sondermuenze-schilthorn-vs-960x960px-768x768.jpg\"><img decoding=\"async\" src=\"https:\/\/www.sondermuenze.ch\/wp-content\/uploads\/swissmint-sondermuenze-schilthorn-vs-960x960px.jpg\" alt=\"Pi\u00e8ce d\u2019argent \u00abT\u00e9l\u00e9cabine Schilthorn\u00bb\" width=\"960\" height=\"960\" \/><\/picture><\/div><\/div><div class=\"section__image section__image--center intro-animation intro-animation--bottom\"><div class=\"picture_container\" style=\"width: 160px\"><picture><source media=\"(min-width: 768px)\" srcset=\"https:\/\/www.sondermuenze.ch\/wp-content\/uploads\/swissmint-sondermuenze-schilthorn-rs-960x960px.jpg\"><source media=\"(max-width: 767.98px)\" srcset=\"https:\/\/www.sondermuenze.ch\/wp-content\/uploads\/swissmint-sondermuenze-schilthorn-rs-960x960px-768x768.jpg\"><img decoding=\"async\" src=\"https:\/\/www.sondermuenze.ch\/wp-content\/uploads\/swissmint-sondermuenze-schilthorn-rs-960x960px.jpg\" alt=\"Pi\u00e8ce d\u2019argent \u00abT\u00e9l\u00e9cabine Schilthorn\u00bb\" width=\"960\" height=\"960\" \/><\/picture><\/div><\/div>[\/vc_column_inner][\/vc_row_inner][\/vc_column][\/vc_row]<\/div>","protected":false},"excerpt":{"rendered":"[vc_row][vc_column][vc_row_inner][vc_column_inner width=\u00a0\u00bb2\/3&Prime;][\/vc_column_inner][vc_column_inner width=\u00a0\u00bb1\/3&Prime;][\/vc_column_inner][\/vc_row_inner][\/vc_column][\/vc_row]","protected":false},"author":4,"featured_media":0,"parent":0,"menu_order":4,"comment_status":"closed","ping_status":"closed","template":"","meta":{"_acf_changed":false,"footnotes":""},"class_list":["post-10637","page","type-page","status-publish","hentry"],"acf":[],"_links":{"self":[{"href":"https:\/\/www.sondermuenze.ch\/fr\/wp-json\/wp\/v2\/pages\/10637","targetHints":{"allow":["GET"]}}],"collection":[{"href":"https:\/\/www.sondermuenze.ch\/fr\/wp-json\/wp\/v2\/pages"}],"about":[{"href":"https:\/\/www.sondermuenze.ch\/fr\/wp-json\/wp\/v2\/types\/page"}],"author":[{"embeddable":true,"href":"https:\/\/www.sondermuenze.ch\/fr\/wp-json\/wp\/v2\/users\/4"}],"replies":[{"embeddable":true,"href":"https:\/\/www.sondermuenze.ch\/fr\/wp-json\/wp\/v2\/comments?post=10637"}],"version-history":[{"count":2,"href":"https:\/\/www.sondermuenze.ch\/fr\/wp-json\/wp\/v2\/pages\/10637\/revisions"}],"predecessor-version":[{"id":10660,"href":"https:\/\/www.sondermuenze.ch\/fr\/wp-json\/wp\/v2\/pages\/10637\/revisions\/10660"}],"wp:attachment":[{"href":"https:\/\/www.sondermuenze.ch\/fr\/wp-json\/wp\/v2\/media?parent=10637"}],"curies":[{"name":"wp","href":"https:\/\/api.w.org\/{rel}","templated":true}]}}