{"id":9809,"date":"2025-11-20T09:50:42","date_gmt":"2025-11-20T08:50:42","guid":{"rendered":"https:\/\/www.sondermuenze.ch\/?page_id=9809"},"modified":"2025-11-20T10:02:44","modified_gmt":"2025-11-20T09:02:44","slug":"silbermuenze-sonnenenergie","status":"publish","type":"page","link":"https:\/\/www.sondermuenze.ch\/de\/silbermuenze-sonnenenergie\/","title":{"rendered":"Silberm\u00fcnze \u00abSonnenenergie\u00bb"},"content":{"rendered":"<div class=\"wpb-content-wrapper\">[vc_row][vc_column]<div class=\"section__text section__text--lead section__text--center intro-animation intro-animation--bottom\"><h1>Silberm\u00fcnze \u00abSonnenenergie\u00bb<\/h1>\n<p>Die 20-Franken-Silberm\u00fcnze \u00ab Sonnenenergie \u00bb, die am 21. Juli 2022 ausgegeben wurde, ist die zweite M\u00fcnze einer dreiteiligen Serie \u00fcber Energien der Zukunft. Im Jahr 2021 wurde die Sonderm\u00fcnze zur Wasserenergie ausgegeben, im Jahr 2023 folgt die M\u00fcnze zur Windenergie. Die fluoreszierenden Elemente der drei M\u00fcnzen leuchten im Dunkeln.<\/p>\n<p>Nebst der Wasserkraft geh\u00f6ren zu den tragenden Pfeilern der erneuerbaren Energien der Schweiz auch die Energien aus Sonne und Wind, wobei die beiden letztgenannten heute erst zu einem sehr bescheidenen Teil genutzt werden. Die Nutzung der unersch\u00f6pflichen erneuerbaren Energien soll dazu beitragen, die Abh\u00e4ngigkeit von Erd\u00f6l und -gas sowie Atomtechnologie zu verringern und l\u00e4ngerfristig gar den Ausstieg aus der fossilen Energieversorgung anzustreben.<\/p>\n<p>Swissmint will mit der Serie \u00abEnergie der Zukunft\u00bb das Augenmerk auf die f\u00fcr uns alle wichtigen Themen des Klimawandels und der erneuerbaren Energien lenken.<\/p>\n<p>Die 20-Franken-Silberm\u00fcnze mit Farbaufdruck und fluoreszierenden Elementen ist in limitierter Auflage nur in der Qualit\u00e4t \u00abPolierte Platte\u00bb erh\u00e4ltlich. Die Gestaltung erfolgte durch die Graveure der Swissmint, Benjamin L\u00f6bbert (Bildseite) und Remo Mascherini (Wertseite).<\/p>\n<\/div>[vc_row_inner][vc_column_inner width=&#8220;2\/3&#8243;]<div class=\"section__text section__text--center intro-animation intro-animation--bottom\"><p>Nennwert: 20 Schweizer Franken<br \/>\nLegierung: Silber 825<br \/>\nDurchmesser: 33 mm<br \/>\nGewicht: 20 g<br \/>\nAusgabedatum: 21.07.2022<\/p>\n<p><strong>Auflage<\/strong><br \/>\nPolierte Platte:\u00a0 10&#8217;000 St\u00fcck<\/p>\n<p><strong>Preis<\/strong><br \/>\nPolierte Platte im Etui: CHF 75.-<\/p>\n<\/div>[\/vc_column_inner][vc_column_inner width=&#8220;1\/3&#8243;]<div class=\"section__image section__image--center intro-animation intro-animation--bottom\"><div class=\"picture_container\" style=\"width: 160px\"><picture><source media=\"(min-width: 768px)\" srcset=\"https:\/\/www.sondermuenze.ch\/wp-content\/uploads\/sondermuenze-sonnenenergie-front-swissmint.png\"><source media=\"(max-width: 767.98px)\" srcset=\"https:\/\/www.sondermuenze.ch\/wp-content\/uploads\/sondermuenze-sonnenenergie-front-swissmint.png\"><img decoding=\"async\" src=\"https:\/\/www.sondermuenze.ch\/wp-content\/uploads\/sondermuenze-sonnenenergie-front-swissmint.png\" alt=\"Silberm\u00fcnze \u00abSonnenenergie\u00bb\" width=\"620\" height=\"620\" \/><\/picture><\/div><\/div><div class=\"section__image section__image--center intro-animation intro-animation--bottom\"><div class=\"picture_container\" style=\"width: 160px\"><picture><source media=\"(min-width: 768px)\" srcset=\"https:\/\/www.sondermuenze.ch\/wp-content\/uploads\/sondermuenze-sonnenenergie-back-swissmint.png\"><source media=\"(max-width: 767.98px)\" srcset=\"https:\/\/www.sondermuenze.ch\/wp-content\/uploads\/sondermuenze-sonnenenergie-back-swissmint.png\"><img decoding=\"async\" src=\"https:\/\/www.sondermuenze.ch\/wp-content\/uploads\/sondermuenze-sonnenenergie-back-swissmint.png\" alt=\"Silberm\u00fcnze \u00abSonnenenergie\u00bb\" width=\"620\" height=\"620\" \/><\/picture><\/div><\/div>[\/vc_column_inner][\/vc_row_inner][\/vc_column][\/vc_row]<\/div>","protected":false},"excerpt":{"rendered":"[vc_row][vc_column][vc_row_inner][vc_column_inner width=&#8220;2\/3&#8243;][\/vc_column_inner][vc_column_inner width=&#8220;1\/3&#8243;][\/vc_column_inner][\/vc_row_inner][\/vc_column][\/vc_row]","protected":false},"author":4,"featured_media":0,"parent":0,"menu_order":71,"comment_status":"closed","ping_status":"closed","template":"","meta":{"_acf_changed":false,"footnotes":""},"class_list":["post-9809","page","type-page","status-publish","hentry"],"acf":[],"_links":{"self":[{"href":"https:\/\/www.sondermuenze.ch\/de\/wp-json\/wp\/v2\/pages\/9809","targetHints":{"allow":["GET"]}}],"collection":[{"href":"https:\/\/www.sondermuenze.ch\/de\/wp-json\/wp\/v2\/pages"}],"about":[{"href":"https:\/\/www.sondermuenze.ch\/de\/wp-json\/wp\/v2\/types\/page"}],"author":[{"embeddable":true,"href":"https:\/\/www.sondermuenze.ch\/de\/wp-json\/wp\/v2\/users\/4"}],"replies":[{"embeddable":true,"href":"https:\/\/www.sondermuenze.ch\/de\/wp-json\/wp\/v2\/comments?post=9809"}],"version-history":[{"count":2,"href":"https:\/\/www.sondermuenze.ch\/de\/wp-json\/wp\/v2\/pages\/9809\/revisions"}],"predecessor-version":[{"id":9825,"href":"https:\/\/www.sondermuenze.ch\/de\/wp-json\/wp\/v2\/pages\/9809\/revisions\/9825"}],"wp:attachment":[{"href":"https:\/\/www.sondermuenze.ch\/de\/wp-json\/wp\/v2\/media?parent=9809"}],"curies":[{"name":"wp","href":"https:\/\/api.w.org\/{rel}","templated":true}]}}