{"id":8977,"date":"2025-06-12T12:59:52","date_gmt":"2025-06-12T10:59:52","guid":{"rendered":"https:\/\/www.sondermuenze.ch\/?page_id=8977"},"modified":"2025-06-12T13:12:18","modified_gmt":"2025-06-12T11:12:18","slug":"silbermuenze-die-schweiz","status":"publish","type":"page","link":"https:\/\/www.sondermuenze.ch\/de\/silbermuenze-die-schweiz\/","title":{"rendered":"Silberm\u00fcnze Die Schweiz"},"content":{"rendered":"<div class=\"wpb-content-wrapper\">[vc_row][vc_column]<div class=\"section__text section__text--lead section__text--center intro-animation intro-animation--bottom\"><h1>Silberm\u00fcnze die Schweiz<\/h1>\n<p>Die Silberm\u00fcnze \u00abDie Schweiz\u00bb bietet eine faszinierende Darstellung unseres Landes in all seinen Facetten. Detailgenauigkeit pr\u00e4gt das Design, das zahlreiche Symbole enth\u00e4lt, die die Vielfalt und Einheit der Schweiz repr\u00e4sentieren.<\/p>\n<p>Am 12. September 1848 wurde mit der Bundesverfassung die moderne Schweiz geboren, ein Bundesstaat der durch den Zusammenschluss der Kantone entstand. Dieses Datum wird mit der Ausgabe der M\u00fcnze geehrt, die unsere f\u00f6derale Struktur w\u00fcrdigt. Diese Struktur ist entscheidend f\u00fcr die Innovationskraft, den Dialog und den nationalen Zusammenhalt der Schweiz.<\/p>\n<p>Diese Sonderm\u00fcnze symbolisiert die Schweiz mit all ihren Kantonen. Die Bildseite der M\u00fcnze zeigt Berge, die an die Schweizer Alpen erinnern, eine Eisenbahn, die auf das dichte Eisenbahnnetz verweist, Edelweiss, eine typische Alpenblume, und einen Quarzkristall, der den Mineralienreichtum der Alpen widerspiegelt, sowie eine Br\u00fccke, die die technische Infrastruktur symbolisiert. Zahnr\u00e4der verweisen auf die Uhrmacherei, und ein K\u00e4se steht f\u00fcr die ber\u00fchmte Schweizer K\u00e4setradition. Auf der Wertseite der M\u00fcnze sind die Wappen der 26 Kantone abgebildet.<\/p>\n<\/div>[vc_row_inner][vc_column_inner width=&#8220;2\/3&#8243;]<div class=\"section__text section__text--center intro-animation intro-animation--bottom\"><p>Nennwert: 20 Schweizer Franken<br \/>\nLegierung: Silber 999<br \/>\nDurchmesser: 33 mm<br \/>\nGewicht: 20 g<br \/>\nAusgabedatum: 12.09.2024<\/p>\n<p><strong>Auflage<\/strong><br \/>\nPolierte Platte:\u00a0 4&#8217;800 St\u00fcck<br \/>\nPolierte Platte mit K\u00fcnstlerzertifikat: 200 St\u00fcck<br \/>\nUnzirkuliert: 7&#8217;500 St\u00fcck<\/p>\n<p><strong>Preis<\/strong><br \/>\nPolierte Platte im Etui: CHF 75.-<br \/>\nPolierte Platte mit K\u00fcnstlerzertifikat: CHF 90.-<br \/>\nUnzirkuliert: CHF 25.-<\/p>\n<\/div>[\/vc_column_inner][vc_column_inner width=&#8220;1\/3&#8243;]<div class=\"section__image section__image--center intro-animation intro-animation--bottom\"><div class=\"picture_container\" style=\"width: 160px\"><picture><source media=\"(min-width: 768px)\" srcset=\"https:\/\/www.sondermuenze.ch\/wp-content\/uploads\/swissmint-soldat-schweiz-20fr-bs-620x620px-1.png\"><source media=\"(max-width: 767.98px)\" srcset=\"https:\/\/www.sondermuenze.ch\/wp-content\/uploads\/swissmint-soldat-schweiz-20fr-bs-620x620px-1.png\"><img decoding=\"async\" src=\"https:\/\/www.sondermuenze.ch\/wp-content\/uploads\/swissmint-soldat-schweiz-20fr-bs-620x620px-1.png\" alt=\"Silberm\u00fcnze Schweiz\" width=\"620\" height=\"620\" \/><\/picture><\/div><\/div><div class=\"section__image section__image--center intro-animation intro-animation--bottom\"><div class=\"picture_container\" style=\"width: 160px\"><picture><source media=\"(min-width: 768px)\" srcset=\"https:\/\/www.sondermuenze.ch\/wp-content\/uploads\/swissmint-soldat-schweiz-20fr-ws-620x620px.png\"><source media=\"(max-width: 767.98px)\" srcset=\"https:\/\/www.sondermuenze.ch\/wp-content\/uploads\/swissmint-soldat-schweiz-20fr-ws-620x620px.png\"><img decoding=\"async\" src=\"https:\/\/www.sondermuenze.ch\/wp-content\/uploads\/swissmint-soldat-schweiz-20fr-ws-620x620px.png\" alt=\"Silberm\u00fcnze Schweiz\" width=\"620\" height=\"620\" \/><\/picture><\/div><\/div>[\/vc_column_inner][\/vc_row_inner][\/vc_column][\/vc_row]<\/div>","protected":false},"excerpt":{"rendered":"[vc_row][vc_column][vc_row_inner][vc_column_inner width=&#8220;2\/3&#8243;][\/vc_column_inner][vc_column_inner width=&#8220;1\/3&#8243;][\/vc_column_inner][\/vc_row_inner][\/vc_column][\/vc_row]","protected":false},"author":3,"featured_media":0,"parent":0,"menu_order":77,"comment_status":"closed","ping_status":"closed","template":"","meta":{"_acf_changed":false,"footnotes":""},"class_list":["post-8977","page","type-page","status-publish","hentry"],"acf":[],"_links":{"self":[{"href":"https:\/\/www.sondermuenze.ch\/de\/wp-json\/wp\/v2\/pages\/8977","targetHints":{"allow":["GET"]}}],"collection":[{"href":"https:\/\/www.sondermuenze.ch\/de\/wp-json\/wp\/v2\/pages"}],"about":[{"href":"https:\/\/www.sondermuenze.ch\/de\/wp-json\/wp\/v2\/types\/page"}],"author":[{"embeddable":true,"href":"https:\/\/www.sondermuenze.ch\/de\/wp-json\/wp\/v2\/users\/3"}],"replies":[{"embeddable":true,"href":"https:\/\/www.sondermuenze.ch\/de\/wp-json\/wp\/v2\/comments?post=8977"}],"version-history":[{"count":3,"href":"https:\/\/www.sondermuenze.ch\/de\/wp-json\/wp\/v2\/pages\/8977\/revisions"}],"predecessor-version":[{"id":8996,"href":"https:\/\/www.sondermuenze.ch\/de\/wp-json\/wp\/v2\/pages\/8977\/revisions\/8996"}],"wp:attachment":[{"href":"https:\/\/www.sondermuenze.ch\/de\/wp-json\/wp\/v2\/media?parent=8977"}],"curies":[{"name":"wp","href":"https:\/\/api.w.org\/{rel}","templated":true}]}}