{"id":7722,"date":"2024-11-11T14:07:07","date_gmt":"2024-11-11T13:07:07","guid":{"rendered":"https:\/\/www.sondermuenze.ch\/?page_id=7722"},"modified":"2024-11-11T13:58:10","modified_gmt":"2024-11-11T12:58:10","slug":"sondermuenze-rosenlauigletscher","status":"publish","type":"page","link":"https:\/\/www.sondermuenze.ch\/de\/sondermuenze-rosenlauigletscher\/","title":{"rendered":"Sonderm\u00fcnze Rosenlauigletscher"},"content":{"rendered":"<div class=\"wpb-content-wrapper\">[vc_row][vc_column]<div class=\"section__text section__text--lead section__text--center intro-animation intro-animation--bottom\"><h1>Sonderm\u00fcnze Rosenlauigletscher<\/h1>\n<p>Der zum Zeitpunkt der Pr\u00e4gung dieser M\u00fcnze 4,5 km lange und durchschnittlich 1 km breite Rosenlauigletscher liegt am Nordostende der Berner Alpen s\u00fcdlich von Meiringen. Der eher kleinere Talgletscher bedeckt eine Fl\u00e4che von ungef\u00e4hr 6 km\u00b2. Der Ausgangspunkt liegt im Wetterkessel an der Nordostflanke der Wetterhorngruppe. Gegen S\u00fcden ist der Gletscher \u00fcber firnbedeckte K\u00e4mme mit dem Gauligletscher und dem Oberen Grindelwaldgletscher verbunden. Im Westen wird er vom Felsgrat des Wellhorns und des Kleinen Wellhorns flankiert, im Osten vom Dossen. Die Gletscherzunge liegt auf rund 2000 m \u00fc. M. Hier entspringt der Weissenbach, der mit Wasserf\u00e4llen steil ins Tal f\u00e4llt und in den Reichenbach m\u00fcndet. Dieser f\u00fchrt \u00fcber den Reichenbachfall durch das Reichenbachtal zur Aare.<\/p>\n<p>Heute ist das Gebiet des Rosenlauigletschers zusammen mit dem Aletschgletscher und den umliegenden Regionen Bestandteil des UNESCO-Weltnaturerbes Schweizer Alpen Jungfrau-Aletsch.<\/p>\n<\/div>[vc_row_inner][vc_column_inner width=&#8220;2\/3&#8243;]<div class=\"section__text section__text--center intro-animation intro-animation--bottom\"><p>Nennwert: 10 Schweizer Franken<br \/>\nLegierung: Alu-Bronze und Kupfer-Nickel<br \/>\nDurchmesser: 33 mm<br \/>\nGewicht: 15 g<br \/>\nAusgabedatum: 31.01.2023<\/p>\n<p><strong>Auflage<\/strong><br \/>\nPolierte Platte:\u00a0 2&#8217;500 St\u00fcck<br \/>\nPolierte Platte signiert: 250 St\u00fcck<br \/>\nUnzirkuliert: 9&#8217;000 St\u00fcck<br \/>\nUnzirkuliert, in M\u00fcnzbox: 1&#8217;000 St\u00fcck<\/p>\n<p><strong>Preis<\/strong><br \/>\nPolierte Platte im Etui: CHF 55.-<br \/>\nPolierte Platte im Etui mit K\u00fcnstlerzertifikat: CHF 70.-<br \/>\nUnzirkuliert: CHF 20.-<br \/>\nUnzirkuliert, in M\u00fcnzbox: CHF 65.-<\/p>\n<\/div>[\/vc_column_inner][vc_column_inner width=&#8220;1\/3&#8243;]<div class=\"section__image section__image--center intro-animation intro-animation--bottom\"><div class=\"picture_container\" style=\"width: 160px\"><picture><source media=\"(min-width: 768px)\" srcset=\"https:\/\/www.sondermuenze.ch\/wp-content\/uploads\/sondermuenze-rosenlauigletscher-front-swissmint.png\"><source media=\"(max-width: 767.98px)\" srcset=\"https:\/\/www.sondermuenze.ch\/wp-content\/uploads\/sondermuenze-rosenlauigletscher-front-swissmint.png\"><img decoding=\"async\" src=\"https:\/\/www.sondermuenze.ch\/wp-content\/uploads\/sondermuenze-rosenlauigletscher-front-swissmint.png\" alt=\"Sonderm\u00fcnze Rosenlauigletscher\" width=\"620\" height=\"620\" \/><\/picture><\/div><\/div><div class=\"section__image section__image--center intro-animation intro-animation--bottom\"><div class=\"picture_container\" style=\"width: 160px\"><picture><source media=\"(min-width: 768px)\" srcset=\"https:\/\/www.sondermuenze.ch\/wp-content\/uploads\/rosenlaui-sondermuenze-rs-620x620px.png\"><source media=\"(max-width: 767.98px)\" srcset=\"https:\/\/www.sondermuenze.ch\/wp-content\/uploads\/rosenlaui-sondermuenze-rs-620x620px.png\"><img decoding=\"async\" src=\"https:\/\/www.sondermuenze.ch\/wp-content\/uploads\/rosenlaui-sondermuenze-rs-620x620px.png\" alt=\"Sonderm\u00fcnze Rosenlauigletscher\" width=\"620\" height=\"620\" \/><\/picture><\/div><\/div>[\/vc_column_inner][\/vc_row_inner][\/vc_column][\/vc_row]<\/div>","protected":false},"excerpt":{"rendered":"[vc_row][vc_column][vc_row_inner][vc_column_inner width=&#8220;2\/3&#8243;][\/vc_column_inner][vc_column_inner width=&#8220;1\/3&#8243;][\/vc_column_inner][\/vc_row_inner][\/vc_column][\/vc_row]","protected":false},"author":3,"featured_media":0,"parent":0,"menu_order":46,"comment_status":"closed","ping_status":"closed","template":"","meta":{"_acf_changed":false,"footnotes":""},"class_list":["post-7722","page","type-page","status-publish","hentry"],"acf":[],"_links":{"self":[{"href":"https:\/\/www.sondermuenze.ch\/de\/wp-json\/wp\/v2\/pages\/7722","targetHints":{"allow":["GET"]}}],"collection":[{"href":"https:\/\/www.sondermuenze.ch\/de\/wp-json\/wp\/v2\/pages"}],"about":[{"href":"https:\/\/www.sondermuenze.ch\/de\/wp-json\/wp\/v2\/types\/page"}],"author":[{"embeddable":true,"href":"https:\/\/www.sondermuenze.ch\/de\/wp-json\/wp\/v2\/users\/3"}],"replies":[{"embeddable":true,"href":"https:\/\/www.sondermuenze.ch\/de\/wp-json\/wp\/v2\/comments?post=7722"}],"version-history":[{"count":2,"href":"https:\/\/www.sondermuenze.ch\/de\/wp-json\/wp\/v2\/pages\/7722\/revisions"}],"predecessor-version":[{"id":7727,"href":"https:\/\/www.sondermuenze.ch\/de\/wp-json\/wp\/v2\/pages\/7722\/revisions\/7727"}],"wp:attachment":[{"href":"https:\/\/www.sondermuenze.ch\/de\/wp-json\/wp\/v2\/media?parent=7722"}],"curies":[{"name":"wp","href":"https:\/\/api.w.org\/{rel}","templated":true}]}}