{"id":7649,"date":"2024-11-08T14:59:39","date_gmt":"2024-11-08T13:59:39","guid":{"rendered":"https:\/\/www.sondermuenze.ch\/?page_id=7649"},"modified":"2024-11-08T14:56:51","modified_gmt":"2024-11-08T13:56:51","slug":"25-franken-goldmuenze-2024","status":"publish","type":"page","link":"https:\/\/www.sondermuenze.ch\/de\/25-franken-goldmuenze-2024\/","title":{"rendered":"25-Franken-Goldm\u00fcnze 2024"},"content":{"rendered":"<div class=\"wpb-content-wrapper\">[vc_row][vc_column]<div class=\"section__text section__text--lead section__text--center intro-animation intro-animation--bottom\"><h1>25-Franken-Goldm\u00fcnze 2024<\/h1>\n<p>Die 25-Franken-Goldm\u00fcnze 2024 markiert einen bedeutenden Moment in der Geschichte der Swissmint. Diese M\u00fcnze mit ihrem schlichten Design ist in h\u00f6chster Polierte Platte Qualit\u00e4t gefertigt. Auf der Vorderseite sind das Schweizerkreuz und der Wert 25 FR, begleitet von der Umschrift \u00abCONFOEDERATIO HELVETICA\u00bb \u2013 eine Hommage an die klassischen 25-Franken-Goldm\u00fcnzen von 1955, 1958 und 1959. Die R\u00fcckseite ziert das Schweizer Wappen mit einem Kreuz aus f\u00fcnf gleichen Quadraten auf bl\u00fchenden Alpenrosenzweigen; oberhalb befindet sich die Aufschrift \u00abSWITZERLAND\u00bb, w\u00e4hrend unterhalb die Jahreszahl 2024 steht. Dieses Design ist inspiriert von der historischen 20-Franken-Goldm\u00fcnze von 1871 und bringt einen Hauch von Tradition in die Moderne.<\/p>\n<p>Besonders hervorzuheben ist die Randschrift \u00abDOMINUS PROVIDEBIT\u00bb und 13 Sterne, die diese M\u00fcnze als erste der modernen 25-Franken-Goldm\u00fcnzen tr\u00e4gt. Diese Inschrift verleiht der M\u00fcnze einen tiefen symbolischen Wert.<\/p>\n<p>Die Swissmint hat mit dieser M\u00fcnze etwas Einzigartiges geschaffen \u2013 eine Verbindung von Vergangenheit und Gegenwart, die nicht nur Sammlerherzen h\u00f6herschlagen l\u00e4sst. Ab 2026 ist geplant die 25-Franken-Goldm\u00fcnze j\u00e4hrlich in Stempelglanzqualit\u00e4t im gleichen Design herauszugeben, was sie zu einem dauerhaften Begleiter f\u00fcr jeden M\u00fcnzsammler macht.<\/p>\n<p>Diese M\u00fcnze ist ein St\u00fcck Schweizer Geschichte, das in keiner Sammlung fehlen sollte. Ein Must-Have f\u00fcr alle, die die Tradition und das handwerkliche K\u00f6nnen der Swissmint sch\u00e4tzen.<\/p>\n<\/div>[vc_row_inner][vc_column_inner width=&#8220;2\/3&#8243;]<div class=\"section__text section__text--center intro-animation intro-animation--bottom\"><p>Nennwert: 25 Schweizer Franken<br \/>\nLegierung: Gold 900<br \/>\nDurchmesser: 20 mm<br \/>\nGewicht: 5.64 g<br \/>\nAusgabedatum: 01.11.2024<\/p>\n<p><strong>Auflage<\/strong><br \/>\nPolierte Platte:\u00a0 5&#8217;000 St\u00fcck<\/p>\n<p><strong>Preis<\/strong><br \/>\nPolierte Platte im Etui: CHF 450.-<\/p>\n<\/div>[\/vc_column_inner][vc_column_inner width=&#8220;1\/3&#8243;]<div class=\"section__image section__image--center intro-animation intro-animation--bottom\"><div class=\"picture_container\" style=\"width: 160px\"><picture><source media=\"(min-width: 768px)\" srcset=\"https:\/\/www.sondermuenze.ch\/wp-content\/uploads\/swissmint-soldat-2024-25fr-bs-620x620px.png\"><source media=\"(max-width: 767.98px)\" srcset=\"https:\/\/www.sondermuenze.ch\/wp-content\/uploads\/swissmint-soldat-2024-25fr-bs-620x620px.png\"><img decoding=\"async\" src=\"https:\/\/www.sondermuenze.ch\/wp-content\/uploads\/swissmint-soldat-2024-25fr-bs-620x620px.png\" alt=\"25-Franken-Goldm\u00fcnze 2024\" width=\"620\" height=\"620\" \/><\/picture><\/div><\/div><div class=\"section__image section__image--center intro-animation intro-animation--bottom\"><div class=\"picture_container\" style=\"width: 160px\"><picture><source media=\"(min-width: 768px)\" srcset=\"https:\/\/www.sondermuenze.ch\/wp-content\/uploads\/swissmint-soldat-2024-25fr-ws-620x620px.png\"><source media=\"(max-width: 767.98px)\" srcset=\"https:\/\/www.sondermuenze.ch\/wp-content\/uploads\/swissmint-soldat-2024-25fr-ws-620x620px.png\"><img decoding=\"async\" src=\"https:\/\/www.sondermuenze.ch\/wp-content\/uploads\/swissmint-soldat-2024-25fr-ws-620x620px.png\" alt=\"25-Franken-Goldm\u00fcnze 2024\" width=\"620\" height=\"620\" \/><\/picture><\/div><\/div>[\/vc_column_inner][\/vc_row_inner][\/vc_column][\/vc_row]<\/div>","protected":false},"excerpt":{"rendered":"[vc_row][vc_column][vc_row_inner][vc_column_inner width=&#8220;2\/3&#8243;][\/vc_column_inner][vc_column_inner width=&#8220;1\/3&#8243;][\/vc_column_inner][\/vc_row_inner][\/vc_column][\/vc_row]","protected":false},"author":3,"featured_media":0,"parent":0,"menu_order":53,"comment_status":"closed","ping_status":"closed","template":"","meta":{"_acf_changed":false,"footnotes":""},"class_list":["post-7649","page","type-page","status-publish","hentry"],"acf":[],"_links":{"self":[{"href":"https:\/\/www.sondermuenze.ch\/de\/wp-json\/wp\/v2\/pages\/7649","targetHints":{"allow":["GET"]}}],"collection":[{"href":"https:\/\/www.sondermuenze.ch\/de\/wp-json\/wp\/v2\/pages"}],"about":[{"href":"https:\/\/www.sondermuenze.ch\/de\/wp-json\/wp\/v2\/types\/page"}],"author":[{"embeddable":true,"href":"https:\/\/www.sondermuenze.ch\/de\/wp-json\/wp\/v2\/users\/3"}],"replies":[{"embeddable":true,"href":"https:\/\/www.sondermuenze.ch\/de\/wp-json\/wp\/v2\/comments?post=7649"}],"version-history":[{"count":1,"href":"https:\/\/www.sondermuenze.ch\/de\/wp-json\/wp\/v2\/pages\/7649\/revisions"}],"predecessor-version":[{"id":7660,"href":"https:\/\/www.sondermuenze.ch\/de\/wp-json\/wp\/v2\/pages\/7649\/revisions\/7660"}],"wp:attachment":[{"href":"https:\/\/www.sondermuenze.ch\/de\/wp-json\/wp\/v2\/media?parent=7649"}],"curies":[{"name":"wp","href":"https:\/\/api.w.org\/{rel}","templated":true}]}}