{"id":6057,"date":"2024-05-06T10:54:04","date_gmt":"2024-05-06T08:54:04","guid":{"rendered":"https:\/\/www.sondermuenze.ch\/?page_id=6057"},"modified":"2024-05-07T11:35:50","modified_gmt":"2024-05-07T09:35:50","slug":"boutique","status":"publish","type":"page","link":"https:\/\/www.sondermuenze.ch\/de\/unternehmen\/boutique\/","title":{"rendered":"Boutique"},"content":{"rendered":"<div class=\"wpb-content-wrapper\">[vc_row][vc_column]<div class=\"section__text section__text--lead section__text--center intro-animation intro-animation--bottom\"><h1>Swissmint Boutique<\/h1>\n<\/div><div class=\"section__text section__text--lead section__text--center intro-animation intro-animation--bottom\"><p>Ein einzigartiger Ort, an dem die Geschichte sowie die Kunst der Numismatik und der eidgen\u00f6ssischen M\u00fcnzpr\u00e4gest\u00e4tte Swissmint lebendig werden.<\/p>\n<\/div><div class=\"section__teaser_special\"><div class=\"teaser_special row_simple middle-xs \"><div class=\"teaser_special__media col-l-6 col-xs-12 intro-animation-mobile\"><div class=\"picture_container\"><picture><source srcset=\"https:\/\/www.sondermuenze.ch\/wp-content\/uploads\/boutique.jpg\"><img decoding=\"async\" src=\"https:\/\/www.sondermuenze.ch\/wp-content\/uploads\/boutique.jpg\" alt=\"Swissmint Boutique\" width=\"800\" height=\"800\"\/><\/picture><\/div><\/div><div class=\"teaser_special__content col-l-6 col-xs-12 intro-animation intro-animation--left\"><div class=\"teaser_special__content__inside\"><h2>Im Herzen von Bern<\/h2>\n<p>&nbsp;<\/p>\n<p>&nbsp;<\/p>\n<p>Die Boutique befindet sich im Herzen der eidgen\u00f6ssischen M\u00fcnzpr\u00e4geanstalt Swissmint in Bern und wurde im M\u00e4rz 2024 er\u00f6ffnet. Hier werden die neuesten Sonderm\u00fcnzen pr\u00e4sentiert und zum Verkauf angeboten. Auch eine Sammlung alter Sonderm\u00fcnzen ist in der Boutique ausgestellt.<\/p>\n<p>Sobald die Besucher die T\u00fcrschwelle \u00fcberschritten haben, tauchen sie in die Geschichte der Numismatik und der Schweizer M\u00fcnzen ein. Die ausgestellten Sonderm\u00fcnzen wurden von unseren Designern entworfen und erz\u00e4hlen eine faszinierende Geschichte, die mit der Kultur unseres Landes, ber\u00fchmten Pers\u00f6nlichkeiten oder bedeutenden Ereignissen in Verbindung steht.<\/p>\n<\/div><\/div><\/div><\/div><div class=\"section__text section__text--center intro-animation intro-animation--bottom\"><h2>Ein spannendes interaktives Erlebnis<\/h2>\n<\/div><div class=\"section__text section__text--center intro-animation intro-animation--bottom\"><p>Das Besondere an der Swissmint Boutique ist die einzigartige M\u00f6glichkeit f\u00fcr Kundinnen und Kunden, mit den Ausstellungsst\u00fccken zu interagieren. Dazu stehen innovative Touchscreens zur Verf\u00fcgung, die ein spannendes interaktives Erlebnis bieten. Auf diesen Bildschirmen k\u00f6nnen die Besucherinnen und Besucher Informationen zu jeder M\u00fcnze abrufen und auf spielerische Weise jedes Detail der Sonderm\u00fcnzen entdecken.<\/p>\n<\/div><div class=\"section__gallery\"><div class=\"gallery intro-animation intro-animation--bottom\"><div class=\"swiper swiper--gallery swiper--gallery1\"><div class=\"swiper-container\"><div class=\"swiper-wrapper\"><div class=\"swiper-slide gallery__img\"><div class=\"gallery__img__container\"><div class=\"picture_container\"><picture><source media=\"(min-width: 768px)\" srcset=\"https:\/\/www.sondermuenze.ch\/wp-content\/uploads\/swissmint-1104248333-1280x730.jpg\"><source media=\"(max-width: 767.98px)\" srcset=\"https:\/\/www.sondermuenze.ch\/wp-content\/uploads\/swissmint-1104248333-768x438.jpg\"><img decoding=\"async\" src=\"https:\/\/www.sondermuenze.ch\/wp-content\/uploads\/swissmint-1104248333-1280x730.jpg\" alt=\"Boutique Swissmint\" width=\"1280\" height=\"730\" \/><\/picture><\/div><\/div><span class=\"gallery__desc\"><\/span><\/div><div class=\"swiper-slide gallery__img\"><div class=\"gallery__img__container\"><div class=\"picture_container\"><picture><source media=\"(min-width: 768px)\" srcset=\"https:\/\/www.sondermuenze.ch\/wp-content\/uploads\/swissmint-1104248375-1280x730.jpg\"><source media=\"(max-width: 767.98px)\" srcset=\"https:\/\/www.sondermuenze.ch\/wp-content\/uploads\/swissmint-1104248375-768x438.jpg\"><img decoding=\"async\" src=\"https:\/\/www.sondermuenze.ch\/wp-content\/uploads\/swissmint-1104248375-1280x730.jpg\" alt=\"Boutique Swissmint\" width=\"1280\" height=\"730\" \/><\/picture><\/div><\/div><span class=\"gallery__desc\"><\/span><\/div><div class=\"swiper-slide gallery__img\"><div class=\"gallery__img__container\"><div class=\"picture_container\"><picture><source media=\"(min-width: 768px)\" srcset=\"https:\/\/www.sondermuenze.ch\/wp-content\/uploads\/swissmint-1104248443-1280x730.jpg\"><source media=\"(max-width: 767.98px)\" srcset=\"https:\/\/www.sondermuenze.ch\/wp-content\/uploads\/swissmint-1104248443-768x438.jpg\"><img decoding=\"async\" src=\"https:\/\/www.sondermuenze.ch\/wp-content\/uploads\/swissmint-1104248443-1280x730.jpg\" alt=\"Boutique Swissmint\" width=\"1280\" height=\"730\" \/><\/picture><\/div><\/div><span class=\"gallery__desc\"><\/span><\/div><div class=\"swiper-slide gallery__img\"><div class=\"gallery__img__container\"><div class=\"picture_container\"><picture><source media=\"(min-width: 768px)\" srcset=\"https:\/\/www.sondermuenze.ch\/wp-content\/uploads\/swissmint-1104248412-1280x730.jpg\"><source media=\"(max-width: 767.98px)\" srcset=\"https:\/\/www.sondermuenze.ch\/wp-content\/uploads\/swissmint-1104248412-768x438.jpg\"><img decoding=\"async\" src=\"https:\/\/www.sondermuenze.ch\/wp-content\/uploads\/swissmint-1104248412-1280x730.jpg\" alt=\"Boutique Swissmint\" width=\"1280\" height=\"730\" \/><\/picture><\/div><\/div><span class=\"gallery__desc\"><\/span><\/div><div class=\"swiper-slide gallery__img\"><div class=\"gallery__img__container\"><div class=\"picture_container\"><picture><source media=\"(min-width: 768px)\" srcset=\"https:\/\/www.sondermuenze.ch\/wp-content\/uploads\/swissmint-1104248418-1280x730.jpg\"><source media=\"(max-width: 767.98px)\" srcset=\"https:\/\/www.sondermuenze.ch\/wp-content\/uploads\/swissmint-1104248418-768x438.jpg\"><img decoding=\"async\" src=\"https:\/\/www.sondermuenze.ch\/wp-content\/uploads\/swissmint-1104248418-1280x730.jpg\" alt=\"Boutique Swissmint\" width=\"1280\" height=\"730\" \/><\/picture><\/div><\/div><span class=\"gallery__desc\"><\/span><\/div><div class=\"swiper-slide gallery__img\"><div class=\"gallery__img__container\"><div class=\"picture_container\"><picture><source media=\"(min-width: 768px)\" srcset=\"https:\/\/www.sondermuenze.ch\/wp-content\/uploads\/swissmint-1104248325-1280x730.jpg\"><source media=\"(max-width: 767.98px)\" srcset=\"https:\/\/www.sondermuenze.ch\/wp-content\/uploads\/swissmint-1104248325-768x438.jpg\"><img decoding=\"async\" src=\"https:\/\/www.sondermuenze.ch\/wp-content\/uploads\/swissmint-1104248325-1280x730.jpg\" alt=\"Boutique Swissmint\" width=\"1280\" height=\"730\" \/><\/picture><\/div><\/div><span class=\"gallery__desc\"><\/span><\/div><\/div><div class=\"swiper-pagination\"><\/div><\/div><div class=\"swiper-button swiper-button-prev\"><div class=\"swiper-button__container\"><div class=\"swiper-button__inside\"><svg class=\"icon icon--gallery-left icon--gallery-left--first icon--black\"><use href=\"#icon_gallery_left\"><\/use><\/svg><svg class=\"icon icon--gallery-left icon--gallery-left--second icon--black\"><use href=\"#icon_gallery_left\"><\/use><\/svg><\/div><\/div><\/div><div class=\"swiper-button swiper-button-next\"><div class=\"swiper-button__container\"><div class=\"swiper-button__inside\"><svg class=\"icon icon--gallery-right icon--gallery-right--second icon--black\"><use href=\"#icon_gallery_right\"><\/use><\/svg><svg class=\"icon icon--gallery-right icon--gallery-right--first icon--black\"><use href=\"#icon_gallery_right\"><\/use><\/svg><\/div><\/div><\/div><\/div><\/div><\/div><div class=\"section__text section__text--center intro-animation intro-animation--bottom\"><h2>\u00d6ffnung der Boutique<\/h2>\n<p>Der Boutique ist momentan nur w\u00e4hrend der F\u00fchrungen ge\u00f6ffnet. Die F\u00fchrungen der Swissmint sind kostenlos und f\u00fcr die \u00d6ffentlichkeit zug\u00e4nglich. Sie k\u00f6nnen sich f\u00fcr einen vorgeschlagenen Termin unter folgendem Link anmelden.<\/p>\n<\/div><div class=\"section__button section__button--center intro-animation intro-animation--bottom\"><div class=\"button button--arrow button--transparent\"><a href=\"https:\/\/www.sondermuenze.ch\/de\/unternehmen\/fuehrung\/\" class=\"full\">F\u00fchrung<\/a><span><svg class=\"icon icon--arrow icon--arrow-left\"><use href=\"#icon_arrow\"><\/use><\/svg><span>F\u00fchrung<\/span><svg class=\"icon icon--arrow icon--arrow-right\"><use href=\"#icon_arrow\"><\/use><\/svg><\/span><\/div><\/div>[\/vc_column][\/vc_row]<\/div>","protected":false},"excerpt":{"rendered":"[vc_row][vc_column][\/vc_column][\/vc_row]","protected":false},"author":4,"featured_media":0,"parent":32,"menu_order":133,"comment_status":"closed","ping_status":"closed","template":"","meta":{"_acf_changed":false,"footnotes":""},"class_list":["post-6057","page","type-page","status-publish","hentry"],"acf":[],"_links":{"self":[{"href":"https:\/\/www.sondermuenze.ch\/de\/wp-json\/wp\/v2\/pages\/6057","targetHints":{"allow":["GET"]}}],"collection":[{"href":"https:\/\/www.sondermuenze.ch\/de\/wp-json\/wp\/v2\/pages"}],"about":[{"href":"https:\/\/www.sondermuenze.ch\/de\/wp-json\/wp\/v2\/types\/page"}],"author":[{"embeddable":true,"href":"https:\/\/www.sondermuenze.ch\/de\/wp-json\/wp\/v2\/users\/4"}],"replies":[{"embeddable":true,"href":"https:\/\/www.sondermuenze.ch\/de\/wp-json\/wp\/v2\/comments?post=6057"}],"version-history":[{"count":16,"href":"https:\/\/www.sondermuenze.ch\/de\/wp-json\/wp\/v2\/pages\/6057\/revisions"}],"predecessor-version":[{"id":6062,"href":"https:\/\/www.sondermuenze.ch\/de\/wp-json\/wp\/v2\/pages\/6057\/revisions\/6062"}],"up":[{"embeddable":true,"href":"https:\/\/www.sondermuenze.ch\/de\/wp-json\/wp\/v2\/pages\/32"}],"wp:attachment":[{"href":"https:\/\/www.sondermuenze.ch\/de\/wp-json\/wp\/v2\/media?parent=6057"}],"curies":[{"name":"wp","href":"https:\/\/api.w.org\/{rel}","templated":true}]}}