{"id":5242,"date":"2023-11-23T10:01:25","date_gmt":"2023-11-23T09:01:25","guid":{"rendered":"https:\/\/www.sondermuenze.ch\/?page_id=5242"},"modified":"2024-11-08T14:37:02","modified_gmt":"2024-11-08T13:37:02","slug":"sprachenvielfalt-goldmuenze","status":"publish","type":"page","link":"https:\/\/www.sondermuenze.ch\/de\/sprachenvielfalt-goldmuenze\/","title":{"rendered":"Goldm\u00fcnze \u00abSchweizer Sprachenvielfalt\u00bb"},"content":{"rendered":"<div class=\"wpb-content-wrapper\">[vc_row][vc_column]<div class=\"section__text section__text--lead section__text--center intro-animation intro-animation--bottom\"><h1>Goldm\u00fcnze \u00abSchweizer Sprachenvielfalt\u00bb<\/h1>\n<p>Die Sonderm\u00fcnze zelebriert eine Besonderheit und ein pr\u00e4gendes Merkmal der Schweiz, die Mehrsprachigkeit. Diese ist laut Nicoletta Mariolini, der Delegierten des Bundes f\u00fcr Mehrsprachigkeit, Gold wert.<\/p>\n<p>Die 5,64 g schwere, aus Gold 900 hergestellte Sonderm\u00fcnze \u00abSchweizer Sprachenvielfalt\u00bb zeigt auf der Bildseite die vier Sprachregionen. Von links nach rechts die franz\u00f6sische Schweiz, die Deutschschweiz, die italienische und dann die r\u00e4toromanische Schweiz. Gekonnt verbinden sich diese vier Sprachregionen zu einem Gesamtbild: 4 Sprachen, 4 Regionen, eine Schweiz. Der Titel der M\u00fcnze \u00abVarietad Linguistica\u00bb entstammt dem Rumantsch Grischun und ist eine Hommage an den Absatz 5 des Artikel 70 der Bundesverfassung: \u00abDer Bund unterst\u00fctzt Massnahmen der Kantone Graub\u00fcnden und Tessin zur Erhaltung und F\u00f6rderung der r\u00e4toromanischen und der italienischen Sprache.\u00bb Die Werteseite zeigt vier Sprechblasen, die zusammen ein Schweizerkreuz bilden, mit Zitaten aus Artikel 70 der Bundesverfassung. In Deutsch Absatz 3, der die Grundlage f\u00fcr die F\u00f6rderung der Mehrsprachigkeit legt, in Franz\u00f6sisch Absatz 4, der den mehrsprachigen Kantonen Bundesunterst\u00fctzung zusichert, und in Italienisch und R\u00e4toromanisch Absatz 5, der den Kantonen Graub\u00fcnden und Tessin f\u00fcr die Erhaltung und F\u00f6rderung der r\u00e4toromanischen und der italienischen Sprache Unterst\u00fctzung des Bundes garantiert. Die Wertseite zeigt aussen am Rand im Uhrzeigersinn die Bezeichnung CONFOEDERATIO HELVETICA, das Pr\u00e4gejahr 2023 und den Wert 25 FR.<\/p>\n<\/div>[vc_row_inner][vc_column_inner width=&#8220;2\/3&#8243;]<div class=\"section__text section__text--center intro-animation intro-animation--bottom\"><p>Nennwert: 25 Schweizer Franken<br \/>\nLegierung: Gold 900<br \/>\nDurchmesser: 20 mm<br \/>\nGewicht: 5.64 g<br \/>\nAusgabedatum: 30.11.2023<\/p>\n<p><strong>Auflage<\/strong><br \/>\nPolierte Platte:\u00a0 5&#8217;000 St\u00fcck<\/p>\n<p><strong>Preis<\/strong><br \/>\nPolierte Platte im Etui: CHF 429.-<\/p>\n<\/div>[\/vc_column_inner][vc_column_inner width=&#8220;1\/3&#8243;]<div class=\"section__image section__image--center intro-animation intro-animation--bottom\"><div class=\"picture_container\" style=\"width: 160px\"><picture><source media=\"(min-width: 768px)\" srcset=\"https:\/\/www.sondermuenze.ch\/wp-content\/uploads\/swissmint-soldat-sprachenvielfalt-bs-low-620x620px.png\"><source media=\"(max-width: 767.98px)\" srcset=\"https:\/\/www.sondermuenze.ch\/wp-content\/uploads\/swissmint-soldat-sprachenvielfalt-bs-low-620x620px.png\"><img decoding=\"async\" src=\"https:\/\/www.sondermuenze.ch\/wp-content\/uploads\/swissmint-soldat-sprachenvielfalt-bs-low-620x620px.png\" alt=\"Goldm\u00fcnze \u00abSchweizer Sprachenvielfalt\u00bb\" width=\"620\" height=\"620\" \/><\/picture><\/div><\/div><div class=\"section__image section__image--center intro-animation intro-animation--bottom\"><div class=\"picture_container\" style=\"width: 160px\"><picture><source media=\"(min-width: 768px)\" srcset=\"https:\/\/www.sondermuenze.ch\/wp-content\/uploads\/swissmint-soldat-sprachenvielfalt-ws-low-620x620px.png\"><source media=\"(max-width: 767.98px)\" srcset=\"https:\/\/www.sondermuenze.ch\/wp-content\/uploads\/swissmint-soldat-sprachenvielfalt-ws-low-620x620px.png\"><img decoding=\"async\" src=\"https:\/\/www.sondermuenze.ch\/wp-content\/uploads\/swissmint-soldat-sprachenvielfalt-ws-low-620x620px.png\" alt=\"Goldm\u00fcnze \u00abSchweizer Sprachenvielfalt\u00bb\" width=\"620\" height=\"620\" \/><\/picture><\/div><\/div>[\/vc_column_inner][\/vc_row_inner][\/vc_column][\/vc_row]<\/div>","protected":false},"excerpt":{"rendered":"[vc_row][vc_column][vc_row_inner][vc_column_inner width=&#8220;2\/3&#8243;][\/vc_column_inner][vc_column_inner width=&#8220;1\/3&#8243;][\/vc_column_inner][\/vc_row_inner][\/vc_column][\/vc_row]","protected":false},"author":3,"featured_media":0,"parent":0,"menu_order":69,"comment_status":"closed","ping_status":"closed","template":"","meta":{"_acf_changed":false,"footnotes":""},"class_list":["post-5242","page","type-page","status-publish","hentry"],"acf":[],"_links":{"self":[{"href":"https:\/\/www.sondermuenze.ch\/de\/wp-json\/wp\/v2\/pages\/5242","targetHints":{"allow":["GET"]}}],"collection":[{"href":"https:\/\/www.sondermuenze.ch\/de\/wp-json\/wp\/v2\/pages"}],"about":[{"href":"https:\/\/www.sondermuenze.ch\/de\/wp-json\/wp\/v2\/types\/page"}],"author":[{"embeddable":true,"href":"https:\/\/www.sondermuenze.ch\/de\/wp-json\/wp\/v2\/users\/3"}],"replies":[{"embeddable":true,"href":"https:\/\/www.sondermuenze.ch\/de\/wp-json\/wp\/v2\/comments?post=5242"}],"version-history":[{"count":4,"href":"https:\/\/www.sondermuenze.ch\/de\/wp-json\/wp\/v2\/pages\/5242\/revisions"}],"predecessor-version":[{"id":7645,"href":"https:\/\/www.sondermuenze.ch\/de\/wp-json\/wp\/v2\/pages\/5242\/revisions\/7645"}],"wp:attachment":[{"href":"https:\/\/www.sondermuenze.ch\/de\/wp-json\/wp\/v2\/media?parent=5242"}],"curies":[{"name":"wp","href":"https:\/\/api.w.org\/{rel}","templated":true}]}}