{"id":4387,"date":"2023-11-06T11:44:55","date_gmt":"2023-11-06T10:44:55","guid":{"rendered":"https:\/\/www.sondermuenze.ch\/?page_id=4387"},"modified":"2023-11-23T10:26:54","modified_gmt":"2023-11-23T09:26:54","slug":"100-jahre-gold-vreneli","status":"publish","type":"page","link":"https:\/\/www.sondermuenze.ch\/de\/100-jahre-gold-vreneli\/","title":{"rendered":"Sonderm\u00fcnze 100 Jahre Gold Vreneli"},"content":{"rendered":"<div class=\"wpb-content-wrapper\">[vc_row][vc_column]<div class=\"section__text section__text--lead section__text--center intro-animation intro-animation--bottom\"><h1>Sonderm\u00fcnze 100 Jahre Gold Vreneli<\/h1>\n<p>Das 10-Franken-Goldvreneli mit einer nach links schauenden Frauenb\u00fcste, das volle Haar zu einem Zopf geflochten sowie um die Schultern einen Kranz von Edelweiss, wurde letztmals 1922 gepr\u00e4gt. Es ist die kleine Schwester des legend\u00e4ren 20-Franken-Goldvreneli und wurde zwischen 1911 und 1922 in der M\u00fcnzst\u00e4tte der Schweiz in Bern hergestellt. Aufgrund der geringen Dicke der verwendeten Rondelle und der Beschaffenheit des Reliefs der Bildseite musste die Wertseite des 10-Franken-Vreneli allerdings neu gestaltet werden. So zeigt sie im oberen Bereich das Schweizer Kreuz inmitten eines Strahlenkranzes, in der Mitte den Nennwert und die Jahreszahl. Im unteren Bereich sind Zweige mit Bl\u00fcten von Alpenrose und Enzian abgebildet. Ganz unten ist das M\u00fcnzzeichen \u00abB\u00bb f\u00fcr Bern angebracht. Das Gewicht der M\u00fcnze liegt bei 3,226 Gramm mit einem Gold-Feingehalt von 900\/1000. Der Durchmesser betr\u00e4gt 19 Millimeter. Gesamthaft wurden in den Jahren 1911 bis 1922 2,65 Mio. M\u00fcnzen gepr\u00e4gt. Mit der Ausgabe der 50-Franken-Goldm\u00fcnze erinnert Swissmint 100 Jahre sp\u00e4ter an die letzte Pr\u00e4gung des 10-Franken-Goldvreneli im Jahre 1922. Die Bildseite zeigt in Anlehnung an die letzte ausgef\u00fchrte Pr\u00e4gung die Zahl 100, wobei beide Nullen \u00fcbereinandergelegt dargestellt sind. Im Inneren der zweiten Null ist ein vergr\u00f6sserter Ausschnitt der nach links schauenden Frauenb\u00fcste des Originalvreneli ersichtlich. Am unteren M\u00fcnzrand stehen, getrennt durch einen senkrechten Strich, die Jahreszahlen 1911 und 1922 f\u00fcr die Zeitspanne, w\u00e4hrend der die 10-Franken-Goldvreneli herausgegeben wurden. Die Wertseite der urspr\u00fcnglichen Pr\u00e4gung wurde mit zwei kleinen Anpassungen \u00fcbernommen. Neu betr\u00e4gt der Nominalwert 50 Franken und das Pr\u00e4gejahr ist 2022.<\/p>\n<\/div>[vc_row_inner][vc_column_inner width=&#8220;2\/3&#8243;]<div class=\"section__text section__text--center intro-animation intro-animation--bottom\"><p>Nennwert: 50 Schweizer Franken<br \/>\nK\u00fcnstler: Remo Mascherini, Flamatt<br \/>\nLegierung: Gold 0,900<br \/>\nDurchmesser: 25 mm<br \/>\nGewicht: 11,29 g<br \/>\nAusgabedatum: 11.05.2022<\/p>\n<p><strong>Auflage<\/strong><br \/>\nPolierte Platte im Etui: 5 000 St\u00fcck<\/p>\n<p><strong>Preis<\/strong><br \/>\nPolierte Platte: CHF 719.-<\/p>\n<\/div>[\/vc_column_inner][vc_column_inner width=&#8220;1\/3&#8243;]<div class=\"section__image section__image--center intro-animation intro-animation--bottom\"><div class=\"picture_container\" style=\"width: 160px\"><picture><source media=\"(min-width: 768px)\" srcset=\"https:\/\/www.sondermuenze.ch\/wp-content\/uploads\/sondermuenze-goldvreneli-chf-50-front-swissmint.png\"><source media=\"(max-width: 767.98px)\" srcset=\"https:\/\/www.sondermuenze.ch\/wp-content\/uploads\/sondermuenze-goldvreneli-chf-50-front-swissmint.png\"><img decoding=\"async\" src=\"https:\/\/www.sondermuenze.ch\/wp-content\/uploads\/sondermuenze-goldvreneli-chf-50-front-swissmint.png\" alt=\"100 Jahre Gold Vreneli\" width=\"620\" height=\"620\" \/><\/picture><\/div><\/div><div class=\"section__image section__image--center intro-animation intro-animation--bottom\"><div class=\"picture_container\" style=\"width: 160px\"><picture><source media=\"(min-width: 768px)\" srcset=\"https:\/\/www.sondermuenze.ch\/wp-content\/uploads\/sondermuenze-goldvreneli-chf-50-back-swissmint.png\"><source media=\"(max-width: 767.98px)\" srcset=\"https:\/\/www.sondermuenze.ch\/wp-content\/uploads\/sondermuenze-goldvreneli-chf-50-back-swissmint.png\"><img decoding=\"async\" src=\"https:\/\/www.sondermuenze.ch\/wp-content\/uploads\/sondermuenze-goldvreneli-chf-50-back-swissmint.png\" alt=\"100 Jahre Gold Vreneli\" width=\"620\" height=\"620\" \/><\/picture><\/div><\/div>[\/vc_column_inner][\/vc_row_inner][\/vc_column][\/vc_row]<\/div>","protected":false},"excerpt":{"rendered":"[vc_row][vc_column][vc_row_inner][vc_column_inner width=&#8220;2\/3&#8243;][\/vc_column_inner][vc_column_inner width=&#8220;1\/3&#8243;][\/vc_column_inner][\/vc_row_inner][\/vc_column][\/vc_row]","protected":false},"author":3,"featured_media":0,"parent":0,"menu_order":115,"comment_status":"closed","ping_status":"closed","template":"","meta":{"_acf_changed":false,"footnotes":""},"class_list":["post-4387","page","type-page","status-publish","hentry"],"acf":[],"_links":{"self":[{"href":"https:\/\/www.sondermuenze.ch\/de\/wp-json\/wp\/v2\/pages\/4387","targetHints":{"allow":["GET"]}}],"collection":[{"href":"https:\/\/www.sondermuenze.ch\/de\/wp-json\/wp\/v2\/pages"}],"about":[{"href":"https:\/\/www.sondermuenze.ch\/de\/wp-json\/wp\/v2\/types\/page"}],"author":[{"embeddable":true,"href":"https:\/\/www.sondermuenze.ch\/de\/wp-json\/wp\/v2\/users\/3"}],"replies":[{"embeddable":true,"href":"https:\/\/www.sondermuenze.ch\/de\/wp-json\/wp\/v2\/comments?post=4387"}],"version-history":[{"count":2,"href":"https:\/\/www.sondermuenze.ch\/de\/wp-json\/wp\/v2\/pages\/4387\/revisions"}],"predecessor-version":[{"id":5273,"href":"https:\/\/www.sondermuenze.ch\/de\/wp-json\/wp\/v2\/pages\/4387\/revisions\/5273"}],"wp:attachment":[{"href":"https:\/\/www.sondermuenze.ch\/de\/wp-json\/wp\/v2\/media?parent=4387"}],"curies":[{"name":"wp","href":"https:\/\/api.w.org\/{rel}","templated":true}]}}