{"id":4262,"date":"2023-11-02T10:29:20","date_gmt":"2023-11-02T09:29:20","guid":{"rendered":"https:\/\/www.sondermuenze.ch\/?page_id=4262"},"modified":"2023-11-16T15:34:27","modified_gmt":"2023-11-16T14:34:27","slug":"175-jahre-bundesverfassung-goldmuenze","status":"publish","type":"page","link":"https:\/\/www.sondermuenze.ch\/de\/175-jahre-bundesverfassung-goldmuenze\/","title":{"rendered":"\u00ab175 Jahre Bundesverfassung\u00bb Goldm\u00fcnze"},"content":{"rendered":"<div class=\"wpb-content-wrapper\">[vc_row][vc_column]<div class=\"section__text section__text--lead section__text--center intro-animation intro-animation--bottom\"><h1>\u00ab175 Jahre Bundesverfassung\u00bb Goldm\u00fcnze<\/h1>\n<p>Die 11.29g schwere, mit Gold 0.900 legierte Sonderm\u00fcnze \u00ab175 Jahre Bundesverfassung\u00bb zeigt auf der Bildseite der Mu\u0308nze die Pra\u0308ambel der Bundesverfassung \u2013 symbolisch umgesetzt, greifen die inhaltlichen Begriffe ineinander und werden zu einem Sinnbild mit grosser Strahlkraft. Auf der Wertseite tr\u00e4gt ein Engel das Schweizer Wappen. In Anlehnung an die Diskussionen um den Gottesbezug in der Bundesverfassung, hat der Oltner K\u00fcnstler, Peter Salzmann, bei dem Engel die Fl\u00fcgel weggelassen. \u00abWir sehen meist, was wir sehen wollen \u2013 und so bleibt eine uns vertraute Figur. Der Engel wird zur Helvetia, zur Friedensstifterin. Eine Tugend, die in der heutigen Zeit mehr denn je von Bedeutung ist\u00bb, erkl\u00e4rt Salzmann.<\/p>\n<\/div>[vc_row_inner][vc_column_inner width=&#8220;2\/3&#8243;]<div class=\"section__text section__text--center intro-animation intro-animation--bottom\"><p>Nennwert: 50 Schweizer Franken<br \/>\nLegierung:\u00a0Gold 0,900<br \/>\nDurchmesser: 25 mm<br \/>\nGewicht: 11.29 g<br \/>\nAusgabedatum: 01.07.2023<\/p>\n<p><strong>Auflage<\/strong><br \/>\nPolierte Platte:\u00a0 3&#8217;750 St\u00fcck<br \/>\nPolierte Platte mit nummeriertem K\u00fcnstlerzertifikat:\u00a0 250 St\u00fcck<br \/>\nM\u00fcnzbox nummeriert mit Silberm\u00fcnze PP: 1&#8217;000 St\u00fcck<\/p>\n<p><strong>Preis<\/strong><br \/>\nPolierte Platte im Etui: CHF 739.-<br \/>\nPolierte Platte im Etui mit K\u00fcnstlerzertifikat: CHF 789.-<br \/>\nM\u00fcnzbox nummeriert mit Silberm\u00fcnze PP: CHF 829.-<\/p>\n<\/div>[\/vc_column_inner][vc_column_inner width=&#8220;1\/3&#8243;]<div class=\"section__image section__image--center intro-animation intro-animation--bottom\"><div class=\"picture_container\" style=\"width: 160px\"><picture><source media=\"(min-width: 768px)\" srcset=\"https:\/\/www.sondermuenze.ch\/wp-content\/uploads\/swissmint-175bundesverfassung-vs-gold.png\"><source media=\"(max-width: 767.98px)\" srcset=\"https:\/\/www.sondermuenze.ch\/wp-content\/uploads\/swissmint-175bundesverfassung-vs-gold.png\"><img decoding=\"async\" src=\"https:\/\/www.sondermuenze.ch\/wp-content\/uploads\/swissmint-175bundesverfassung-vs-gold.png\" alt=\"\u00ab175 Jahre Bundesverfassung\u00bb Goldm\u00fcnze\" width=\"620\" height=\"620\" \/><\/picture><\/div><\/div><div class=\"section__image section__image--center intro-animation intro-animation--bottom\"><div class=\"picture_container\" style=\"width: 160px\"><picture><source media=\"(min-width: 768px)\" srcset=\"https:\/\/www.sondermuenze.ch\/wp-content\/uploads\/swissmint-175bundesverfassung-rs-gold.png\"><source media=\"(max-width: 767.98px)\" srcset=\"https:\/\/www.sondermuenze.ch\/wp-content\/uploads\/swissmint-175bundesverfassung-rs-gold.png\"><img decoding=\"async\" src=\"https:\/\/www.sondermuenze.ch\/wp-content\/uploads\/swissmint-175bundesverfassung-rs-gold.png\" alt=\"\u00ab175 Jahre Bundesverfassung\u00bb Goldm\u00fcnze\" width=\"620\" height=\"620\" \/><\/picture><\/div><\/div>[\/vc_column_inner][\/vc_row_inner][\/vc_column][\/vc_row]<\/div>","protected":false},"excerpt":{"rendered":"[vc_row][vc_column][vc_row_inner][vc_column_inner width=&#8220;2\/3&#8243;][\/vc_column_inner][vc_column_inner width=&#8220;1\/3&#8243;][\/vc_column_inner][\/vc_row_inner][\/vc_column][\/vc_row]","protected":false},"author":3,"featured_media":0,"parent":0,"menu_order":101,"comment_status":"closed","ping_status":"closed","template":"","meta":{"_acf_changed":false,"footnotes":""},"class_list":["post-4262","page","type-page","status-publish","hentry"],"acf":[],"_links":{"self":[{"href":"https:\/\/www.sondermuenze.ch\/de\/wp-json\/wp\/v2\/pages\/4262","targetHints":{"allow":["GET"]}}],"collection":[{"href":"https:\/\/www.sondermuenze.ch\/de\/wp-json\/wp\/v2\/pages"}],"about":[{"href":"https:\/\/www.sondermuenze.ch\/de\/wp-json\/wp\/v2\/types\/page"}],"author":[{"embeddable":true,"href":"https:\/\/www.sondermuenze.ch\/de\/wp-json\/wp\/v2\/users\/3"}],"replies":[{"embeddable":true,"href":"https:\/\/www.sondermuenze.ch\/de\/wp-json\/wp\/v2\/comments?post=4262"}],"version-history":[{"count":18,"href":"https:\/\/www.sondermuenze.ch\/de\/wp-json\/wp\/v2\/pages\/4262\/revisions"}],"predecessor-version":[{"id":5010,"href":"https:\/\/www.sondermuenze.ch\/de\/wp-json\/wp\/v2\/pages\/4262\/revisions\/5010"}],"wp:attachment":[{"href":"https:\/\/www.sondermuenze.ch\/de\/wp-json\/wp\/v2\/media?parent=4262"}],"curies":[{"name":"wp","href":"https:\/\/api.w.org\/{rel}","templated":true}]}}