{"id":339,"date":"2022-12-23T14:55:12","date_gmt":"2022-12-23T13:55:12","guid":{"rendered":"https:\/\/www.sondermuenze.ch\/?page_id=339"},"modified":"2025-12-17T15:36:37","modified_gmt":"2025-12-17T14:36:37","slug":"agenda","status":"publish","type":"page","link":"https:\/\/www.sondermuenze.ch\/de\/sondermuenzen\/agenda\/","title":{"rendered":"Agenda"},"content":{"rendered":"<div class=\"wpb-content-wrapper\">[vc_row][vc_column]<div class=\"section__text section__text--lead section__text--center intro-animation intro-animation--bottom\"><h1>Agenda<\/h1>\n<p>Diese Termine sollten Sie sich notieren: Ausgabetage und Messen, an denen Sie uns pers\u00f6nlich vor Ort treffen k\u00f6nnen.<\/p>\n<\/div>[\/vc_column][\/vc_row][vc_row vc_row_checkbox=&#8220;true&#8220; el_id=&#8220;praegeprogramm&#8220;][vc_column]<div class=\"section__title section__title--center intro-animation intro-animation--bottom\"><h2 class=\"typography--h3\">Pr\u00e4geprogramm<\/h2><\/div><div class=\"section__embossing_program intro-animation intro-animation--bottom\"><div class=\"embossing_program\"><div class=\"fake_table\"><div class=\"fake_table__row fake_table__row--header row_simple\"><div class=\"fake_table__cell fake_table__cell--issue_date col\"><div class=\"fake_table__cell__container row_simple bottom-xs\"><span>Ausgabetag<\/span><\/div><\/div><div class=\"fake_table__cell fake_table__cell--topics col\"><div class=\"fake_table__cell__container row_simple bottom-xs\"><span>Themen<\/span><\/div><\/div><div class=\"fake_table__cell fake_table__cell--alloys col\"><div class=\"fake_table__cell__container row_simple bottom-xs\"><span>Legierung<\/span><\/div><\/div><div class=\"fake_table__cell fake_table__cell--available_from col\"><div class=\"fake_table__cell__container row_simple bottom-xs\"><span>Verf\u00fcgbar ab<\/span><\/div><\/div><\/div><div class=\"fake_table__row row_simple\"><div class=\"fake_table__cell fake_table__cell--issue_date col\" title=\"Ausgabetag\"><div class=\"fake_table__cell__container row_simple middle-xs\"><span>15.01.2026<\/span><\/div><\/div><div class=\"fake_table__cell fake_table__cell--topics col\" title=\"Themen\"><div class=\"fake_table__cell__container row_simple middle-xs\"><span><a href=\"https:\/\/www.swissmint.ch\/de\/muenzsatz-geburtstag-und-geschenk-muenzsatz-2026\" target=\"_blank\" rel=\"noopener noreferrer\"><b>M\u00fcnzsatz Geburtstag und Geschenk-M\u00fcnzsatz*<\/b><\/a><\/span><\/div><\/div><div class=\"fake_table__cell fake_table__cell--alloys col\" title=\"Legierung\"><div class=\"fake_table__cell__container row_simple middle-xs\"><span><span>CuNi \/ Bimetall<\/span><\/span><\/div><\/div><div class=\"fake_table__cell fake_table__cell--available_from col\" title=\"Verf\u00fcgbar ab\"><div class=\"fake_table__cell__container row_simple middle-xs\"><span>15.01.2026<\/span><\/div><\/div><\/div><div class=\"fake_table__row row_simple\"><div class=\"fake_table__cell fake_table__cell--issue_date col\" title=\"Ausgabetag\"><div class=\"fake_table__cell__container row_simple middle-xs\"><span>15.01.2026<\/span><\/div><\/div><div class=\"fake_table__cell fake_table__cell--topics col\" title=\"Themen\"><div class=\"fake_table__cell__container row_simple middle-xs\"><span><a href=\"https:\/\/www.swissmint.ch\/de\/muenzsatz-2026\" target=\"_blank\" rel=\"noopener noreferrer\"><b>M\u00fcnzsatz 2026<\/b><\/a><\/span><\/div><\/div><div class=\"fake_table__cell fake_table__cell--alloys col\" title=\"Legierung\"><div class=\"fake_table__cell__container row_simple middle-xs\"><span><span>CuNi \/ Bimetall<\/span><\/span><\/div><\/div><div class=\"fake_table__cell fake_table__cell--available_from col\" title=\"Verf\u00fcgbar ab\"><div class=\"fake_table__cell__container row_simple middle-xs\"><span>15.01.2026<\/span><\/div><\/div><\/div><div class=\"fake_table__row row_simple\"><div class=\"fake_table__cell fake_table__cell--issue_date col\" title=\"Ausgabetag\"><div class=\"fake_table__cell__container row_simple middle-xs\"><span>19.03.2026<\/span><\/div><\/div><div class=\"fake_table__cell fake_table__cell--topics col\" title=\"Themen\"><div class=\"fake_table__cell__container row_simple middle-xs\"><span><a href=\"https:\/\/www.swissmint.ch\/de\/20-franken-sondermuenze-genfersee-2026-silber999\" target=\"_blank\" rel=\"noopener noreferrer\"><b>Genfersee<\/b><\/a><\/span><\/div><\/div><div class=\"fake_table__cell fake_table__cell--alloys col\" title=\"Legierung\"><div class=\"fake_table__cell__container row_simple middle-xs\"><span><span>Silber<\/span><\/span><\/div><\/div><div class=\"fake_table__cell fake_table__cell--available_from col\" title=\"Verf\u00fcgbar ab\"><div class=\"fake_table__cell__container row_simple middle-xs\"><span>19.03.2026<\/span><\/div><\/div><\/div><div class=\"fake_table__row row_simple\"><div class=\"fake_table__cell fake_table__cell--issue_date col\" title=\"Ausgabetag\"><div class=\"fake_table__cell__container row_simple middle-xs\"><span>19.03.2026<\/span><\/div><\/div><div class=\"fake_table__cell fake_table__cell--topics col\" title=\"Themen\"><div class=\"fake_table__cell__container row_simple middle-xs\"><span><a href=\"https:\/\/www.swissmint.ch\/de\/10-franken-sondermuenze-tier-des-jahres-igel-2026-bimetall\" target=\"_blank\" rel=\"noopener noreferrer\"><b>Tier des Jahres 2026<\/b><\/a><\/span><\/div><\/div><div class=\"fake_table__cell fake_table__cell--alloys col\" title=\"Legierung\"><div class=\"fake_table__cell__container row_simple middle-xs\"><span><span>Bimetall<\/span><\/span><\/div><\/div><div class=\"fake_table__cell fake_table__cell--available_from col\" title=\"Verf\u00fcgbar ab\"><div class=\"fake_table__cell__container row_simple middle-xs\"><span>19.03.2026<\/span><\/div><\/div><\/div><div class=\"fake_table__row row_simple\"><div class=\"fake_table__cell fake_table__cell--issue_date col\" title=\"Ausgabetag\"><div class=\"fake_table__cell__container row_simple middle-xs\"><span>11.06.2026<\/span><\/div><\/div><div class=\"fake_table__cell fake_table__cell--topics col\" title=\"Themen\"><div class=\"fake_table__cell__container row_simple middle-xs\"><span><b>Europ\u00e4ische Weltraumorganisation<\/b><\/span><\/div><\/div><div class=\"fake_table__cell fake_table__cell--alloys col\" title=\"Legierung\"><div class=\"fake_table__cell__container row_simple middle-xs\"><span><span>Silber<\/span><\/span><\/div><\/div><div class=\"fake_table__cell fake_table__cell--available_from col\" title=\"Verf\u00fcgbar ab\"><div class=\"fake_table__cell__container row_simple middle-xs\"><span>11.06.2026<\/span><\/div><\/div><\/div><div class=\"fake_table__row row_simple\"><div class=\"fake_table__cell fake_table__cell--issue_date col\" title=\"Ausgabetag\"><div class=\"fake_table__cell__container row_simple middle-xs\"><span>11.06.2026<\/span><\/div><\/div><div class=\"fake_table__cell fake_table__cell--topics col\" title=\"Themen\"><div class=\"fake_table__cell__container row_simple middle-xs\"><span><b>Die 4 Jahreszeiten \u2013 Sommer<\/b><\/span><\/div><\/div><div class=\"fake_table__cell fake_table__cell--alloys col\" title=\"Legierung\"><div class=\"fake_table__cell__container row_simple middle-xs\"><span><span>Silber<\/span><\/span><\/div><\/div><div class=\"fake_table__cell fake_table__cell--available_from col\" title=\"Verf\u00fcgbar ab\"><div class=\"fake_table__cell__container row_simple middle-xs\"><span>11.06.2026<\/span><\/div><\/div><\/div><\/div><\/div><\/div><div class=\"section__text intro-animation intro-animation--bottom\"><p>* Nicht im Abo enthalten.<\/p>\n<p><strong>Die weiteren Themen der Sonderm\u00fcnzen f\u00fcr die 2. Jahresh\u00e4lfte 2026 werden Anfang Juli 2026 kommuniziert.<\/strong><\/p>\n<\/div><div class=\"section__title section__title--center intro-animation intro-animation--bottom\"><h2 class=\"typography--h3\">Messen und M\u00fcnzenb\u00f6rsen<\/h2><\/div><div class=\"section__events intro-animation intro-animation--bottom\"><div class=\"events\"><div class=\"fake_table\"><div class=\"fake_table__row fake_table__row--header row_simple\"><div class=\"fake_table__cell fake_table__cell--date\"><div class=\"fake_table__cell__container row_simple middle-xs\"><span>Datum<\/span><\/div><\/div><div class=\"fake_table__cell fake_table__cell--event\"><div class=\"fake_table__cell__container row_simple middle-xs\"><span>Messe<\/span><\/div><\/div><\/div><div class=\"fake_table__row row_simple\"><div class=\"fake_table__cell fake_table__cell--date\" title=\"Datum\"><div class=\"fake_table__cell__container row_simple\"><span>10.05.2026<\/span><\/div><\/div><div class=\"fake_table__cell fake_table__cell--event\" title=\"Messe\"><div class=\"fake_table__cell__container row_simple\"><span><strong>BERNA 2026, Hauptstadt M\u00fcnzemesse, Bern Expo, Bern<\/strong><\/span><\/div><\/div><\/div><div class=\"fake_table__row row_simple\"><div class=\"fake_table__cell fake_table__cell--date\" title=\"Datum\"><div class=\"fake_table__cell__container row_simple\"><span>25.10.2026<\/span><\/div><\/div><div class=\"fake_table__cell fake_table__cell--event button_hover\" title=\"Messe\"><div class=\"fake_table__cell__container row_simple\"><span><strong>M\u00fcnzmesse Z\u00fcrich<\/strong><\/span><div class=\"button button--arrow button--transparent\"><span><svg class=\"icon icon--arrow icon--arrow-left\"><use href=\"#icon_arrow\"><\/use><\/svg><span>Mehr Infos<\/span><svg class=\"icon icon--arrow icon--arrow-right\"><use href=\"#icon_arrow\"><\/use><\/svg><\/span><\/div><a href=\"https:\/\/nvz-ch.org\/?page_id=29\" class=\"full\" target=\"_blank\" rel=\"noopener noreferrer\">Mehr Infos<\/a><\/div><\/div><\/div><\/div><\/div><\/div><div class=\"section__title section__title--center intro-animation intro-animation--bottom\"><h2 class=\"typography--h3\">Events<\/h2><\/div><div class=\"section__events section__events--center section__events--empty intro-animation intro-animation--bottom\"><p>Im Moment sind keine Events geplant.<\/p><\/div>[\/vc_column][\/vc_row][vc_row vc_row_checkbox=&#8220;true&#8220; el_id=&#8220;abo&#8220;][vc_column]<div class=\"section__teaser\"><div class=\"teaser row reverse\"><div class=\"teaser__media col-l-6 col-xs-12 intro-animation-mobile\"><div class=\"picture_container picture_container--cover\"><picture><source srcset=\"https:\/\/www.sondermuenze.ch\/wp-content\/uploads\/agenda-abo-fuer-sondermuentzen-960x850px-3-960x850.jpg\"><img decoding=\"async\" src=\"https:\/\/www.sondermuenze.ch\/wp-content\/uploads\/agenda-abo-fuer-sondermuentzen-960x850px-3-960x850.jpg\" alt=\"Sonderm\u00fcnzen\" width=\"960\" height=\"850\"\/><\/picture><\/div><\/div><div class=\"teaser__content teaser__content--center col-l-6 col-xs-12 intro-animation intro-animation--right\"><div class=\"teaser__content__inside row_simple\"><h2>Abo f\u00fcr Sonder\u00adm\u00fcnzen<\/h2><div class=\"teaser__content__container\"><p>Regelm\u00e4ssig die aktuelle Sonderm\u00fcnze oder den aktuell M\u00fcnzsatz erhalten. Bei\u00a0Interesse k\u00f6nnen Sie auf Anfrage \u00fcber <a href=\"mailto:info@swissmint.ch\">info@swissmint.ch<\/a> ein Abonnement beantragen.<\/p>\n<\/div><\/div><\/div><\/div><\/div><div class=\"section__teaser\"><div class=\"teaser row\"><div class=\"teaser__media col-l-6 col-xs-12 intro-animation-mobile\"><div class=\"picture_container picture_container--cover\"><picture><source srcset=\"https:\/\/www.sondermuenze.ch\/wp-content\/uploads\/swissmint-grossbezueger-960x960px-1-960x850.jpg\"><img decoding=\"async\" src=\"https:\/\/www.sondermuenze.ch\/wp-content\/uploads\/swissmint-grossbezueger-960x960px-1-960x850.jpg\" alt=\"Grossbez\u00fcger\" width=\"960\" height=\"850\"\/><\/picture><\/div><\/div><div class=\"teaser__content teaser__content--center col-l-6 col-xs-12 intro-animation intro-animation--left\"><div class=\"teaser__content__inside row_simple\"><h2>Gross\u00adbez\u00fcger<\/h2><div class=\"teaser__content__container\"><p>Bei\u00a0Interesse k\u00f6nnen Sie auf Anfrage \u00fcber <a href=\"mailto:b2b@swissmint.ch\">b2b@swissmint.ch<\/a> ein Grossbez\u00fcger werden.<\/p>\n<\/div><\/div><\/div><\/div><\/div>[\/vc_column][\/vc_row]<\/div>","protected":false},"excerpt":{"rendered":"[vc_row][vc_column][\/vc_column][\/vc_row][vc_row vc_row_checkbox=&#8220;true&#8220; el_id=&#8220;praegeprogramm&#8220;][vc_column][\/vc_column][\/vc_row][vc_row vc_row_checkbox=&#8220;true&#8220; el_id=&#8220;abo&#8220;][vc_column][\/vc_column][\/vc_row]","protected":false},"author":1,"featured_media":0,"parent":26,"menu_order":21,"comment_status":"closed","ping_status":"closed","template":"","meta":{"_acf_changed":false,"footnotes":""},"class_list":["post-339","page","type-page","status-publish","hentry"],"acf":[],"_links":{"self":[{"href":"https:\/\/www.sondermuenze.ch\/de\/wp-json\/wp\/v2\/pages\/339","targetHints":{"allow":["GET"]}}],"collection":[{"href":"https:\/\/www.sondermuenze.ch\/de\/wp-json\/wp\/v2\/pages"}],"about":[{"href":"https:\/\/www.sondermuenze.ch\/de\/wp-json\/wp\/v2\/types\/page"}],"author":[{"embeddable":true,"href":"https:\/\/www.sondermuenze.ch\/de\/wp-json\/wp\/v2\/users\/1"}],"replies":[{"embeddable":true,"href":"https:\/\/www.sondermuenze.ch\/de\/wp-json\/wp\/v2\/comments?post=339"}],"version-history":[{"count":19,"href":"https:\/\/www.sondermuenze.ch\/de\/wp-json\/wp\/v2\/pages\/339\/revisions"}],"predecessor-version":[{"id":10495,"href":"https:\/\/www.sondermuenze.ch\/de\/wp-json\/wp\/v2\/pages\/339\/revisions\/10495"}],"up":[{"embeddable":true,"href":"https:\/\/www.sondermuenze.ch\/de\/wp-json\/wp\/v2\/pages\/26"}],"wp:attachment":[{"href":"https:\/\/www.sondermuenze.ch\/de\/wp-json\/wp\/v2\/media?parent=339"}],"curies":[{"name":"wp","href":"https:\/\/api.w.org\/{rel}","templated":true}]}}