{"id":2015,"date":"2023-01-13T17:08:46","date_gmt":"2023-01-13T16:08:46","guid":{"rendered":"https:\/\/www.sondermuenze.ch\/?page_id=2015"},"modified":"2026-01-14T10:30:57","modified_gmt":"2026-01-14T09:30:57","slug":"datenschutz","status":"publish","type":"page","link":"https:\/\/www.sondermuenze.ch\/de\/datenschutz\/","title":{"rendered":"Datenschutz"},"content":{"rendered":"<div class=\"wpb-content-wrapper\">[vc_row][vc_column]<div class=\"section__text intro-animation intro-animation--bottom\"><h1>Datenschutz<\/h1>\n<p><strong>1. Allgemeine Hinweise<\/strong><br \/>\nIhre Daten sind f\u00fcr uns Vertrauenssache. Es ist selbstverst\u00e4ndlich, dass die Bundesverwaltung nur Personendaten erhebt, die zur Erf\u00fcllung ihrer Aufgaben unbedingt erforderlich sind (Datensparsamkeit). Gespeicherte Daten werden sorgf\u00e4ltig verwaltet und vor Missbr\u00e4uchen jeder Art gesch\u00fctzt.<br \/>\nGest\u00fctzt auf Artikel 13 der schweizerischen Bundesverfassung und die datenschutzrechtlichen Bestimmungen des Bundes hat jede Person Anspruch auf Schutz ihrer Privatsph\u00e4re sowie auf Schutz vor Missbrauch ihrer pers\u00f6nlichen Daten. Die Bundesverwaltung h\u00e4lt diese Bestimmungen auf ihren Webseiten und Webdiensten ein.<\/p>\n<p><strong>2. Geltungsbereich<\/strong><br \/>\nDiese Datenschutzerkl\u00e4rung gilt f\u00fcr durch Dritte im Auftrag der Bundesverwaltung betriebene Webseiten und f\u00fcr die \u00fcber diese Internetseiten erhobenen personenbezogenen Daten. Diese Datenschutzerkl\u00e4rung kann jederzeit ohne Vorank\u00fcndigung ge\u00e4ndert werden. F\u00fcr Internetseiten anderer Anbieter, auf die von den Seiten der Bundesverwaltung oder in ihrem Auftrag betriebenen Webseiten verwiesen wird, gelten deren Datenschutzhinweise und -erkl\u00e4rungen.<\/p>\n<p><strong>3. Verweise<\/strong><br \/>\nDie Bundesverwaltung hat weder Einfluss auf externe Seiten, auf die sie verweist, noch auf externe Seiten, die auf Angebote der Bundesverwaltung verweisen. Somit kann die Bundesverwaltung in Bezug auf solche Seiten nicht garantieren, dass die darin enthaltenen Informationen richtig sind oder dass sie frei von Malware (wie z.B. Viren) sind. Informationen und Dienstleistungen von verkn\u00fcpften Webseiten oder Webdiensten liegen vollumf\u00e4nglich in der Verantwortung des jeweiligen Dritten. Es wird jegliche Verantwortung f\u00fcr solche Webseiten oder Webdienste abgelehnt.<\/p>\n<p><strong>4. Was passiert mit Ihren Daten?<\/strong><br \/>\na) Aufbewahrung und L\u00f6schung<br \/>\nDie Bearbeitung von Personendaten auf Webseiten des Bundes beschr\u00e4nkt sich auf jene Daten, die zur Bereitstellung einer funktionsf\u00e4higen Internetseite sowie nutzerfreundlicher Inhalte und Leistungen erforderlich sind oder auf die Daten, die Sie uns aktiv bereitgestellt haben. Die von uns erhobenen Personendaten werden nur so lange aufbewahrt, wie es f\u00fcr die Erf\u00fcllung des jeweiligen Zwecks notwendig ist. Gesetzliche Vorgaben oder weitere Pflichten k\u00f6nnen zu einer l\u00e4ngeren Aufbewahrung f\u00fchren.<\/p>\n<p>b) Speicherung zwecks Newsletter-Versand<br \/>\nWenn Sie einen Newsletter bestellen, werden folgende Daten erfasst: E-Mail-Adresse (zwingend); allenfalls Anrede, Vorname, Nachname (alles optional). Ihre personenbezogenen Daten im Zusammenhang mit dem Versand von abonnierten Newslettern werden umgehend gel\u00f6scht, sobald Sie f\u00fcr diese(n) nicht mehr angemeldet sind.<\/p>\n<p>c) Cookies<br \/>\nAuf verschiedenen Seiten des Bundes werden Cookies verwendet, um den Besuch der Website attraktiver zu machen und die Nutzung bestimmter Funktionen zu erm\u00f6glichen. Hierbei handelt es sich um kleine Textdateien, die auf Ihrem Computer abgelegt werden. Die meisten der verwendeten Cookies werden nach Ende der Browser-Sitzung wieder von Ihrer Festplatte gel\u00f6scht (sog. Sitzungs- oder Session-Cookies). Andere Cookies verbleiben auf Ihrem Computer und erm\u00f6glichen, Sie bei Ihrem n\u00e4chsten Besuch wieder zu erkennen (sog. dauerhafte Cookies). Sie k\u00f6nnen die Speicherung von Cookies in Ihrem Browser verhindern, indem Sie die Speicherung und das Lesen von Cookies einschr\u00e4nken oder ausschalten. Bitte beachten Sie, dass Sie gewisse Funktionen der Website ohne Cookies nicht nutzen k\u00f6nnen.<\/p>\n<p>d) Soziale Netzwerke und andere Dienste Dritter<br \/>\nDie Bundesverwaltung bewirtschaftet diverse Konti bzw. Profile auf sozialen Netzwerken (unter anderem bei Twitter, Facebook, LinkedIN, Xing, Instagram etc.), eigene YouTube-Kan\u00e4le und diverse Apps. Diese Seiten bzw. Dienste werden von Dritten angeboten und betrieben. Jede dieser Seiten hat eigene Datenschutzbestimmungen.<\/p>\n<p>Dar\u00fcber hinaus sind in einzelnen Webseiten der Bundesverwaltung Services Dritter wie z.B. YouTube, Twitter, Google Maps, Google Ads, Google Custom Search, Instagram, bit.ly etc. direkt eingebunden. Diese Anbieter verwenden unter anderem auch Cookies. Bei der Nutzung der Webseiten der Bundesverwaltung werden automatisch Daten der Nutzerinnen und Nutzer an diese Firmen \u00fcbermittelt. Dabei gelten ausdr\u00fccklich die Datenschutzbestimmungen des jeweiligen Anbieters. Nutzer und Nutzerinnen m\u00fcssen sich bewusst sein, dass \u00fcber diese Services Daten gesammelt und auch an Dritte weitergegeben werden k\u00f6nnen. Wenn Nutzerinnen und Nutzer gleichzeitig einen Account eines Dienstes verwenden, kann der Betreiber diese \u00fcbermittelten Informationen direkt dem jeweiligen pers\u00f6nlichen Account zuordnen.<\/p>\n<p>Die Bundesverwaltung hat keinen Einfluss auf die Datenerhebung und deren weitere Verwendung durch diese Betreiber. In welchem Umfang, an welchem Ort und f\u00fcr welche Dauer die Daten gespeichert werden, inwieweit sie allf\u00e4llig bestehenden L\u00f6schpflichten nachkommen, welche Auswertungen und Verkn\u00fcpfungen sie mit den Daten vornehmen und an wen sie die Daten weitergeben, ist f\u00fcr die Bundesverwaltung nicht erkennbar.<\/p>\n<p>Die wichtigsten von Dritten betriebenen Dienste, die die Bundesverwaltung in Anspruch nimmt, sind:<\/p>\n<p>YouTube: Sobald Sie eine Seite der Bundesverwaltung aufrufen, die mit einem eingebundenen YouTube-Video versehen ist, wird eine Verbindung zu den Servern von YouTube hergestellt und es werden vereinzelt Plug-Ins von YouTube (YouTube LLC, 901 Cherry Ave., San Bruno, CA 94066, USA; Tochtergesellschaft Google LLC) verwendet. Dabei wird YouTube mitgeteilt, welche Seite von welcher IP-Adresse besucht wurde.<\/p>\n<p>Google Maps: Zur Darstellung einer interaktiven Karte und zur Erstellung von Anfahrtspl\u00e4nen wird vereinzelt der Kartendienst Google Maps von Google LLC (1600 Amphitheatre Parkway, Mountain View, CA 94043, USA) verwendet. Bei der Nutzung von Google Maps k\u00f6nnen Informationen \u00fcber Ihre Benutzung (z.B. IP-Adresse) gespeichert und an einen Server von Google in den USA \u00fcbertragen werden.<\/p>\n<p>Twitter: Twitter, Inc., 1355 Market Street, Suite 900 San Francisco, CA 94103. Informationen zum Umgang mit Nutzerdaten finden Sie in der Datenschutzerkl\u00e4rung und in der Cookies Richtlinie von Twitter.<\/p>\n<p>e) Verwendung von Analysetools<br \/>\nDamit wir Ihnen mit unserer Webseite ein optimales Hilfsmittel zur Verf\u00fcgung stellen k\u00f6nnen und wir unser F\u00f6rderangebot laufend an die Bed\u00fcrfnisse unserer Anspruchsgruppen anpassen k\u00f6nnen, analysieren wir das Nutzerverhalten unserer Websitebesucher. Wir verwenden dazu den Webanalysedienst <a href=\"http:\/\/www.matomo.org\" target=\"_blank\" rel=\"noopener\">Matomo<\/a>.<\/p>\n<p>Der Dienst setzt Cookies ein, die eine statistische Analyse der Nutzung unserer Webseite durch ihre Besucherinnen und Besucher erm\u00f6glichen. Dazu werden die durch den Cookie erzeugten Informationen \u00fcber die Benutzung dieser Website in unserem Auftrag auf dem Server gespeichert. Ihre IP-Adresse wird vor der Speicherung anonymisiert.<\/p>\n<p>Matomo-Cookies verbleiben auf Ihrem Endger\u00e4t, bis Sie sie l\u00f6schen. Die durch den Cookie erzeugten Informationen \u00fcber die Benutzung dieser Website werden nicht an Dritte weitergegeben. Sie k\u00f6nnen die Speicherung der Cookies durch eine entsprechende Einstellung Ihrer Browser-Software verhindern; wir weisen Sie jedoch darauf hin, dass Sie in diesem Fall gegebenenfalls nicht s\u00e4mtliche Funktionen dieser Website vollumf\u00e4nglich werden nutzen k\u00f6nnen.<\/p>\n<p><strong>5. Ihre Rechte<\/strong><br \/>\nSie haben das Recht, jederzeit unentgeltlich Auskunft \u00fcber die Bearbeitung Ihrer personenbezogenen Daten bei der jeweiligen Bundesverwaltungseinheit zu verlangen. Wenden Sie sich dazu an die im Impressum genannte Stelle. Weitere Rechte wie das Recht auf Datenl\u00f6schung, Datenberichtigung, Einschr\u00e4nkung der Datenverarbeitung und das Recht auf Daten\u00fcbertragung bestehen im gesetzlich vorgeschriebenen Rahmen.<br \/>\nDie Erfassung der Daten zur Bereitstellung der Website und die Speicherung von Daten in Logfiles ist f\u00fcr den Betrieb unserer Website zwingend erforderlich. Es besteht deshalb diesbez\u00fcglich seitens der Nutzerinnen und Nutzer unserer Website kein Widerspruchsrecht.<\/p>\n<p><strong>6. Datensicherheit<\/strong><br \/>\nWebseite: Die Bundesverwaltung verwendet innerhalb des Webseite-Besuchs eine verschl\u00fcsselte Datenkommunikation auf Basis von TLS in Verbindung mit der jeweils h\u00f6chsten Verschl\u00fcsselungsstufe, die von Ihrem Browser unterst\u00fctzt wird. Ob eine einzelne Seite des Internetauftrittes verschl\u00fcsselt \u00fcbertragen wird, erkennen Sie an der geschlossenen Darstellung des Schl\u00fcssel- beziehungsweise Schloss-Symbols in der Adressleiste Ihres Browsers.<\/p>\n<p>Allgemeine Datenverarbeitung: Dar\u00fcber hinaus wendet die Bundesverwaltung bei der Datenverarbeitung geeignete technische und organisatorische Sicherheitsmassnahmen an, um Ihre Daten gegen zuf\u00e4llige oder vors\u00e4tzliche Manipulationen, teilweisen oder vollst\u00e4ndigen Verlust, Zerst\u00f6rung oder gegen den unbefugten Zugriff Dritter zu sch\u00fctzen. Die Sicherheitsmassnahmen der Bundesverwaltung entsprechen dem aktuellen Stand der Technik.<\/p>\n<p><strong>7. Betrieb<\/strong><br \/>\nDie Webserver f\u00fcr den Betrieb der Internetseiten werden technisch grunds\u00e4tzlich durch die bundeseigenen Leistungserbringer betreut. Einzelne Dienste k\u00f6nnen auch durch externe Partner betrieben werden. Es gelten dabei die gleichen Datenschutzvorgaben wie bei intern betriebenen Anwendungen.<\/p>\n<p><strong>8. Name und Kontaktdaten des Verantwortlichen<\/strong><br \/>\nHaben Sie Fragen zur Datenverarbeitung oder sollten Sie der Auffassung sein, dass eine Verarbeitung Ihrer personenbezogenen Daten durch die Bundesverwaltung Ihre Rechte verletzt, wenden Sie sich bitte an die Datenschutzberaterin oder den Datenschutzberater der f\u00fcr die Website zust\u00e4ndigen Bundesstelle.<\/p>\n<\/div>[\/vc_column][\/vc_row]<\/div>","protected":false},"excerpt":{"rendered":"[vc_row][vc_column][\/vc_column][\/vc_row]","protected":false},"author":3,"featured_media":0,"parent":0,"menu_order":153,"comment_status":"closed","ping_status":"closed","template":"","meta":{"_acf_changed":false,"footnotes":""},"class_list":["post-2015","page","type-page","status-publish","hentry"],"acf":[],"_links":{"self":[{"href":"https:\/\/www.sondermuenze.ch\/de\/wp-json\/wp\/v2\/pages\/2015","targetHints":{"allow":["GET"]}}],"collection":[{"href":"https:\/\/www.sondermuenze.ch\/de\/wp-json\/wp\/v2\/pages"}],"about":[{"href":"https:\/\/www.sondermuenze.ch\/de\/wp-json\/wp\/v2\/types\/page"}],"author":[{"embeddable":true,"href":"https:\/\/www.sondermuenze.ch\/de\/wp-json\/wp\/v2\/users\/3"}],"replies":[{"embeddable":true,"href":"https:\/\/www.sondermuenze.ch\/de\/wp-json\/wp\/v2\/comments?post=2015"}],"version-history":[{"count":1,"href":"https:\/\/www.sondermuenze.ch\/de\/wp-json\/wp\/v2\/pages\/2015\/revisions"}],"predecessor-version":[{"id":10512,"href":"https:\/\/www.sondermuenze.ch\/de\/wp-json\/wp\/v2\/pages\/2015\/revisions\/10512"}],"wp:attachment":[{"href":"https:\/\/www.sondermuenze.ch\/de\/wp-json\/wp\/v2\/media?parent=2015"}],"curies":[{"name":"wp","href":"https:\/\/api.w.org\/{rel}","templated":true}]}}