{"id":10636,"date":"2026-03-27T09:24:01","date_gmt":"2026-03-27T08:24:01","guid":{"rendered":"https:\/\/www.sondermuenze.ch\/?page_id=10636"},"modified":"2026-03-27T09:33:41","modified_gmt":"2026-03-27T08:33:41","slug":"silbermuenze-luftseilbahn-schilthorn","status":"publish","type":"page","link":"https:\/\/www.sondermuenze.ch\/de\/silbermuenze-luftseilbahn-schilthorn\/","title":{"rendered":"Silberm\u00fcnze \u00abLuftseilbahn Schilthorn\u00bb"},"content":{"rendered":"<div class=\"wpb-content-wrapper\">[vc_row][vc_column]<div class=\"section__text section__text--lead section__text--center intro-animation intro-animation--bottom\"><h1>Silberm\u00fcnze \u00abLuftseilbahn Schilthorn\u00bb<\/h1>\n<p>Die neue Silberm\u00fcnze \u00abLuftseilbahn Schilthorn\u00bb ist die letzte M\u00fcnze der Trilogie zum Thema \u00abSchweizer Luftseilbahnen\u00bb.<\/p>\n<p><strong>In Gedenken an die alte Luftseilbahn Schilthorn<\/strong><br \/>\nDas Projekt Schilthornbahn 20XX sieht eine neue Direktverbindung zwischen Stechelberg und M\u00fcrren vor. Die neue Seilbahn wird nach der Fertigstellung die steilste Luftseilbahn der Welt sein. Zudem wird die Verbindung zum Schilthorn hoch, die weltweit erste Funifor Luftseilbahn sein. Das Funiforsystem besticht durch eine hohe Windstabilit\u00e4t und erm\u00f6glicht einen kompakten Stationsbau. Mit der neuen Sonderm\u00fcnze Luftseilbahn Schilthorn m\u00f6chten wir die alte Luftseilbahn in Erinnerung halten.<\/p>\n<p>Die Sonderm\u00fcnze \u00abLuftseilbahn Schilthorn\u00bb besteht aus Silber 999 und wiegt 20 g. Auf der Bildseite ist die alte Gondelbahn und das Drehrestaurant nach dem letzten Umbau 2017 abgebildet. Auf der Wertseite das Schilthorn: eine unverzichtbare M\u00fcnze f\u00fcr alle Sammler und Liebhaber von Schweizer M\u00fcnzen, James-Bond-Filmen und den Schweizer Bergen. Zus\u00e4tzlich ist der Nominalwert von CHF 20 abgebildet.<\/p>\n<\/div>[vc_row_inner][vc_column_inner width=&#8220;2\/3&#8243;]<div class=\"section__text section__text--center intro-animation intro-animation--bottom\"><p>Nennwert: 20 Schweizer Franken<br \/>\nLegierung: Silber 999<br \/>\nDurchmesser: 33 mm<br \/>\nGewicht: 20 g<br \/>\nAusgabedatum: 22.04.2024<\/p>\n<p><strong>Auflage<\/strong><br \/>\nPolierte Platte: 3&#8217;300 St\u00fcck<br \/>\nPolierte Platte im Etui mit K\u00fcnstlerzertifikat: 200 St\u00fcck<br \/>\nM\u00fcnzbox Schilthorn 007, Polierte Platte: 500 St\u00fcck<br \/>\nM\u00fcnzbox Luftseilbahn, UNZ: 500 St\u00fcck<br \/>\nUnzirkuliert: 5&#8217;000 St\u00fcck<\/p>\n<p><strong>Preis<\/strong><br \/>\nPolierte Platte im Etui: CHF 75.-<br \/>\nPolierte Platte im Etui mit K\u00fcnstlerzertifikat: CHF 90.-<br \/>\nM\u00fcnzbox Schilthorn 007, Polierte Platte: CHF 150.-<br \/>\nM\u00fcnzbox Luftseilbahn, UNZ: CHF 90.-<br \/>\nUnzirkuliert: CHF 25.-<\/p>\n<\/div>[\/vc_column_inner][vc_column_inner width=&#8220;1\/3&#8243;]<div class=\"section__image section__image--center intro-animation intro-animation--bottom\"><div class=\"picture_container\" style=\"width: 160px\"><picture><source media=\"(min-width: 768px)\" srcset=\"https:\/\/www.sondermuenze.ch\/wp-content\/uploads\/swissmint-sondermuenze-schilthorn-vs-960x960px.jpg\"><source media=\"(max-width: 767.98px)\" srcset=\"https:\/\/www.sondermuenze.ch\/wp-content\/uploads\/swissmint-sondermuenze-schilthorn-vs-960x960px-768x768.jpg\"><img decoding=\"async\" src=\"https:\/\/www.sondermuenze.ch\/wp-content\/uploads\/swissmint-sondermuenze-schilthorn-vs-960x960px.jpg\" alt=\"Silberm\u00fcnze \u00abLuftseilbahn Schilthron\u00bb\" width=\"960\" height=\"960\" \/><\/picture><\/div><\/div><div class=\"section__image section__image--center intro-animation intro-animation--bottom\"><div class=\"picture_container\" style=\"width: 160px\"><picture><source media=\"(min-width: 768px)\" srcset=\"https:\/\/www.sondermuenze.ch\/wp-content\/uploads\/swissmint-sondermuenze-schilthorn-rs-960x960px.jpg\"><source media=\"(max-width: 767.98px)\" srcset=\"https:\/\/www.sondermuenze.ch\/wp-content\/uploads\/swissmint-sondermuenze-schilthorn-rs-960x960px-768x768.jpg\"><img decoding=\"async\" src=\"https:\/\/www.sondermuenze.ch\/wp-content\/uploads\/swissmint-sondermuenze-schilthorn-rs-960x960px.jpg\" alt=\"Silberm\u00fcnze \u00abLuftseilbahn Schilthorn\u00bb\" width=\"960\" height=\"960\" \/><\/picture><\/div><\/div>[\/vc_column_inner][\/vc_row_inner][\/vc_column][\/vc_row]<\/div>","protected":false},"excerpt":{"rendered":"[vc_row][vc_column][vc_row_inner][vc_column_inner width=&#8220;2\/3&#8243;][\/vc_column_inner][vc_column_inner width=&#8220;1\/3&#8243;][\/vc_column_inner][\/vc_row_inner][\/vc_column][\/vc_row]","protected":false},"author":4,"featured_media":0,"parent":0,"menu_order":4,"comment_status":"closed","ping_status":"closed","template":"","meta":{"_acf_changed":false,"footnotes":""},"class_list":["post-10636","page","type-page","status-publish","hentry"],"acf":[],"_links":{"self":[{"href":"https:\/\/www.sondermuenze.ch\/de\/wp-json\/wp\/v2\/pages\/10636","targetHints":{"allow":["GET"]}}],"collection":[{"href":"https:\/\/www.sondermuenze.ch\/de\/wp-json\/wp\/v2\/pages"}],"about":[{"href":"https:\/\/www.sondermuenze.ch\/de\/wp-json\/wp\/v2\/types\/page"}],"author":[{"embeddable":true,"href":"https:\/\/www.sondermuenze.ch\/de\/wp-json\/wp\/v2\/users\/4"}],"replies":[{"embeddable":true,"href":"https:\/\/www.sondermuenze.ch\/de\/wp-json\/wp\/v2\/comments?post=10636"}],"version-history":[{"count":4,"href":"https:\/\/www.sondermuenze.ch\/de\/wp-json\/wp\/v2\/pages\/10636\/revisions"}],"predecessor-version":[{"id":10658,"href":"https:\/\/www.sondermuenze.ch\/de\/wp-json\/wp\/v2\/pages\/10636\/revisions\/10658"}],"wp:attachment":[{"href":"https:\/\/www.sondermuenze.ch\/de\/wp-json\/wp\/v2\/media?parent=10636"}],"curies":[{"name":"wp","href":"https:\/\/api.w.org\/{rel}","templated":true}]}}